{"id":734569,"date":"2025-08-27T22:30:45","date_gmt":"2025-08-27T19:30:45","guid":{"rendered":"https:\/\/roveyayinevi.com.tr\/index.php\/urun\/marsta-yasam\/"},"modified":"2026-04-16T02:42:11","modified_gmt":"2026-04-15T23:42:11","slug":"marsta-yasam","status":"publish","type":"product","link":"https:\/\/roveyayinevi.com.tr\/index.php\/urun\/marsta-yasam\/","title":{"rendered":"Mars&#8217;ta Ya\u015fam"},"content":{"rendered":"<p>D\u00fcnya, canl\u0131lara ev sahipli\u011fi yapan tek yer olabilir mi ger\u00e7ekten? \u00d6te yandan ya\u015fam\u0131n, evrenin d\u00f6rt bir yan\u0131ndaki y\u00fcz milyarlarca y\u0131ld\u0131zda da var olmas\u0131 olas\u0131. Ya\u015fam\u0131n do\u011fu\u015fu i\u00e7in do\u011fru ortam ve gerekli temel maddeler tam olarak sa\u011flan\u0131yorsa kom\u015fumuz olan Mars\u2019ta da baz\u0131 ya\u015fam bi\u00e7imleri var olabilir. \u00dcstelik Mars\u2019ta ke\u015ffedilen ya\u015fam, d\u00fcnyadaki ya\u015famdan ba\u011f\u0131ms\u0131z bir kaynaktan geliyorsa, ya\u015fam\u0131n evrende yayg\u0131n oldu\u011fu \u00e7\u0131kar\u0131m\u0131n\u0131 g\u00f6n\u00fcl rahatl\u0131\u011f\u0131yla yapabiliriz. B\u00f6yle bir ke\u015fif s\u0131rad\u0131\u015f\u0131 olurdu. NASA, 2030\u2019lara kadar Mars y\u00f6r\u00fcngesine astronot g\u00f6ndermeyi planl\u0131yor. SpaceX, 2024\u2019e Mars\u2019a kadar gitmek istiyor; Mars One ise 2032\u2019de oraya kal\u0131c\u0131 bir yerle\u015fim kurmak istiyor. \u00c7\u00fcnk\u00fc Mars \u00f6nemli.   \u201cKapsaml\u0131, anla\u015f\u0131l\u0131r ve yal\u0131n bir dille kaleme al\u0131nan bu kitapta, K\u0131z\u0131l Gezegen\u2019de ya\u015fam olup olmad\u0131\u011f\u0131 sorusu t\u00fcm ayr\u0131nt\u0131lar\u0131yla inceleniyor.\u201d \u2013Jeffrey Kluger, TIME   \u201cWeintraub, bu \u015fa\u015f\u0131rt\u0131c\u0131 ke\u015fif hik\u00e2yesinin ayr\u0131nt\u0131lar\u0131n\u0131 bir astronomi profes\u00f6r\u00fcn\u00fcn otoritesi ve ger\u00e7ek bir inanan\u0131n co\u015fkusuyla anlat\u0131yor.\u201d \u2013Steve Donoghue, Christian Science Monitor   \u201cMars\u2019\u0131n kapsaml\u0131 bir incelemesi olan bu kitap mutlaka okunmal\u0131.\u201d \u2013Niamh Shaw, BBC Sky at Night <\/p>\n","protected":false},"excerpt":{"rendered":"<p>D\u00fcnya, canl\u0131lara ev sahipli\u011fi yapan tek yer olabilir mi ger\u00e7ekten? \u00d6te yandan ya\u015fam\u0131n, evrenin d\u00f6rt bir yan\u0131ndaki y\u00fcz milyarlarca y\u0131ld\u0131zda da var olmas\u0131 olas\u0131. Ya\u015fam\u0131n do\u011fu\u015fu<span class=\"excerpt-hellip\"> [\u2026]<\/span><\/p>\n","protected":false},"featured_media":0,"template":"","meta":{"_monsterinsights_skip_tracking":false,"_monsterinsights_sitenote_active":false,"_monsterinsights_sitenote_note":"","_monsterinsights_sitenote_category":0},"product_brand":[],"product_cat":[13005,37328],"product_tag":[],"class_list":{"0":"post-734569","1":"product","2":"type-product","3":"status-publish","5":"product_cat-bilim-muhendislik","6":"product_cat-diger-bilim-muhendislik","7":"pa_cilt-ciltsiz","8":"pa_tur-kitap","9":"pa_yayinevi-alfa-yayinlari","10":"pa_yazar-david-a-weintraub","12":"first","13":"instock","14":"sale","15":"shipping-taxable","16":"purchasable","17":"product-type-simple"},"_links":{"self":[{"href":"https:\/\/roveyayinevi.com.tr\/index.php\/wp-json\/wp\/v2\/product\/734569","targetHints":{"allow":["GET"]}}],"collection":[{"href":"https:\/\/roveyayinevi.com.tr\/index.php\/wp-json\/wp\/v2\/product"}],"about":[{"href":"https:\/\/roveyayinevi.com.tr\/index.php\/wp-json\/wp\/v2\/types\/product"}],"wp:attachment":[{"href":"https:\/\/roveyayinevi.com.tr\/index.php\/wp-json\/wp\/v2\/media?parent=734569"}],"wp:term":[{"taxonomy":"product_brand","embeddable":true,"href":"https:\/\/roveyayinevi.com.tr\/index.php\/wp-json\/wp\/v2\/product_brand?post=734569"},{"taxonomy":"product_cat","embeddable":true,"href":"https:\/\/roveyayinevi.com.tr\/index.php\/wp-json\/wp\/v2\/product_cat?post=734569"},{"taxonomy":"product_tag","embeddable":true,"href":"https:\/\/roveyayinevi.com.tr\/index.php\/wp-json\/wp\/v2\/product_tag?post=734569"}],"curies":[{"name":"wp","href":"https:\/\/api.w.org\/{rel}","templated":true}]}}