{"id":734568,"date":"2025-08-27T22:30:44","date_gmt":"2025-08-27T19:30:44","guid":{"rendered":"https:\/\/roveyayinevi.com.tr\/index.php\/urun\/uzum-gozlerinde-kaldim\/"},"modified":"2026-04-16T02:42:11","modified_gmt":"2026-04-15T23:42:11","slug":"uzum-gozlerinde-kaldim","status":"publish","type":"product","link":"https:\/\/roveyayinevi.com.tr\/index.php\/urun\/uzum-gozlerinde-kaldim\/","title":{"rendered":"\u00dcz\u00fcm G\u00f6zlerinde Kald\u0131m"},"content":{"rendered":"<p>\u201cHasretinden \u00e7atlas\u0131n H\u00fczzam \u015fark\u0131lar Suzinak \u00e7als\u0131n ak\u015famlar S\u00f6ns\u00fcn sol yan\u0131mda yang\u0131nlar. Bir \u00f6p\u00fcc\u00fck kondur Da\u011flar\u0131n ucundan Keman\u0131n tellerine Ay ays\u0131n g\u00f6nl\u00fcme.\u201d   D\u00fcr\u00fcst, yal\u0131n ve romantik anlat\u0131m\u0131yla Faz\u0131l \u00c7olak, hayat\u0131n ve a\u015fk\u0131n en g\u00fczel renklerini, y\u00fcrek s\u0131zlatan ac\u0131lar\u0131n\u0131, y\u00e2rin g\u00f6z\u00fcndeki \u0131\u015f\u0131\u011f\u0131, \u015eiraz\u2019daki sarho\u015flu\u011fu en saf haliyle dizelere aktar\u0131rken \u00dcZ\u00dcM G\u00d6ZLER\u0130NDE KALDIM, ayn\u0131 zamanda a\u015fk\u0131n naifli\u011fine dair bir hat\u0131rlatma g\u00f6revi g\u00f6r\u00fcyor. <\/p>\n","protected":false},"excerpt":{"rendered":"<p>\u201cHasretinden \u00e7atlas\u0131n H\u00fczzam \u015fark\u0131lar Suzinak \u00e7als\u0131n ak\u015famlar S\u00f6ns\u00fcn sol yan\u0131mda yang\u0131nlar. Bir \u00f6p\u00fcc\u00fck kondur Da\u011flar\u0131n ucundan Keman\u0131n tellerine Ay ays\u0131n g\u00f6nl\u00fcme.\u201d D\u00fcr\u00fcst, yal\u0131n ve romantik anlat\u0131m\u0131yla<span class=\"excerpt-hellip\"> [\u2026]<\/span><\/p>\n","protected":false},"featured_media":0,"template":"","meta":{"_monsterinsights_skip_tracking":false,"_monsterinsights_sitenote_active":false,"_monsterinsights_sitenote_note":"","_monsterinsights_sitenote_category":0},"product_brand":[],"product_cat":[12291,12509],"product_tag":[],"class_list":{"0":"post-734568","1":"product","2":"type-product","3":"status-publish","5":"product_cat-edebiyat","6":"product_cat-siir","7":"pa_cilt-ciltsiz","8":"pa_tur-kitap","9":"pa_yayinevi-destek-yayinlari","10":"pa_yazar-fazil-colak","12":"first","13":"instock","14":"sale","15":"shipping-taxable","16":"purchasable","17":"product-type-simple"},"_links":{"self":[{"href":"https:\/\/roveyayinevi.com.tr\/index.php\/wp-json\/wp\/v2\/product\/734568","targetHints":{"allow":["GET"]}}],"collection":[{"href":"https:\/\/roveyayinevi.com.tr\/index.php\/wp-json\/wp\/v2\/product"}],"about":[{"href":"https:\/\/roveyayinevi.com.tr\/index.php\/wp-json\/wp\/v2\/types\/product"}],"wp:attachment":[{"href":"https:\/\/roveyayinevi.com.tr\/index.php\/wp-json\/wp\/v2\/media?parent=734568"}],"wp:term":[{"taxonomy":"product_brand","embeddable":true,"href":"https:\/\/roveyayinevi.com.tr\/index.php\/wp-json\/wp\/v2\/product_brand?post=734568"},{"taxonomy":"product_cat","embeddable":true,"href":"https:\/\/roveyayinevi.com.tr\/index.php\/wp-json\/wp\/v2\/product_cat?post=734568"},{"taxonomy":"product_tag","embeddable":true,"href":"https:\/\/roveyayinevi.com.tr\/index.php\/wp-json\/wp\/v2\/product_tag?post=734568"}],"curies":[{"name":"wp","href":"https:\/\/api.w.org\/{rel}","templated":true}]}}