{"id":734565,"date":"2025-08-27T22:30:41","date_gmt":"2025-08-27T19:30:41","guid":{"rendered":"https:\/\/roveyayinevi.com.tr\/index.php\/urun\/sokagin-ninnisi\/"},"modified":"2026-04-16T02:42:11","modified_gmt":"2026-04-15T23:42:11","slug":"sokagin-ninnisi","status":"publish","type":"product","link":"https:\/\/roveyayinevi.com.tr\/index.php\/urun\/sokagin-ninnisi\/","title":{"rendered":"Soka\u011f\u0131n Ninnisi"},"content":{"rendered":"<p>Y\u0131rt\u0131k kazak i\u00e7inde uykusuzdur g\u00f6zler Beton bir yatak ve koynunda annesizlik \u0130ki b\u00fckl\u00fcm k\u0131vr\u0131l\u0131r ne kadar hohlasa da faydas\u0131z Bir t\u00fcrl\u00fc \u0131s\u0131nmaz yaln\u0131zl\u0131ktan \u00fc\u015f\u00fcyen elleri Melek y\u00fczl\u00fc bir hayale sar\u0131l\u0131r buruk bir tebess\u00fcmle Uyutmaz onu ne yorgun kirpikler Ne de soka\u011f\u0131n ninnisi   I\u015f\u0131klar s\u00f6ner uykuya b\u00fcr\u00fcn\u00fcr lacivert gece G\u00f6lgeler bile inzivaya \u00e7ekilir Donuk y\u00fcz\u00fcnde solgun bir d\u00fc\u015f k\u0131r\u0131kl\u0131\u011f\u0131 H\u00fczn\u00fc yorgundur \u00e7\u0131\u011fl\u0131\u011f\u0131 suskundur Ac\u0131y\u0131 nak\u015feder gecenin gergefine Uyutmaz onu ne a\u011f\u0131rla\u015fan g\u00f6z kapaklar\u0131 Ne de soka\u011f\u0131n ninnisi\u2026 <\/p>\n","protected":false},"excerpt":{"rendered":"<p>Y\u0131rt\u0131k kazak i\u00e7inde uykusuzdur g\u00f6zler Beton bir yatak ve koynunda annesizlik \u0130ki b\u00fckl\u00fcm k\u0131vr\u0131l\u0131r ne kadar hohlasa da faydas\u0131z Bir t\u00fcrl\u00fc \u0131s\u0131nmaz yaln\u0131zl\u0131ktan \u00fc\u015f\u00fcyen elleri Melek<span class=\"excerpt-hellip\"> [\u2026]<\/span><\/p>\n","protected":false},"featured_media":0,"template":"","meta":{"_monsterinsights_skip_tracking":false,"_monsterinsights_sitenote_active":false,"_monsterinsights_sitenote_note":"","_monsterinsights_sitenote_category":0},"product_brand":[],"product_cat":[12291,12509],"product_tag":[],"class_list":{"0":"post-734565","1":"product","2":"type-product","3":"status-publish","5":"product_cat-edebiyat","6":"product_cat-siir","7":"pa_cilt-ciltsiz","8":"pa_tur-kitap","9":"pa_yayinevi-kuytu-yayinlari","10":"pa_yazar-besir-citak","12":"first","13":"instock","14":"sale","15":"shipping-taxable","16":"purchasable","17":"product-type-simple"},"_links":{"self":[{"href":"https:\/\/roveyayinevi.com.tr\/index.php\/wp-json\/wp\/v2\/product\/734565","targetHints":{"allow":["GET"]}}],"collection":[{"href":"https:\/\/roveyayinevi.com.tr\/index.php\/wp-json\/wp\/v2\/product"}],"about":[{"href":"https:\/\/roveyayinevi.com.tr\/index.php\/wp-json\/wp\/v2\/types\/product"}],"wp:attachment":[{"href":"https:\/\/roveyayinevi.com.tr\/index.php\/wp-json\/wp\/v2\/media?parent=734565"}],"wp:term":[{"taxonomy":"product_brand","embeddable":true,"href":"https:\/\/roveyayinevi.com.tr\/index.php\/wp-json\/wp\/v2\/product_brand?post=734565"},{"taxonomy":"product_cat","embeddable":true,"href":"https:\/\/roveyayinevi.com.tr\/index.php\/wp-json\/wp\/v2\/product_cat?post=734565"},{"taxonomy":"product_tag","embeddable":true,"href":"https:\/\/roveyayinevi.com.tr\/index.php\/wp-json\/wp\/v2\/product_tag?post=734565"}],"curies":[{"name":"wp","href":"https:\/\/api.w.org\/{rel}","templated":true}]}}