{"id":734564,"date":"2025-08-27T22:30:40","date_gmt":"2025-08-27T19:30:40","guid":{"rendered":"https:\/\/roveyayinevi.com.tr\/index.php\/urun\/aysenin-almanya-yolculugu\/"},"modified":"2026-04-16T02:42:11","modified_gmt":"2026-04-15T23:42:11","slug":"aysenin-almanya-yolculugu","status":"publish","type":"product","link":"https:\/\/roveyayinevi.com.tr\/index.php\/urun\/aysenin-almanya-yolculugu\/","title":{"rendered":"Ay\u015fe&#8217;nin Almanya Yolculu\u011fu"},"content":{"rendered":"<p>Hikayenin finali m\u00fcthi\u015f&#8230; Sizin de okuyunca bana kat\u0131laca\u011f\u0131n\u0131z\u0131 d\u00fc\u015f\u00fcn\u00fcyorum. Gurbeti ya\u015fayan birisi Orhan Erdo\u011fan. Kendisinin de ya\u015fad\u0131\u011f\u0131 gurbeti \u00e7ok iyi anlam\u0131\u015f ve anlatm\u0131\u015f. Derin bir hikayedir gurbet. Ayr\u0131ca gurbet umuttur, gurbet macerad\u0131r, gurbet ya\u015famd\u0131r, son olarak gurbet dramd\u0131r. Ve Ay\u015fe&#8217;nin yolculu\u011funda bunlar\u0131n hepsi mevcut! Ay\u015fe&#8217;nin Yolculu\u011fu \u201ci\u00e7erden gelmi\u015f\u201d ve i\u00e7erlerde ya\u015fanm\u0131\u015f bir \u00f6yk\u00fc. Dedim ya! \u0130\u00e7er- den gelirse kalite tescillenir. Tebrikler sevgili hem\u015fehrim Orhan Erdo\u011fan&#8230;   ERDAL SARIO\u011eLU Ye\u015fil Banaz Gazetesi Sahibi <\/p>\n","protected":false},"excerpt":{"rendered":"<p>Hikayenin finali m\u00fcthi\u015f&#8230; Sizin de okuyunca bana kat\u0131laca\u011f\u0131n\u0131z\u0131 d\u00fc\u015f\u00fcn\u00fcyorum. Gurbeti ya\u015fayan birisi Orhan Erdo\u011fan. Kendisinin de ya\u015fad\u0131\u011f\u0131 gurbeti \u00e7ok iyi anlam\u0131\u015f ve anlatm\u0131\u015f. Derin bir hikayedir<span class=\"excerpt-hellip\"> [\u2026]<\/span><\/p>\n","protected":false},"featured_media":0,"template":"","meta":{"_monsterinsights_skip_tracking":false,"_monsterinsights_sitenote_active":false,"_monsterinsights_sitenote_note":"","_monsterinsights_sitenote_category":0},"product_brand":[],"product_cat":[12291,12711],"product_tag":[],"class_list":{"0":"post-734564","1":"product","2":"type-product","3":"status-publish","5":"product_cat-edebiyat","6":"product_cat-roman-oyku","7":"pa_cilt-ciltsiz","8":"pa_tur-kitap","9":"pa_yayinevi-kuytu-yayinlari","10":"pa_yazar-orhan-erdogan","12":"first","13":"instock","14":"sale","15":"shipping-taxable","16":"purchasable","17":"product-type-simple"},"_links":{"self":[{"href":"https:\/\/roveyayinevi.com.tr\/index.php\/wp-json\/wp\/v2\/product\/734564","targetHints":{"allow":["GET"]}}],"collection":[{"href":"https:\/\/roveyayinevi.com.tr\/index.php\/wp-json\/wp\/v2\/product"}],"about":[{"href":"https:\/\/roveyayinevi.com.tr\/index.php\/wp-json\/wp\/v2\/types\/product"}],"wp:attachment":[{"href":"https:\/\/roveyayinevi.com.tr\/index.php\/wp-json\/wp\/v2\/media?parent=734564"}],"wp:term":[{"taxonomy":"product_brand","embeddable":true,"href":"https:\/\/roveyayinevi.com.tr\/index.php\/wp-json\/wp\/v2\/product_brand?post=734564"},{"taxonomy":"product_cat","embeddable":true,"href":"https:\/\/roveyayinevi.com.tr\/index.php\/wp-json\/wp\/v2\/product_cat?post=734564"},{"taxonomy":"product_tag","embeddable":true,"href":"https:\/\/roveyayinevi.com.tr\/index.php\/wp-json\/wp\/v2\/product_tag?post=734564"}],"curies":[{"name":"wp","href":"https:\/\/api.w.org\/{rel}","templated":true}]}}