{"id":734563,"date":"2025-08-27T22:30:39","date_gmt":"2025-08-27T19:30:39","guid":{"rendered":"https:\/\/roveyayinevi.com.tr\/index.php\/urun\/son-guz-atesi\/"},"modified":"2026-04-16T02:42:11","modified_gmt":"2026-04-15T23:42:11","slug":"son-guz-atesi","status":"publish","type":"product","link":"https:\/\/roveyayinevi.com.tr\/index.php\/urun\/son-guz-atesi\/","title":{"rendered":"Son G\u00fcz Ate\u015fi"},"content":{"rendered":"<p>M.S. 1082; Alamut Kalesini ele ge\u00e7iren Hasan Sabbah Sel\u00e7uklular\u0131n iki b\u00fcy\u00fck sald\u0131r\u0131s\u0131n\u0131 atlatt\u0131ktan sonra geni\u015f bir \u00fclkenin topraklar\u0131na g\u00f6z dikmi\u015ftir. Bu \u00fclke bug\u00fcn \u0130ran s\u0131n\u0131rlar\u0131 i\u00e7erisinde olan Kir- man\u2019d\u0131r.   Kirman\u2019a dai ve fedailerini y\u0131\u011farak \u00fclkeyi ele ge\u00e7irme yolunda epey mesafe kat eden Hasan Sabbah\u2019\u0131n kimseye ac\u0131maya niyeti yoktur. Bu y\u00fczden Hasan Sabbah\u2019a kar\u015f\u0131 koymak i\u00e7in \u00f6rg\u00fctlenen halk ile Ha\u015fha\u015filer aras\u0131nda kanl\u0131 bir hesapla\u015fma ka\u00e7\u0131n\u0131lmaz g\u00f6z\u00fckmektedir.   Kirman korkun\u00e7 sona do\u011fru h\u0131zla giderken, acaba kahraman\u0131m\u0131z Berdesirli Arslan ve dostlar\u0131 bu gidi- \u015fata dur diyerek, vatan\u0131n\u0131 kurtarabilecekler mi?   Bu sorunun cevab\u0131n\u0131 bu kitapta bulacaks\u0131n\u0131z.   M.S. 1082 ve 1101 y\u0131llar\u0131 aras\u0131nda Kirman \u00fclkesinde ya\u015fanan ger\u00e7ek olaylardan yola \u00e7\u0131k\u0131larak haz\u0131r- lanan bu kitap tarihe \u0131\u015f\u0131k tutacak \u00f6nemli bilgiler ta\u015f\u0131maktad\u0131r. <\/p>\n","protected":false},"excerpt":{"rendered":"<p>M.S. 1082; Alamut Kalesini ele ge\u00e7iren Hasan Sabbah Sel\u00e7uklular\u0131n iki b\u00fcy\u00fck sald\u0131r\u0131s\u0131n\u0131 atlatt\u0131ktan sonra geni\u015f bir \u00fclkenin topraklar\u0131na g\u00f6z dikmi\u015ftir. Bu \u00fclke bug\u00fcn \u0130ran s\u0131n\u0131rlar\u0131 i\u00e7erisinde<span class=\"excerpt-hellip\"> [\u2026]<\/span><\/p>\n","protected":false},"featured_media":0,"template":"","meta":{"_monsterinsights_skip_tracking":false,"_monsterinsights_sitenote_active":false,"_monsterinsights_sitenote_note":"","_monsterinsights_sitenote_category":0},"product_brand":[],"product_cat":[12291,12745],"product_tag":[],"class_list":{"0":"post-734563","1":"product","2":"type-product","3":"status-publish","5":"product_cat-edebiyat","6":"product_cat-tarihi-roman","7":"pa_cilt-ciltsiz","8":"pa_tur-kitap","9":"pa_yayinevi-kuytu-yayinlari","10":"pa_yazar-nevzat-ocak","12":"first","13":"instock","14":"sale","15":"shipping-taxable","16":"purchasable","17":"product-type-simple"},"_links":{"self":[{"href":"https:\/\/roveyayinevi.com.tr\/index.php\/wp-json\/wp\/v2\/product\/734563","targetHints":{"allow":["GET"]}}],"collection":[{"href":"https:\/\/roveyayinevi.com.tr\/index.php\/wp-json\/wp\/v2\/product"}],"about":[{"href":"https:\/\/roveyayinevi.com.tr\/index.php\/wp-json\/wp\/v2\/types\/product"}],"wp:attachment":[{"href":"https:\/\/roveyayinevi.com.tr\/index.php\/wp-json\/wp\/v2\/media?parent=734563"}],"wp:term":[{"taxonomy":"product_brand","embeddable":true,"href":"https:\/\/roveyayinevi.com.tr\/index.php\/wp-json\/wp\/v2\/product_brand?post=734563"},{"taxonomy":"product_cat","embeddable":true,"href":"https:\/\/roveyayinevi.com.tr\/index.php\/wp-json\/wp\/v2\/product_cat?post=734563"},{"taxonomy":"product_tag","embeddable":true,"href":"https:\/\/roveyayinevi.com.tr\/index.php\/wp-json\/wp\/v2\/product_tag?post=734563"}],"curies":[{"name":"wp","href":"https:\/\/api.w.org\/{rel}","templated":true}]}}