{"id":734560,"date":"2025-08-27T22:30:37","date_gmt":"2025-08-27T19:30:37","guid":{"rendered":"https:\/\/roveyayinevi.com.tr\/index.php\/urun\/turkiyenin-kardes-sehirleri\/"},"modified":"2026-04-16T02:42:11","modified_gmt":"2026-04-15T23:42:11","slug":"turkiyenin-kardes-sehirleri","status":"publish","type":"product","link":"https:\/\/roveyayinevi.com.tr\/index.php\/urun\/turkiyenin-kardes-sehirleri\/","title":{"rendered":"T\u00fcrkiye&#8217;nin Karde\u015f \u015eehirleri"},"content":{"rendered":"<p>T\u00fcrkiye\u2019nin karde\u015f \u015fehir ili\u015fkilerini ulusal ve uluslararas\u0131 \u00f6l\u00e7ekte bir b\u00fct\u00fcn olarak ele alan ara\u015ft\u0131rmalar\u0131n eksikli\u011fi nedeniyle, bu \u00e7al\u0131\u015fmada T\u00fcrkiye\u2019nin karde\u015f \u015fehirleri b\u00fct\u00fcnc\u00fcl bir yakla\u015f\u0131mla ele al\u0131narak, kapsaml\u0131 bir \u015fekilde de\u011ferlendirilmesi hedeflenmi\u015ftir. Kitap, giri\u015f ve sonu\u00e7 b\u00f6l\u00fcm\u00fc d\u0131\u015f\u0131nda d\u00f6rt b\u00f6l\u00fcmden olu\u015fmaktad\u0131r. Kitab\u0131n ilk b\u00f6l\u00fcm\u00fcnde karde\u015f \u015fehir olgusunun d\u00fcnyada ortaya \u00e7\u0131k\u0131\u015f\u0131 ve geli\u015fimi, T\u00fcrkiye\u2019de karde\u015f \u015fehir ili\u015fkilerinin a\u015famalar\u0131 ile birlikte a\u00e7\u0131klanmaktad\u0131r. \u0130kinci b\u00f6l\u00fcmde ise karde\u015f \u015fehir ba\u011flant\u0131lar\u0131ndaki d\u00f6nemsel ve mek\u00e2nsal \u00f6zellikler, baz\u0131 perspektiflere (tarihsel, k\u00fclt\u00fcrel, co\u011frafi, ekonomik ve politik) g\u00f6re ele al\u0131narak, konuyu a\u00e7\u0131klay\u0131c\u0131 haritalar, grafikler ve tablolar e\u015fli\u011finde sunulmu\u015ftur. Kitab\u0131n \u00fc\u00e7\u00fcnc\u00fc b\u00f6l\u00fcm\u00fcnde, T\u00fcrkiye\u2019deki belediyelerin karde\u015f \u015fehir anla\u015fmalar\u0131nda tercihlerini belirleyici fakt\u00f6rler de\u011ferlendirilmektedir. \u00c7al\u0131\u015fman\u0131n d\u00f6rd\u00fcnc\u00fc ve son b\u00f6l\u00fcm\u00fcnde ise sonland\u0131r\u0131lan ya da verimsiz karde\u015f \u015fehir ili\u015fkileri \u00fczerinde etkili olan fakt\u00f6rler de\u011ferlendirilmi\u015f; T\u00fcrkiye\u2019nin karde\u015f \u015fehir potansiyeline dikkat \u00e7ekilerek, karde\u015f \u015fehir ili\u015fkilerinden etkin ve verimli yararlanma hedefi i\u00e7in \u00f6neriler sunulmu\u015ftur. <\/p>\n","protected":false},"excerpt":{"rendered":"<p>T\u00fcrkiye\u2019nin karde\u015f \u015fehir ili\u015fkilerini ulusal ve uluslararas\u0131 \u00f6l\u00e7ekte bir b\u00fct\u00fcn olarak ele alan ara\u015ft\u0131rmalar\u0131n eksikli\u011fi nedeniyle, bu \u00e7al\u0131\u015fmada T\u00fcrkiye\u2019nin karde\u015f \u015fehirleri b\u00fct\u00fcnc\u00fcl bir yakla\u015f\u0131mla ele al\u0131narak,<span class=\"excerpt-hellip\"> [\u2026]<\/span><\/p>\n","protected":false},"featured_media":0,"template":"","meta":{"_monsterinsights_skip_tracking":false,"_monsterinsights_sitenote_active":false,"_monsterinsights_sitenote_note":"","_monsterinsights_sitenote_category":0},"product_brand":[],"product_cat":[12337,17225],"product_tag":[],"class_list":{"0":"post-734560","1":"product","2":"type-product","3":"status-publish","5":"product_cat-politika-siyaset","6":"product_cat-uluslararasi-iliskiler","7":"pa_cilt-ciltsiz","8":"pa_tur-kitap","9":"pa_yayinevi-tiav","10":"pa_yazar-arda-bay-vedat-caliskan","12":"first","13":"instock","14":"sale","15":"shipping-taxable","16":"purchasable","17":"product-type-simple"},"_links":{"self":[{"href":"https:\/\/roveyayinevi.com.tr\/index.php\/wp-json\/wp\/v2\/product\/734560","targetHints":{"allow":["GET"]}}],"collection":[{"href":"https:\/\/roveyayinevi.com.tr\/index.php\/wp-json\/wp\/v2\/product"}],"about":[{"href":"https:\/\/roveyayinevi.com.tr\/index.php\/wp-json\/wp\/v2\/types\/product"}],"wp:attachment":[{"href":"https:\/\/roveyayinevi.com.tr\/index.php\/wp-json\/wp\/v2\/media?parent=734560"}],"wp:term":[{"taxonomy":"product_brand","embeddable":true,"href":"https:\/\/roveyayinevi.com.tr\/index.php\/wp-json\/wp\/v2\/product_brand?post=734560"},{"taxonomy":"product_cat","embeddable":true,"href":"https:\/\/roveyayinevi.com.tr\/index.php\/wp-json\/wp\/v2\/product_cat?post=734560"},{"taxonomy":"product_tag","embeddable":true,"href":"https:\/\/roveyayinevi.com.tr\/index.php\/wp-json\/wp\/v2\/product_tag?post=734560"}],"curies":[{"name":"wp","href":"https:\/\/api.w.org\/{rel}","templated":true}]}}