{"id":734558,"date":"2025-08-27T22:30:35","date_gmt":"2025-08-27T19:30:35","guid":{"rendered":"https:\/\/roveyayinevi.com.tr\/index.php\/urun\/hafizasini-kaybeden-fil\/"},"modified":"2026-04-16T02:42:11","modified_gmt":"2026-04-15T23:42:11","slug":"hafizasini-kaybeden-fil","status":"publish","type":"product","link":"https:\/\/roveyayinevi.com.tr\/index.php\/urun\/hafizasini-kaybeden-fil\/","title":{"rendered":"Haf\u0131zas\u0131n\u0131 Kaybeden Fil"},"content":{"rendered":"<p>&#8220;Hat\u0131ralar kim oldu\u011funu sana daima hat\u0131rlat\u0131r.&#8221;Ako bir g\u00fcn yolda y\u00fcr\u00fcrken a\u011flayan bir file rastlar. Filin \u00e7ok b\u00fcy\u00fck bir derdi vard\u0131r. Hi\u00e7bir \u015fey hat\u0131rlam\u0131yordur. Ako ona yard\u0131m etmeye \u00e7al\u0131\u015f\u0131r, acaba fil her \u015feyi tekrar hat\u0131rlayabilecek mi? Haf\u0131zas\u0131n\u0131 Kaybeden Fil haf\u0131zan\u0131n, an\u0131lar\u0131n, ailenin \u00f6nemine dair dokunakl\u0131 bir resimli kitap.<\/p>\n","protected":false},"excerpt":{"rendered":"<p>&#8220;Hat\u0131ralar kim oldu\u011funu sana daima hat\u0131rlat\u0131r.&#8221;Ako bir g\u00fcn yolda y\u00fcr\u00fcrken a\u011flayan bir file rastlar. Filin \u00e7ok b\u00fcy\u00fck bir derdi vard\u0131r. Hi\u00e7bir \u015fey hat\u0131rlam\u0131yordur. Ako ona yard\u0131m<span class=\"excerpt-hellip\"> [\u2026]<\/span><\/p>\n","protected":false},"featured_media":0,"template":"","meta":{"_monsterinsights_skip_tracking":false,"_monsterinsights_sitenote_active":false,"_monsterinsights_sitenote_note":"","_monsterinsights_sitenote_category":0},"product_brand":[],"product_cat":[12274,12284],"product_tag":[],"class_list":{"0":"post-734558","1":"product","2":"type-product","3":"status-publish","5":"product_cat-cocuk-ve-genclik-kitaplari","6":"product_cat-hikayeler","7":"pa_cilt-ciltsiz","8":"pa_tur-kitap","9":"pa_yayinevi-ketebe-yayinlari","10":"pa_yazar-maria-giron","12":"first","13":"instock","14":"sale","15":"shipping-taxable","16":"purchasable","17":"product-type-simple"},"_links":{"self":[{"href":"https:\/\/roveyayinevi.com.tr\/index.php\/wp-json\/wp\/v2\/product\/734558","targetHints":{"allow":["GET"]}}],"collection":[{"href":"https:\/\/roveyayinevi.com.tr\/index.php\/wp-json\/wp\/v2\/product"}],"about":[{"href":"https:\/\/roveyayinevi.com.tr\/index.php\/wp-json\/wp\/v2\/types\/product"}],"wp:attachment":[{"href":"https:\/\/roveyayinevi.com.tr\/index.php\/wp-json\/wp\/v2\/media?parent=734558"}],"wp:term":[{"taxonomy":"product_brand","embeddable":true,"href":"https:\/\/roveyayinevi.com.tr\/index.php\/wp-json\/wp\/v2\/product_brand?post=734558"},{"taxonomy":"product_cat","embeddable":true,"href":"https:\/\/roveyayinevi.com.tr\/index.php\/wp-json\/wp\/v2\/product_cat?post=734558"},{"taxonomy":"product_tag","embeddable":true,"href":"https:\/\/roveyayinevi.com.tr\/index.php\/wp-json\/wp\/v2\/product_tag?post=734558"}],"curies":[{"name":"wp","href":"https:\/\/api.w.org\/{rel}","templated":true}]}}