{"id":734557,"date":"2025-08-27T22:30:34","date_gmt":"2025-08-27T19:30:34","guid":{"rendered":"https:\/\/roveyayinevi.com.tr\/index.php\/urun\/nadirane-gonul-sozu\/"},"modified":"2026-04-16T02:42:11","modified_gmt":"2026-04-15T23:42:11","slug":"nadirane-gonul-sozu","status":"publish","type":"product","link":"https:\/\/roveyayinevi.com.tr\/index.php\/urun\/nadirane-gonul-sozu\/","title":{"rendered":"Nadirane G\u00f6n\u00fcl S\u00f6z\u00fc"},"content":{"rendered":"<p>Bir evlad\u0131n babas\u0131n\u0131n \u00f6l\u00fcm\u00fcnden sonra babas\u0131na atfen bir \u015fiir kitab\u0131 yazmas\u0131 \u015fiirin tac\u0131, ac\u0131n\u0131n vicdan\u0131d\u0131r. Bir baba \u00f6l\u00fcm\u00fc nas\u0131l kanar insanda? M\u0131sra m\u0131sra koparak ve sonras\u0131nda alev alev yanarak\u2026 Rukiye Nazarlouy, inim inim destanlar s\u00f6ylemeyi ba\u015fararak, baba kayb\u0131ndan bir \u015faheser \u00e7\u0131karm\u0131\u015ft\u0131r. Ali U\u011fur G\u00fcndem * * * * * Baba, ruhun \u00e7\u0131ras\u0131d\u0131r. Baba, karakterimizin aynas\u0131d\u0131r. Baba, idrakimizi giydiren \u0130dris\u2019tir. Baba, oca\u011f\u0131m\u0131z\u0131 s\u00f6nd\u00fcrmeyen g\u00fcven ate\u015fidir. Baba, s\u0131\u011f\u0131n\u0131\u015flar\u0131m\u0131z\u0131n en b\u00fcy\u00fck ve b\u00fcy\u00fcl\u00fc surudur. Baba, bitmeyen derin okuludur. Baba, her duygumuzun bayra\u011f\u0131d\u0131r. Baba, duru\u015f, asalet, gelenek, hayata bak\u0131\u015ft\u0131r. Bu bayrak alt\u0131nda dalgalan\u0131r \u00f6mr\u00fcm\u00fcz\u2026 Babam, \u015fiirimdir. Babam, yar\u0131m kalm\u0131\u015f hasret \u015fiirimdir. Babam, her dizemde kutsal bir \u00e7\u0131nard\u0131r. Ben bu \u00e7\u0131nar\u0131n dal\u0131nda h\u00fcz\u00fcnl\u00fc ku\u015ftum. \u015eiirlerimle babama yuva yapt\u0131m. Hayata tutunu\u015f kanad\u0131m b\u00f6yle dizelerle akt\u0131.   Hayrettin Taylan <\/p>\n","protected":false},"excerpt":{"rendered":"<p>Bir evlad\u0131n babas\u0131n\u0131n \u00f6l\u00fcm\u00fcnden sonra babas\u0131na atfen bir \u015fiir kitab\u0131 yazmas\u0131 \u015fiirin tac\u0131, ac\u0131n\u0131n vicdan\u0131d\u0131r. Bir baba \u00f6l\u00fcm\u00fc nas\u0131l kanar insanda? M\u0131sra m\u0131sra koparak ve sonras\u0131nda<span class=\"excerpt-hellip\"> [\u2026]<\/span><\/p>\n","protected":false},"featured_media":0,"template":"","meta":{"_monsterinsights_skip_tracking":false,"_monsterinsights_sitenote_active":false,"_monsterinsights_sitenote_note":"","_monsterinsights_sitenote_category":0},"product_brand":[],"product_cat":[12291,12509],"product_tag":[],"class_list":{"0":"post-734557","1":"product","2":"type-product","3":"status-publish","5":"product_cat-edebiyat","6":"product_cat-siir","7":"pa_cilt-ciltsiz","8":"pa_tur-kitap","9":"pa_yayinevi-cinaralti-yayinlari","10":"pa_yazar-roghiyeh-nazarlouy","12":"first","13":"instock","14":"sale","15":"shipping-taxable","16":"purchasable","17":"product-type-simple"},"_links":{"self":[{"href":"https:\/\/roveyayinevi.com.tr\/index.php\/wp-json\/wp\/v2\/product\/734557","targetHints":{"allow":["GET"]}}],"collection":[{"href":"https:\/\/roveyayinevi.com.tr\/index.php\/wp-json\/wp\/v2\/product"}],"about":[{"href":"https:\/\/roveyayinevi.com.tr\/index.php\/wp-json\/wp\/v2\/types\/product"}],"wp:attachment":[{"href":"https:\/\/roveyayinevi.com.tr\/index.php\/wp-json\/wp\/v2\/media?parent=734557"}],"wp:term":[{"taxonomy":"product_brand","embeddable":true,"href":"https:\/\/roveyayinevi.com.tr\/index.php\/wp-json\/wp\/v2\/product_brand?post=734557"},{"taxonomy":"product_cat","embeddable":true,"href":"https:\/\/roveyayinevi.com.tr\/index.php\/wp-json\/wp\/v2\/product_cat?post=734557"},{"taxonomy":"product_tag","embeddable":true,"href":"https:\/\/roveyayinevi.com.tr\/index.php\/wp-json\/wp\/v2\/product_tag?post=734557"}],"curies":[{"name":"wp","href":"https:\/\/api.w.org\/{rel}","templated":true}]}}