{"id":734556,"date":"2025-08-27T22:30:33","date_gmt":"2025-08-27T19:30:33","guid":{"rendered":"https:\/\/roveyayinevi.com.tr\/index.php\/urun\/kitap-ve-okuma-bilinci\/"},"modified":"2026-04-12T02:49:30","modified_gmt":"2026-04-11T23:49:30","slug":"kitap-ve-okuma-bilinci","status":"publish","type":"product","link":"https:\/\/roveyayinevi.com.tr\/index.php\/urun\/kitap-ve-okuma-bilinci\/","title":{"rendered":"Kitap ve Okuma Bilinci"},"content":{"rendered":"<p>Bizi cehaletten kurtaracak imk\u00e2n kitap, mek\u00e2n k\u00fct\u00fcphane, zaman ise okuma an\u0131d\u0131r. Bizi kurtaracak ki\u015fi de bu de\u011ferlerin fark\u0131nda olup onlar\u0131 yerinde kullanan ki\u015fidir. D\u00fcn hep b\u00f6yle olmu\u015ftur, bug\u00fcn de yar\u0131n da b\u00f6yle olacakt\u0131r; olmak zorundad\u0131r. Okumak; tazelenmek, yeniden kendine gelmek, kendini hat\u0131rlamak, kendini ke\u015ffetmektir. Okumak; Allah\u2019\u0131n ilk ferman\u0131 \u201cOku!\u201d emrine \u201cLebbeyk\u201d diye cevap vermektir. Okumak; hayat\u0131 anlams\u0131zla\u015ft\u0131rmaktan kurtar\u0131p anlam d\u00fcnyas\u0131nda huzur ve mutluluk bulmakt\u0131r; Okumak; ge\u00e7mi\u015ftir, and\u0131r, gelecektir. Bana \u201cOkumak ne demektir?\u201d diye sorsalar, cevab\u0131m sadece iki kelime olur: \u201cNe de\u011fildir ki?\u201d Kitap ve okumaya dair detayl\u0131 bir okuma yapmaya haz\u0131r m\u0131s\u0131n\u0131z?<\/p>\n","protected":false},"excerpt":{"rendered":"<p>Bizi cehaletten kurtaracak imk\u00e2n kitap, mek\u00e2n k\u00fct\u00fcphane, zaman ise okuma an\u0131d\u0131r. Bizi kurtaracak ki\u015fi de bu de\u011ferlerin fark\u0131nda olup onlar\u0131 yerinde kullanan ki\u015fidir. D\u00fcn hep b\u00f6yle<span class=\"excerpt-hellip\"> [\u2026]<\/span><\/p>\n","protected":false},"featured_media":0,"template":"","meta":{"_monsterinsights_skip_tracking":false,"_monsterinsights_sitenote_active":false,"_monsterinsights_sitenote_note":"","_monsterinsights_sitenote_category":0},"product_brand":[],"product_cat":[12364,12376],"product_tag":[],"class_list":{"0":"post-734556","1":"product","2":"type-product","3":"status-publish","5":"product_cat-genel-konular","6":"product_cat-kisisel-gelisim","7":"pa_cilt-ciltsiz","8":"pa_tur-kitap","9":"pa_yayinevi-cinaralti-yayinlari","10":"pa_yazar-abdulkerim-eviz","12":"first","13":"instock","14":"sale","15":"shipping-taxable","16":"purchasable","17":"product-type-simple"},"_links":{"self":[{"href":"https:\/\/roveyayinevi.com.tr\/index.php\/wp-json\/wp\/v2\/product\/734556","targetHints":{"allow":["GET"]}}],"collection":[{"href":"https:\/\/roveyayinevi.com.tr\/index.php\/wp-json\/wp\/v2\/product"}],"about":[{"href":"https:\/\/roveyayinevi.com.tr\/index.php\/wp-json\/wp\/v2\/types\/product"}],"wp:attachment":[{"href":"https:\/\/roveyayinevi.com.tr\/index.php\/wp-json\/wp\/v2\/media?parent=734556"}],"wp:term":[{"taxonomy":"product_brand","embeddable":true,"href":"https:\/\/roveyayinevi.com.tr\/index.php\/wp-json\/wp\/v2\/product_brand?post=734556"},{"taxonomy":"product_cat","embeddable":true,"href":"https:\/\/roveyayinevi.com.tr\/index.php\/wp-json\/wp\/v2\/product_cat?post=734556"},{"taxonomy":"product_tag","embeddable":true,"href":"https:\/\/roveyayinevi.com.tr\/index.php\/wp-json\/wp\/v2\/product_tag?post=734556"}],"curies":[{"name":"wp","href":"https:\/\/api.w.org\/{rel}","templated":true}]}}