{"id":734554,"date":"2025-08-27T22:30:31","date_gmt":"2025-08-27T19:30:31","guid":{"rendered":"https:\/\/roveyayinevi.com.tr\/index.php\/urun\/goge-yukselen-cinar\/"},"modified":"2026-04-16T02:42:11","modified_gmt":"2026-04-15T23:42:11","slug":"goge-yukselen-cinar","status":"publish","type":"product","link":"https:\/\/roveyayinevi.com.tr\/index.php\/urun\/goge-yukselen-cinar\/","title":{"rendered":"G\u00f6\u011fe Y\u00fckselen \u00c7\u0131nar"},"content":{"rendered":"<p>Hat\u0131ralar\u0131n\u0131z aras\u0131nda \u00e7ocuklu\u011funuza dair neler var? \u00c7ocuk ya\u015fta bir hayal kurup \u00e7ocuk\u00e7a duygularla onu ger\u00e7ekle\u015ftirmeye \u00e7al\u0131\u015ft\u0131n\u0131z m\u0131? B\u00fct\u00fcn bir y\u0131l\u0131, kurdu\u011funuz hayalin ger\u00e7ekle\u015fece\u011fi g\u00fcn\u00fc beklemekle ge\u00e7irdi\u011finiz oldu mu? Hayalinizin pe\u015finde ko\u015farken yeni \u015feyler ke\u015ffetti\u011finizde neler hissettiniz? Hi\u00e7 keklik yuvas\u0131 g\u00f6rd\u00fcn\u00fcz m\u00fc? Tarhana, pekmez ve ni\u015fasta yap\u0131m\u0131na \u015fahit oldunuz mu? Ar\u0131l\u0131kduruluk nedir, bilir misiniz? Do\u011fa ile i\u00e7 i\u00e7e olmaktan duydu\u011funuz sevinci g\u00f6\u011fe y\u00fckselen dev \u00e7\u0131nar\u0131n dallar\u0131ndan y\u00fcce da\u011flara hayk\u0131rd\u0131n\u0131z m\u0131? Cevab\u0131n\u0131z \u201chay\u0131r\u201d ise s\u0131cac\u0131k ve ger\u00e7ek bir \u00f6yk\u00fcn\u00fcn ak\u0131\u015f\u0131na kendinizi b\u0131rakmaya ne dersiniz\u2026 Haydi! Bir \u00e7ocu\u011fun yaz tatili maceras\u0131na ve hayalini ger\u00e7ekle\u015ftirmesine birlikte \u015fahitlik edelim. <\/p>\n","protected":false},"excerpt":{"rendered":"<p>Hat\u0131ralar\u0131n\u0131z aras\u0131nda \u00e7ocuklu\u011funuza dair neler var? \u00c7ocuk ya\u015fta bir hayal kurup \u00e7ocuk\u00e7a duygularla onu ger\u00e7ekle\u015ftirmeye \u00e7al\u0131\u015ft\u0131n\u0131z m\u0131? B\u00fct\u00fcn bir y\u0131l\u0131, kurdu\u011funuz hayalin ger\u00e7ekle\u015fece\u011fi g\u00fcn\u00fc beklemekle ge\u00e7irdi\u011finiz<span class=\"excerpt-hellip\"> [\u2026]<\/span><\/p>\n","protected":false},"featured_media":0,"template":"","meta":{"_monsterinsights_skip_tracking":false,"_monsterinsights_sitenote_active":false,"_monsterinsights_sitenote_note":"","_monsterinsights_sitenote_category":0},"product_brand":[],"product_cat":[12275,12274],"product_tag":[],"class_list":{"0":"post-734554","1":"product","2":"type-product","3":"status-publish","5":"product_cat-6-12-yas-kitaplari","6":"product_cat-cocuk-ve-genclik-kitaplari","7":"pa_cilt-ciltsiz","8":"pa_tur-kitap","9":"pa_yayinevi-cinaralti-yayinlari","10":"pa_yazar-alpaslan-demir","12":"first","13":"instock","14":"sale","15":"shipping-taxable","16":"purchasable","17":"product-type-simple"},"_links":{"self":[{"href":"https:\/\/roveyayinevi.com.tr\/index.php\/wp-json\/wp\/v2\/product\/734554","targetHints":{"allow":["GET"]}}],"collection":[{"href":"https:\/\/roveyayinevi.com.tr\/index.php\/wp-json\/wp\/v2\/product"}],"about":[{"href":"https:\/\/roveyayinevi.com.tr\/index.php\/wp-json\/wp\/v2\/types\/product"}],"wp:attachment":[{"href":"https:\/\/roveyayinevi.com.tr\/index.php\/wp-json\/wp\/v2\/media?parent=734554"}],"wp:term":[{"taxonomy":"product_brand","embeddable":true,"href":"https:\/\/roveyayinevi.com.tr\/index.php\/wp-json\/wp\/v2\/product_brand?post=734554"},{"taxonomy":"product_cat","embeddable":true,"href":"https:\/\/roveyayinevi.com.tr\/index.php\/wp-json\/wp\/v2\/product_cat?post=734554"},{"taxonomy":"product_tag","embeddable":true,"href":"https:\/\/roveyayinevi.com.tr\/index.php\/wp-json\/wp\/v2\/product_tag?post=734554"}],"curies":[{"name":"wp","href":"https:\/\/api.w.org\/{rel}","templated":true}]}}