{"id":734552,"date":"2025-08-27T22:30:29","date_gmt":"2025-08-27T19:30:29","guid":{"rendered":"https:\/\/roveyayinevi.com.tr\/index.php\/urun\/avaz-3\/"},"modified":"2026-04-16T02:42:11","modified_gmt":"2026-04-15T23:42:11","slug":"avaz-3","status":"publish","type":"product","link":"https:\/\/roveyayinevi.com.tr\/index.php\/urun\/avaz-3\/","title":{"rendered":"Avaz"},"content":{"rendered":"<p>Asl\u0131\u2019s\u0131n\u0131, kitaplar\u0131n\u0131, \u00e7ay oca\u011f\u0131ndaki k\u00f6\u015fesini, sahildeki bank\u0131, kordondaki \u00e7ayc\u0131y\u0131, mahallenin \u00e7ocuklar\u0131n\u0131, Osman amcas\u0131n\u0131 yar\u0131m b\u0131rak\u0131p gizemli bir \u015fekilde ortadan kaybolan ve sevdas\u0131ndan vazge\u00e7en Mert\u2026 \u201cYar\u0131m g\u00fcl\u00fc\u015f\u00fcme tan\u0131kl\u0131k etti\u011fin g\u00fcnden beri tebess\u00fcm\u00fcn ad\u0131n\u0131 unuttum. \u00d6zlemenin sevdaya dair bir \u015fey oldu\u011funu sende \u00f6\u011frendim.\u201d diyen ve \u015eiir Adam\u2019\u0131n gidi\u015fiyle avaz avaz ak\u0131p giden ac\u0131lar\u0131n\u0131 hangi mihenge vuraca\u011f\u0131n\u0131 bilemeyen Asl\u0131\u2026 G\u00f6z\u00fc ne servette ne devlette, g\u00f6z\u00fc marifette olan ve marifeti arayan Sancar\u2026 \u201cBir umudum var yal\u0131n avaza boyanm\u0131\u015f; sana, bana, vatana, dair&#8230;\u201d diyen bir sese kulak vermeye haz\u0131r m\u0131s\u0131n\u0131z?<\/p>\n","protected":false},"excerpt":{"rendered":"<p>Asl\u0131\u2019s\u0131n\u0131, kitaplar\u0131n\u0131, \u00e7ay oca\u011f\u0131ndaki k\u00f6\u015fesini, sahildeki bank\u0131, kordondaki \u00e7ayc\u0131y\u0131, mahallenin \u00e7ocuklar\u0131n\u0131, Osman amcas\u0131n\u0131 yar\u0131m b\u0131rak\u0131p gizemli bir \u015fekilde ortadan kaybolan ve sevdas\u0131ndan vazge\u00e7en Mert\u2026 \u201cYar\u0131m g\u00fcl\u00fc\u015f\u00fcme<span class=\"excerpt-hellip\"> [\u2026]<\/span><\/p>\n","protected":false},"featured_media":0,"template":"","meta":{"_monsterinsights_skip_tracking":false,"_monsterinsights_sitenote_active":false,"_monsterinsights_sitenote_note":"","_monsterinsights_sitenote_category":0},"product_brand":[],"product_cat":[12291,12711],"product_tag":[],"class_list":{"0":"post-734552","1":"product","2":"type-product","3":"status-publish","5":"product_cat-edebiyat","6":"product_cat-roman-oyku","7":"pa_cilt-ciltsiz","8":"pa_tur-kitap","9":"pa_yayinevi-cinaralti-yayinlari","10":"pa_yazar-guven-kemerkaya","12":"first","13":"instock","14":"sale","15":"shipping-taxable","16":"purchasable","17":"product-type-simple"},"_links":{"self":[{"href":"https:\/\/roveyayinevi.com.tr\/index.php\/wp-json\/wp\/v2\/product\/734552","targetHints":{"allow":["GET"]}}],"collection":[{"href":"https:\/\/roveyayinevi.com.tr\/index.php\/wp-json\/wp\/v2\/product"}],"about":[{"href":"https:\/\/roveyayinevi.com.tr\/index.php\/wp-json\/wp\/v2\/types\/product"}],"wp:attachment":[{"href":"https:\/\/roveyayinevi.com.tr\/index.php\/wp-json\/wp\/v2\/media?parent=734552"}],"wp:term":[{"taxonomy":"product_brand","embeddable":true,"href":"https:\/\/roveyayinevi.com.tr\/index.php\/wp-json\/wp\/v2\/product_brand?post=734552"},{"taxonomy":"product_cat","embeddable":true,"href":"https:\/\/roveyayinevi.com.tr\/index.php\/wp-json\/wp\/v2\/product_cat?post=734552"},{"taxonomy":"product_tag","embeddable":true,"href":"https:\/\/roveyayinevi.com.tr\/index.php\/wp-json\/wp\/v2\/product_tag?post=734552"}],"curies":[{"name":"wp","href":"https:\/\/api.w.org\/{rel}","templated":true}]}}