{"id":734551,"date":"2025-08-27T22:30:28","date_gmt":"2025-08-27T19:30:28","guid":{"rendered":"https:\/\/roveyayinevi.com.tr\/index.php\/urun\/efil-journal-ekonomi-arastirmalari-dergisi-cilt-4-sayi-3\/"},"modified":"2026-04-16T02:42:11","modified_gmt":"2026-04-15T23:42:11","slug":"efil-journal-ekonomi-arastirmalari-dergisi-cilt-4-sayi-3","status":"publish","type":"product","link":"https:\/\/roveyayinevi.com.tr\/index.php\/urun\/efil-journal-ekonomi-arastirmalari-dergisi-cilt-4-sayi-3\/","title":{"rendered":"Efil Journal Ekonomi Ara\u015ft\u0131rmalar\u0131 Dergisi Cilt &#8211; 4 Say\u0131 3"},"content":{"rendered":"<p>Bu say\u0131m\u0131zda:   Pigouvian Exploitation, Informality and Economic Growth: Theory and Evidence \u2013 Ceyhun Elgin   Fintech And Blockchain in Islamic Finance: A Bibliometric Analysis \u2013 Ahmet Faruk Aysan, \u0130brahim Musa \u00dcnal   New Paths in the Thorny and Endless Mexico-USA Relationship \u2013 Alicia Puyana Mutis, Karla Villalobos Cruz   T\u00fcrkiye \u0130\u00e7in Optimal Para Alan\u0131: Karadeniz Ekonomik \u0130\u015fbirli\u011fi \u00d6rg\u00fct\u00fc (KE\u0130) \u00d6rne\u011fi \u2013 Ahmet Kasap, Salih Bar\u0131\u015f\u0131k<\/p>\n","protected":false},"excerpt":{"rendered":"<p>Bu say\u0131m\u0131zda: Pigouvian Exploitation, Informality and Economic Growth: Theory and Evidence \u2013 Ceyhun Elgin Fintech And Blockchain in Islamic Finance: A Bibliometric Analysis \u2013 Ahmet Faruk<span class=\"excerpt-hellip\"> [\u2026]<\/span><\/p>\n","protected":false},"featured_media":0,"template":"","meta":{"_monsterinsights_skip_tracking":false,"_monsterinsights_sitenote_active":false,"_monsterinsights_sitenote_note":"","_monsterinsights_sitenote_category":0},"product_brand":[],"product_cat":[13527],"product_tag":[],"class_list":{"0":"post-734551","1":"product","2":"type-product","3":"status-publish","5":"product_cat-sureli-yayinlar","6":"pa_cilt-ciltsiz","7":"pa_tur-dergi","8":"pa_yayinevi-efil-yayinevi-dergi","9":"pa_yazar-efil-yayinevi-kolektif","11":"first","12":"instock","13":"sale","14":"shipping-taxable","15":"purchasable","16":"product-type-simple"},"_links":{"self":[{"href":"https:\/\/roveyayinevi.com.tr\/index.php\/wp-json\/wp\/v2\/product\/734551","targetHints":{"allow":["GET"]}}],"collection":[{"href":"https:\/\/roveyayinevi.com.tr\/index.php\/wp-json\/wp\/v2\/product"}],"about":[{"href":"https:\/\/roveyayinevi.com.tr\/index.php\/wp-json\/wp\/v2\/types\/product"}],"wp:attachment":[{"href":"https:\/\/roveyayinevi.com.tr\/index.php\/wp-json\/wp\/v2\/media?parent=734551"}],"wp:term":[{"taxonomy":"product_brand","embeddable":true,"href":"https:\/\/roveyayinevi.com.tr\/index.php\/wp-json\/wp\/v2\/product_brand?post=734551"},{"taxonomy":"product_cat","embeddable":true,"href":"https:\/\/roveyayinevi.com.tr\/index.php\/wp-json\/wp\/v2\/product_cat?post=734551"},{"taxonomy":"product_tag","embeddable":true,"href":"https:\/\/roveyayinevi.com.tr\/index.php\/wp-json\/wp\/v2\/product_tag?post=734551"}],"curies":[{"name":"wp","href":"https:\/\/api.w.org\/{rel}","templated":true}]}}