{"id":734550,"date":"2025-08-27T22:30:27","date_gmt":"2025-08-27T19:30:27","guid":{"rendered":"https:\/\/roveyayinevi.com.tr\/index.php\/urun\/2022-tyt-turkce-kavramsal-ve-beceri-temelli-soru-bankasi\/"},"modified":"2026-04-16T02:42:11","modified_gmt":"2026-04-15T23:42:11","slug":"2022-tyt-turkce-kavramsal-ve-beceri-temelli-soru-bankasi","status":"publish","type":"product","link":"https:\/\/roveyayinevi.com.tr\/index.php\/urun\/2022-tyt-turkce-kavramsal-ve-beceri-temelli-soru-bankasi\/","title":{"rendered":"2022 TYT T\u00fcrk\u00e7e Kavramsal ve Beceri Temelli Soru Bankas\u0131"},"content":{"rendered":"<p>MEB M\u00fcfredata Uygun Yeni Nesil Sorular Kavramsal Bilgi ve Beceri Temelli Sorular Okula Yard\u0131mc\u0131 S\u0131navlara Haz\u0131rl\u0131k Video \u00c7\u00f6z\u00fcml\u00fc Ak\u0131ll\u0131 Tahta Uyumlu PISA \u2013 TIMSS S\u0131navlar\u0131na Uyumlu<\/p>\n","protected":false},"excerpt":{"rendered":"<p>MEB M\u00fcfredata Uygun Yeni Nesil Sorular Kavramsal Bilgi ve Beceri Temelli Sorular Okula Yard\u0131mc\u0131 S\u0131navlara Haz\u0131rl\u0131k Video \u00c7\u00f6z\u00fcml\u00fc Ak\u0131ll\u0131 Tahta Uyumlu PISA \u2013 TIMSS S\u0131navlar\u0131na Uyumlu<\/p>\n","protected":false},"featured_media":0,"template":"","meta":{"_monsterinsights_skip_tracking":false,"_monsterinsights_sitenote_active":false,"_monsterinsights_sitenote_note":"","_monsterinsights_sitenote_category":0},"product_brand":[],"product_cat":[12566,13473,51999,52037,87802,51998],"product_tag":[],"class_list":{"0":"post-734550","1":"product","2":"type-product","3":"status-publish","5":"product_cat-egitim","6":"product_cat-sinavlara-hazirlik-okula-yardimci-kaynaklar","7":"product_cat-tyt-kitaplari","8":"product_cat-tyt-soru-bankalari","9":"product_cat-tyt-turkce-soru-bankasi","10":"product_cat-yks-kitaplari","11":"pa_cilt-ciltsiz","12":"pa_tur-kitap","13":"pa_yayinevi-ephesus-akademi","14":"pa_yazar-ephesus-akademi-kolektif","16":"first","17":"instock","18":"sale","19":"shipping-taxable","20":"purchasable","21":"product-type-simple"},"_links":{"self":[{"href":"https:\/\/roveyayinevi.com.tr\/index.php\/wp-json\/wp\/v2\/product\/734550","targetHints":{"allow":["GET"]}}],"collection":[{"href":"https:\/\/roveyayinevi.com.tr\/index.php\/wp-json\/wp\/v2\/product"}],"about":[{"href":"https:\/\/roveyayinevi.com.tr\/index.php\/wp-json\/wp\/v2\/types\/product"}],"wp:attachment":[{"href":"https:\/\/roveyayinevi.com.tr\/index.php\/wp-json\/wp\/v2\/media?parent=734550"}],"wp:term":[{"taxonomy":"product_brand","embeddable":true,"href":"https:\/\/roveyayinevi.com.tr\/index.php\/wp-json\/wp\/v2\/product_brand?post=734550"},{"taxonomy":"product_cat","embeddable":true,"href":"https:\/\/roveyayinevi.com.tr\/index.php\/wp-json\/wp\/v2\/product_cat?post=734550"},{"taxonomy":"product_tag","embeddable":true,"href":"https:\/\/roveyayinevi.com.tr\/index.php\/wp-json\/wp\/v2\/product_tag?post=734550"}],"curies":[{"name":"wp","href":"https:\/\/api.w.org\/{rel}","templated":true}]}}