{"id":734549,"date":"2025-08-27T22:30:27","date_gmt":"2025-08-27T19:30:27","guid":{"rendered":"https:\/\/roveyayinevi.com.tr\/index.php\/urun\/norm\/"},"modified":"2026-04-15T02:54:41","modified_gmt":"2026-04-14T23:54:41","slug":"norm","status":"publish","type":"product","link":"https:\/\/roveyayinevi.com.tr\/index.php\/urun\/norm\/","title":{"rendered":"Norm"},"content":{"rendered":"<p>Kendin olmak ad\u0131na yapt\u0131\u011f\u0131n onca binay\u0131 y\u0131kman\u0131 istemiyorum. Y\u0131kmak do\u011fru de\u011fildir. Binan\u0131n pencerelerini \u00e7i\u00e7eklerle s\u00fcsleyerek ba\u015flayal\u0131m. Gri olmas\u0131 gerekti\u011fi s\u00f6ylenen duvarlar\u0131 boyamakla ba\u015flayal\u0131m. Mobilyalar gibi d\u00fc\u015f\u00fcncelerimizin \u00fczerine ge\u00e7irdi\u011fimiz k\u0131l\u0131flar\u0131 s\u00f6kmekle ba\u015flayal\u0131m. \u00dczerine oturunca eskir, bir \u015feyler d\u00f6k\u00fcl\u00fcr diye sak\u0131nd\u0131\u011f\u0131m\u0131z koltuklar gibi saklad\u0131\u011f\u0131m\u0131z kalbimizi a\u00e7makla ba\u015flayal\u0131m. Buras\u0131 bizim evimiz ve g\u00f6steri\u015fli bir hayat\u0131n getirisi olan kendini salonumuz gibi b\u00fcy\u00fck g\u00f6rme huyunu b\u0131rakarak ba\u015flayal\u0131m.   \u201cBen \u00e7ok k\u0131r\u0131ld\u0131m buna bir daha izin vermem.\u201d diye ba\u015flayan b\u00fcy\u00fck s\u00f6zlerimizi, bize iyi gelecek olan ila\u00e7lar gibi yutmakla ba\u015flayal\u0131m. Kendimize koydu\u011fumuz s\u0131n\u0131rlar\u0131 kald\u0131rmakla ba\u015flayal\u0131m. Ba\u015flamak, bitirmekle karde\u015ftir. Uzun bir sobeleme oyunu oynayan iki karde\u015fin birbiriyle yar\u0131\u015f\u0131na girelim. Yolumuzun nereye gidece\u011fini g\u00f6rmeden ya\u015fad\u0131\u011f\u0131m\u0131z onca zamana ra\u011fmen binan\u0131n ayd\u0131nlatmas\u0131n\u0131 de\u011fi\u015ftirir gibi yolumuzu \u00e7izerek \u0131\u015f\u0131kla donatal\u0131m. Bilmeden yapt\u0131klar\u0131m\u0131z\u0131, yapt\u0131ktan sonra bildiklerimizi bir misafiri evimize kabul eder gibi kabul ederek ba\u015flayal\u0131m. Bizi yenebilecek olan\u0131n sadece biz oldu\u011funu, bizi y\u0131kabilecek olan\u0131n da sadece biz oldu\u011funu g\u00f6relim. Eski bir hat\u0131ray\u0131 saklad\u0131\u011f\u0131m\u0131z yerden \u00e7\u0131kar\u0131r gibi vazge\u00e7tiklerimizin aras\u0131ndan \u00f6nce kendimizi \u00e7\u0131karal\u0131m. \u201cKendini bulan ki\u015fi aramaya ba\u015flam\u0131\u015f demektir.\u201d<\/p>\n","protected":false},"excerpt":{"rendered":"<p>Kendin olmak ad\u0131na yapt\u0131\u011f\u0131n onca binay\u0131 y\u0131kman\u0131 istemiyorum. Y\u0131kmak do\u011fru de\u011fildir. Binan\u0131n pencerelerini \u00e7i\u00e7eklerle s\u00fcsleyerek ba\u015flayal\u0131m. Gri olmas\u0131 gerekti\u011fi s\u00f6ylenen duvarlar\u0131 boyamakla ba\u015flayal\u0131m. Mobilyalar gibi d\u00fc\u015f\u00fcncelerimizin<span class=\"excerpt-hellip\"> [\u2026]<\/span><\/p>\n","protected":false},"featured_media":0,"template":"","meta":{"_monsterinsights_skip_tracking":false,"_monsterinsights_sitenote_active":false,"_monsterinsights_sitenote_note":"","_monsterinsights_sitenote_category":0},"product_brand":[],"product_cat":[12364,12376],"product_tag":[],"class_list":{"0":"post-734549","1":"product","2":"type-product","3":"status-publish","5":"product_cat-genel-konular","6":"product_cat-kisisel-gelisim","7":"pa_cilt-ciltsiz","8":"pa_tur-kitap","9":"pa_yayinevi-perseus","10":"pa_yazar-sinan-dizman","12":"first","13":"instock","14":"sale","15":"shipping-taxable","16":"purchasable","17":"product-type-simple"},"_links":{"self":[{"href":"https:\/\/roveyayinevi.com.tr\/index.php\/wp-json\/wp\/v2\/product\/734549","targetHints":{"allow":["GET"]}}],"collection":[{"href":"https:\/\/roveyayinevi.com.tr\/index.php\/wp-json\/wp\/v2\/product"}],"about":[{"href":"https:\/\/roveyayinevi.com.tr\/index.php\/wp-json\/wp\/v2\/types\/product"}],"wp:attachment":[{"href":"https:\/\/roveyayinevi.com.tr\/index.php\/wp-json\/wp\/v2\/media?parent=734549"}],"wp:term":[{"taxonomy":"product_brand","embeddable":true,"href":"https:\/\/roveyayinevi.com.tr\/index.php\/wp-json\/wp\/v2\/product_brand?post=734549"},{"taxonomy":"product_cat","embeddable":true,"href":"https:\/\/roveyayinevi.com.tr\/index.php\/wp-json\/wp\/v2\/product_cat?post=734549"},{"taxonomy":"product_tag","embeddable":true,"href":"https:\/\/roveyayinevi.com.tr\/index.php\/wp-json\/wp\/v2\/product_tag?post=734549"}],"curies":[{"name":"wp","href":"https:\/\/api.w.org\/{rel}","templated":true}]}}