{"id":734548,"date":"2025-08-27T22:30:26","date_gmt":"2025-08-27T19:30:26","guid":{"rendered":"https:\/\/roveyayinevi.com.tr\/index.php\/urun\/devrimin-arabalari-vardi\/"},"modified":"2026-04-08T02:51:21","modified_gmt":"2026-04-07T23:51:21","slug":"devrimin-arabalari-vardi","status":"publish","type":"product","link":"https:\/\/roveyayinevi.com.tr\/index.php\/urun\/devrimin-arabalari-vardi\/","title":{"rendered":"Devrim&#8217;in Arabalar\u0131 Vard\u0131"},"content":{"rendered":"<p>Bana arabas\u0131yla \u00e7arpan kad\u0131n s\u0131k s\u0131k hastaneye ziyaretime geliyordu.   Son ziyaretinde, cinayeti ne zaman ve nas\u0131l i\u015fleyece\u011fini \u00fcstelik yerini de s\u00f6ylemi\u015fti. E\u011fer bunu yapmazsa hayali olan Devrim&#8217;in Arabalar\u0131n\u0131n yap\u0131lamayaca\u011f\u0131na inan\u0131yordu.   Devrim&#8217;in Arabalar\u0131 vard\u0131; bir elinde otomobil, di\u011fer elinde u\u00e7ak.   Devrim kimdi, bu arabalar\u0131 yapmak cinayeti bile g\u00f6ze alacak kadar    neden bu denli \u00f6nemliydi? Nedeni, Cumhuriyetin kuruldu\u011fu ilk y\u0131llarda ya\u015fanm\u0131\u015f tarihi bir olaya dayan\u0131yordu.   Bir yang\u0131n sonucunda yap\u0131lan bir tren yolculu\u011funa\u2026   Atat\u00fcrk&#8217;\u00fcn \u00e7a\u011fr\u0131s\u0131yla o trene binen bir profes\u00f6r\u00fcn, bu yolculuktan y\u0131llar sonra, o kad\u0131n\u0131n annesine verdi\u011fi iki oyuncak ve o oyuncaklara y\u00fcklenen bir hayal ile ba\u015flam\u0131\u015ft\u0131 her \u015fey. Atat\u00fcrk d\u00f6neminde kurulan hatta seri \u00fcretime de ge\u00e7en, \u00f6l\u00fcm\u00fcnden sonra ise kapat\u0131lan u\u00e7ak fabrikalar\u0131 ile 1960 Askeri Darbesinin \u00fcr\u00fcn\u00fc olan ancak seri \u00fcretiminin yapt\u0131r\u0131lmad\u0131\u011f\u0131 otomobil&#8230; Onlar Devrim&#8217;in Arabalar\u0131yd\u0131. Bu arabalar\u0131n yapt\u0131r\u0131lmamas\u0131 emperyalizmin \u00fclkemize say\u0131s\u0131z dayatmalar\u0131ndan sadece iki \u00f6rnekti. Bu roman; emperyalizmin etkisine nas\u0131l girdi\u011fimizi, nas\u0131l aldat\u0131ld\u0131\u011f\u0131m\u0131z\u0131, Devrim&#8217;in Arabalar\u0131n\u0131 neden h\u00e2l\u00e2 yapamad\u0131\u011f\u0131m\u0131z\u0131 bir a\u015fk hik\u00e2yesi i\u00e7erisinde anlatmaktad\u0131r.<\/p>\n","protected":false},"excerpt":{"rendered":"<p>Bana arabas\u0131yla \u00e7arpan kad\u0131n s\u0131k s\u0131k hastaneye ziyaretime geliyordu. Son ziyaretinde, cinayeti ne zaman ve nas\u0131l i\u015fleyece\u011fini \u00fcstelik yerini de s\u00f6ylemi\u015fti. E\u011fer bunu yapmazsa hayali olan<span class=\"excerpt-hellip\"> [\u2026]<\/span><\/p>\n","protected":false},"featured_media":0,"template":"","meta":{"_monsterinsights_skip_tracking":false,"_monsterinsights_sitenote_active":false,"_monsterinsights_sitenote_note":"","_monsterinsights_sitenote_category":0},"product_brand":[],"product_cat":[12291,12711],"product_tag":[],"class_list":{"0":"post-734548","1":"product","2":"type-product","3":"status-publish","5":"product_cat-edebiyat","6":"product_cat-roman-oyku","7":"pa_cilt-ciltsiz","8":"pa_tur-kitap","9":"pa_yayinevi-elpis-yayinlari","10":"pa_yazar-metin-leblebicioglu","12":"first","13":"instock","14":"sale","15":"shipping-taxable","16":"purchasable","17":"product-type-simple"},"_links":{"self":[{"href":"https:\/\/roveyayinevi.com.tr\/index.php\/wp-json\/wp\/v2\/product\/734548","targetHints":{"allow":["GET"]}}],"collection":[{"href":"https:\/\/roveyayinevi.com.tr\/index.php\/wp-json\/wp\/v2\/product"}],"about":[{"href":"https:\/\/roveyayinevi.com.tr\/index.php\/wp-json\/wp\/v2\/types\/product"}],"wp:attachment":[{"href":"https:\/\/roveyayinevi.com.tr\/index.php\/wp-json\/wp\/v2\/media?parent=734548"}],"wp:term":[{"taxonomy":"product_brand","embeddable":true,"href":"https:\/\/roveyayinevi.com.tr\/index.php\/wp-json\/wp\/v2\/product_brand?post=734548"},{"taxonomy":"product_cat","embeddable":true,"href":"https:\/\/roveyayinevi.com.tr\/index.php\/wp-json\/wp\/v2\/product_cat?post=734548"},{"taxonomy":"product_tag","embeddable":true,"href":"https:\/\/roveyayinevi.com.tr\/index.php\/wp-json\/wp\/v2\/product_tag?post=734548"}],"curies":[{"name":"wp","href":"https:\/\/api.w.org\/{rel}","templated":true}]}}