{"id":734547,"date":"2025-08-27T22:30:25","date_gmt":"2025-08-27T19:30:25","guid":{"rendered":"https:\/\/roveyayinevi.com.tr\/index.php\/urun\/erken-cocukluk-egitimine-giris-3\/"},"modified":"2026-04-16T02:42:11","modified_gmt":"2026-04-15T23:42:11","slug":"erken-cocukluk-egitimine-giris-3","status":"publish","type":"product","link":"https:\/\/roveyayinevi.com.tr\/index.php\/urun\/erken-cocukluk-egitimine-giris-3\/","title":{"rendered":"Erken \u00c7ocukluk E\u011fitimine Giri\u015f"},"content":{"rendered":"<p>Ara\u015ft\u0131rmac\u0131lar erken d\u00f6nemde kaliteli bak\u0131m ve e\u011fitim alan \u00e7ocuklar\u0131n hem \u00e7ocukluk hem de yeti\u015fkinlik d\u00f6neminde di\u011ferlerine g\u00f6re her y\u00f6nden daha sa\u011fl\u0131kl\u0131 olabilece\u011fini bildirmektedirler. Di\u011fer bir deyi\u015fle kaliteli okul \u00f6ncesi e\u011fitim, \u00e7ocuklar\u0131n fiziksel, dilsel, zihinsel, sosyal, duygusal geli\u015fim alanlar\u0131n\u0131 pozitif y\u00f6nde etkilemektedir. Beynin h\u0131zla geli\u015fti\u011fi bu d\u00f6nemde kaliteli okul \u00f6ncesi e\u011fitimden mahrumiyet \u00e7ocuklar\u0131n kendi potansiyellerini eksiksiz olarak ger\u00e7ekle\u015ftirmelerini engelleyebilmektedir. K\u00fc\u00e7\u00fck \u00e7ocuklar\u0131n okul \u00f6ncesi e\u011fitimden beklenen yarar\u0131 \u00fcst d\u00fczeyde yakalayabilmeleri i\u00e7in okul \u00f6ncesi \u00f6\u011fretmenlerinin bu konuda donan\u0131ml\u0131 olmalar\u0131 gerekmektedir. Di\u011fer bir anlat\u0131mla okul \u00f6ncesi e\u011fitimde kalitenin yakalanmas\u0131 \u00f6\u011fretmen fakt\u00f6r\u00fcne ba\u011fl\u0131d\u0131r. Bu ba\u011flamda \u00f6ncelikle gelece\u011fin \u00f6\u011fretmenleri olan \u00f6\u011fretmen adaylar\u0131n\u0131n kendi alanlar\u0131yla ilgili iyi bir e\u011fitim almalar\u0131 zorunludur. Bu nedenle \u00f6\u011fretmen adaylar\u0131n\u0131n alanlar\u0131 ile tan\u0131\u015fma f\u0131rsat\u0131n\u0131 yakalayabileceklerini d\u00fc\u015f\u00fcnd\u00fc\u011f\u00fcm\u00fcz Okul \u00d6ncesi E\u011fitime Giri\u015f isimli bu kitab\u0131 yazmaya karar verdik. Bu kitap okul \u00f6ncesi  \u00f6\u011fretmen adaylar\u0131n\u0131n yan\u0131nda okul \u00f6ncesi \u00f6\u011fretmenleri, okul \u00f6ncesi e\u011fitimine ilgi duyan herkese katk\u0131 sa\u011flayabilecek nitelikte bir kaynakt\u0131r. Kitap 12 b\u00f6l\u00fcmden olu\u015fmakta olup her bir b\u00f6l\u00fcm farkl\u0131 \u00fcniversitelerin ilgili b\u00f6l\u00fcmlerinde \u00e7al\u0131\u015fan akademisyenler taraf\u0131ndan yaz\u0131lm\u0131\u015ft\u0131r.  Eme\u011fi ge\u00e7en b\u00fct\u00fcn arkada\u015flar\u0131ma tek tek te\u015fekk\u00fcr ederim. Okul \u00f6ncesi \u00f6\u011fretmen adaylar\u0131 ve \u00f6\u011fretmenler ba\u015fta olmak \u00fczere kitab\u0131n t\u00fcm ilgililere faydal\u0131 olmas\u0131 dile\u011fi ile\u2026.Edit\u00f6rZarife SE\u00c7ER<\/p>\n","protected":false},"excerpt":{"rendered":"<p>Ara\u015ft\u0131rmac\u0131lar erken d\u00f6nemde kaliteli bak\u0131m ve e\u011fitim alan \u00e7ocuklar\u0131n hem \u00e7ocukluk hem de yeti\u015fkinlik d\u00f6neminde di\u011ferlerine g\u00f6re her y\u00f6nden daha sa\u011fl\u0131kl\u0131 olabilece\u011fini bildirmektedirler. Di\u011fer bir deyi\u015fle<span class=\"excerpt-hellip\"> [\u2026]<\/span><\/p>\n","protected":false},"featured_media":0,"template":"","meta":{"_monsterinsights_skip_tracking":false,"_monsterinsights_sitenote_active":false,"_monsterinsights_sitenote_note":"","_monsterinsights_sitenote_category":0},"product_brand":[],"product_cat":[12573,12566],"product_tag":[],"class_list":{"0":"post-734547","1":"product","2":"type-product","3":"status-publish","5":"product_cat-akademik-kitaplar","6":"product_cat-egitim","7":"pa_cilt-ciltsiz","8":"pa_tur-kitap","9":"pa_yayinevi-egiten-kitap","10":"pa_yazar-zarife-secer","12":"first","13":"instock","14":"sale","15":"shipping-taxable","16":"purchasable","17":"product-type-simple"},"_links":{"self":[{"href":"https:\/\/roveyayinevi.com.tr\/index.php\/wp-json\/wp\/v2\/product\/734547","targetHints":{"allow":["GET"]}}],"collection":[{"href":"https:\/\/roveyayinevi.com.tr\/index.php\/wp-json\/wp\/v2\/product"}],"about":[{"href":"https:\/\/roveyayinevi.com.tr\/index.php\/wp-json\/wp\/v2\/types\/product"}],"wp:attachment":[{"href":"https:\/\/roveyayinevi.com.tr\/index.php\/wp-json\/wp\/v2\/media?parent=734547"}],"wp:term":[{"taxonomy":"product_brand","embeddable":true,"href":"https:\/\/roveyayinevi.com.tr\/index.php\/wp-json\/wp\/v2\/product_brand?post=734547"},{"taxonomy":"product_cat","embeddable":true,"href":"https:\/\/roveyayinevi.com.tr\/index.php\/wp-json\/wp\/v2\/product_cat?post=734547"},{"taxonomy":"product_tag","embeddable":true,"href":"https:\/\/roveyayinevi.com.tr\/index.php\/wp-json\/wp\/v2\/product_tag?post=734547"}],"curies":[{"name":"wp","href":"https:\/\/api.w.org\/{rel}","templated":true}]}}