{"id":734546,"date":"2025-08-27T22:30:24","date_gmt":"2025-08-27T19:30:24","guid":{"rendered":"https:\/\/roveyayinevi.com.tr\/index.php\/urun\/mekandan-zamana-metaforik-transferler\/"},"modified":"2026-04-16T02:42:11","modified_gmt":"2026-04-15T23:42:11","slug":"mekandan-zamana-metaforik-transferler","status":"publish","type":"product","link":"https:\/\/roveyayinevi.com.tr\/index.php\/urun\/mekandan-zamana-metaforik-transferler\/","title":{"rendered":"Mekandan Zamana Metaforik Transferler"},"content":{"rendered":"<p>\u0130nsano\u011flu ilk d\u00fc\u015f\u00fcnme pratiklerinde, \u00e7evresini anlama ve tan\u0131mlama i\u015fini, i\u00e7inde bulundu\u011fu mek\u00e2n ile ili\u015fkilendirerek ger\u00e7ekle\u015ftirmi\u015ftir. \u00c7evresindeki d\u00fcnyaya ait her \u015feyi mek\u00e2na ba\u011fl\u0131 olarak tan\u0131mlam\u0131\u015ft\u0131r. Bu durumun en belirgin ipu\u00e7lar\u0131n\u0131 ise kendi dilinde saklam\u0131\u015ft\u0131r. Zaman gibi soyut bir kavram\u0131 ise, yine mek\u00e2n\u0131n \u00f6zelliklerinden yararlanarak anlam\u0131\u015f ve ifade etmi\u015ftir. D\u00fcnyan\u0131n, yani i\u00e7inde bulunulan mek\u00e2n\u0131n b\u00fct\u00fcn \u00f6zelliklerini zaman boyutuna ta\u015f\u0131m\u0131\u015ft\u0131r. Bu y\u00fczden d\u00fcnya dillerindeki zamansal ifadelerin b\u00fcy\u00fck bir k\u0131sm\u0131n\u0131n mek\u00e2n\u0131 i\u015faretleyen veya niteleyen dil formlar\u0131ndan olu\u015fturuldu\u011fu g\u00f6zlemlenmektedir. Literat\u00fcrde \u201cmetaforik\u201d bir transfer olarak nitelendirilen bu durumun evrensel ve sistemli dil ilkeleri oldu\u011fu anla\u015f\u0131lmaktad\u0131r. Elinizdeki kitap, Eski T\u00fcrk\u00e7e s\u0131n\u0131rlar\u0131nda mek\u00e2ndan zamana do\u011fru ger\u00e7ekle\u015fen metaforik transferleri teorik d\u00fczlemde ele alan bir \u00e7al\u0131\u015fmad\u0131r. Eski T\u00fcrk\u00e7edeki zaman kavram alan\u0131na sahip \u00e7e\u015fitli formlar, gramerle\u015fme ve buna ba\u011fl\u0131 olarak ortaya \u00e7\u0131kan morfolojik ve semantik ili\u015fkiler \u0131\u015f\u0131\u011f\u0131nda yeniden de\u011ferlendirilmi\u015ftir. B\u00f6ylece, T\u00fcrk\u00e7enin en erken \u00f6rneklerindeki zaman i\u015faretleyicilerinde g\u00f6r\u00fclen metaforik transferlerin hangi yollarla ortaya \u00e7\u0131kt\u0131\u011f\u0131 tespit edilerek T\u00fcrk\u00e7enin zaman i\u015faretleme stratejileri belirlenmi\u015ftir. \u00c7al\u0131\u015fma, tipolojik ve evrensel sonu\u00e7larla birlikte, T\u00fcrk\u00e7e i\u00e7in farkl\u0131 bir yakla\u015f\u0131m\u0131 hedeflemektedir.                        <\/p>\n","protected":false},"excerpt":{"rendered":"<p>\u0130nsano\u011flu ilk d\u00fc\u015f\u00fcnme pratiklerinde, \u00e7evresini anlama ve tan\u0131mlama i\u015fini, i\u00e7inde bulundu\u011fu mek\u00e2n ile ili\u015fkilendirerek ger\u00e7ekle\u015ftirmi\u015ftir. \u00c7evresindeki d\u00fcnyaya ait her \u015feyi mek\u00e2na ba\u011fl\u0131 olarak tan\u0131mlam\u0131\u015ft\u0131r. Bu durumun<span class=\"excerpt-hellip\"> [\u2026]<\/span><\/p>\n","protected":false},"featured_media":0,"template":"","meta":{"_monsterinsights_skip_tracking":false,"_monsterinsights_sitenote_active":false,"_monsterinsights_sitenote_note":"","_monsterinsights_sitenote_category":0},"product_brand":[],"product_cat":[20225,12291],"product_tag":[],"class_list":{"0":"post-734546","1":"product","2":"type-product","3":"status-publish","5":"product_cat-dil-bilim","6":"product_cat-edebiyat","7":"pa_cilt-ciltsiz","8":"pa_tur-kitap","9":"pa_yayinevi-bilge-kultur-sanat","10":"pa_yazar-kenan-azili","12":"first","13":"instock","14":"sale","15":"shipping-taxable","16":"purchasable","17":"product-type-simple"},"_links":{"self":[{"href":"https:\/\/roveyayinevi.com.tr\/index.php\/wp-json\/wp\/v2\/product\/734546","targetHints":{"allow":["GET"]}}],"collection":[{"href":"https:\/\/roveyayinevi.com.tr\/index.php\/wp-json\/wp\/v2\/product"}],"about":[{"href":"https:\/\/roveyayinevi.com.tr\/index.php\/wp-json\/wp\/v2\/types\/product"}],"wp:attachment":[{"href":"https:\/\/roveyayinevi.com.tr\/index.php\/wp-json\/wp\/v2\/media?parent=734546"}],"wp:term":[{"taxonomy":"product_brand","embeddable":true,"href":"https:\/\/roveyayinevi.com.tr\/index.php\/wp-json\/wp\/v2\/product_brand?post=734546"},{"taxonomy":"product_cat","embeddable":true,"href":"https:\/\/roveyayinevi.com.tr\/index.php\/wp-json\/wp\/v2\/product_cat?post=734546"},{"taxonomy":"product_tag","embeddable":true,"href":"https:\/\/roveyayinevi.com.tr\/index.php\/wp-json\/wp\/v2\/product_tag?post=734546"}],"curies":[{"name":"wp","href":"https:\/\/api.w.org\/{rel}","templated":true}]}}