{"id":734544,"date":"2025-08-27T22:30:22","date_gmt":"2025-08-27T19:30:22","guid":{"rendered":"https:\/\/roveyayinevi.com.tr\/index.php\/urun\/seyahatler-ve-kasifler-atlasi\/"},"modified":"2025-08-28T21:31:18","modified_gmt":"2025-08-28T18:31:18","slug":"seyahatler-ve-kasifler-atlasi","status":"publish","type":"product","link":"https:\/\/roveyayinevi.com.tr\/index.php\/urun\/seyahatler-ve-kasifler-atlasi\/","title":{"rendered":"Seyahatler ve Ka\u015fifler Atlas\u0131"},"content":{"rendered":"<p>Haritalar\u0131n olmad\u0131\u011f\u0131 bir du\u0308nya hayal edebilir miyiz bug\u00fcn?   Oysa, birka\u00e7 y\u00fczy\u0131l \u00f6ncesine kadar d\u00fcnyan\u0131n s\u0131n\u0131rlar\u0131n\u0131 bilmiyorduk. D\u00fcnyan\u0131n bir\u00e7ok b\u00f6lgesi bir di\u011feriyle ba\u011flant\u0131s\u0131z, birbirinden habersizdi. Sadece di\u011fer b\u00f6lgelerde var olan t\u00fcrleri ve topraklar\u0131 de\u011fil, ayn\u0131 zamanda di\u011fer insanlar\u0131 ve k\u00fclt\u00fcrlerini de tan\u0131m\u0131yorduk. D\u00fcnyan\u0131n nas\u0131l bir yer oldu\u011funu \u00f6\u011frenmek i\u00e7in yola \u00e7\u0131kmam\u0131z gerekiyordu: E\u015fekle, deveyle, gemiyle veya y\u00fcr\u00fcyerek evden \u00e7\u0131k\u0131p bilinmeyene do\u011fru yol ald\u0131k ve di\u011fer yerlerle ilgili \u015fa\u015f\u0131rt\u0131c\u0131 yeniliklerle d\u00f6nd\u00fck.   Ke\u015fi\u015flerin, botanik bilimcilerin, t\u00fcccarlar\u0131n, denizcilerin veya ressamlar\u0131n yolculuklar\u0131 d\u00fcnyay\u0131 daha iyi tan\u0131mam\u0131za katk\u0131 sa\u011flad\u0131 ve bu sayede di\u011ferlerinin varl\u0131\u011f\u0131ndan haberdar olduk. Isabel Minh\u00f3s Martins\u2019in kaleme ald\u0131\u011f\u0131 ve Bernardo P. Carvalho\u2019nun harika \u00e7izimlerinin e\u015flik etti\u011fi Seyahatler ve K\u00e2\u015fifler Atlas\u0131\u2019n\u0131n ba\u015fkahramanlar\u0131, t\u00fcm zamanlardan ve yerlerden ke\u015fi\u015fler, do\u011fa bilimciler, gezginler; ve onlar\u0131n ger\u00e7ek maceralar\u0131&#8230;   Piteas, Xuanzang, Giovanni da Pian del Carpini, Marco Polo, \u0130bn Battuta, Bartolomeu Dias, Evliya \u00c7elebi, Jeanne Baret, Joseph Banks, Humboldt, Darwin ve Mary Henrietta Kingsley ile birlikte haydi yola koyulal\u0131m!   ALDI\u011eI \u00d6D\u00dcLLER: 2021 Hollanda Vlag en Wimpel \u00d6d\u00fcl\u00fc, Kurgu D\u0131\u015f\u0131 \u0130ll\u00fcstrasyon Kategorisi 2018, 2019, 2020 Frankfurt Kitap Fuar\u0131, dPICTUS 100 Ola\u011fan\u00fcst\u00fc Resimli Kitap Se\u00e7kisi 2019 Bologna \u00c7ocuk Kitaplar\u0131 Fuar\u0131, Bologna Ragazzi \u00d6d\u00fcl\u00fc, Kurgu D\u0131\u015f\u0131 Kategorisi <\/p>\n","protected":false},"excerpt":{"rendered":"<p>Haritalar\u0131n olmad\u0131\u011f\u0131 bir du\u0308nya hayal edebilir miyiz bug\u00fcn? Oysa, birka\u00e7 y\u00fczy\u0131l \u00f6ncesine kadar d\u00fcnyan\u0131n s\u0131n\u0131rlar\u0131n\u0131 bilmiyorduk. D\u00fcnyan\u0131n bir\u00e7ok b\u00f6lgesi bir di\u011feriyle ba\u011flant\u0131s\u0131z, birbirinden habersizdi. Sadece di\u011fer<span class=\"excerpt-hellip\"> [\u2026]<\/span><\/p>\n","protected":false},"featured_media":0,"template":"","meta":{"_monsterinsights_skip_tracking":false,"_monsterinsights_sitenote_active":false,"_monsterinsights_sitenote_note":"","_monsterinsights_sitenote_category":0},"product_brand":[],"product_cat":[12275,12274],"product_tag":[],"class_list":{"0":"post-734544","1":"product","2":"type-product","3":"status-publish","5":"product_cat-6-12-yas-kitaplari","6":"product_cat-cocuk-ve-genclik-kitaplari","7":"pa_cilt-ciltsiz","8":"pa_tur-kitap","9":"pa_yayinevi-koc-universitesi-yayinlari","10":"pa_yazar-isabel-minhos-martins","12":"first","13":"instock","14":"sale","15":"shipping-taxable","16":"purchasable","17":"product-type-simple"},"_links":{"self":[{"href":"https:\/\/roveyayinevi.com.tr\/index.php\/wp-json\/wp\/v2\/product\/734544","targetHints":{"allow":["GET"]}}],"collection":[{"href":"https:\/\/roveyayinevi.com.tr\/index.php\/wp-json\/wp\/v2\/product"}],"about":[{"href":"https:\/\/roveyayinevi.com.tr\/index.php\/wp-json\/wp\/v2\/types\/product"}],"wp:attachment":[{"href":"https:\/\/roveyayinevi.com.tr\/index.php\/wp-json\/wp\/v2\/media?parent=734544"}],"wp:term":[{"taxonomy":"product_brand","embeddable":true,"href":"https:\/\/roveyayinevi.com.tr\/index.php\/wp-json\/wp\/v2\/product_brand?post=734544"},{"taxonomy":"product_cat","embeddable":true,"href":"https:\/\/roveyayinevi.com.tr\/index.php\/wp-json\/wp\/v2\/product_cat?post=734544"},{"taxonomy":"product_tag","embeddable":true,"href":"https:\/\/roveyayinevi.com.tr\/index.php\/wp-json\/wp\/v2\/product_tag?post=734544"}],"curies":[{"name":"wp","href":"https:\/\/api.w.org\/{rel}","templated":true}]}}