{"id":734543,"date":"2025-08-27T22:30:21","date_gmt":"2025-08-27T19:30:21","guid":{"rendered":"https:\/\/roveyayinevi.com.tr\/index.php\/urun\/mechul-kuvvetlere-kurban\/"},"modified":"2026-04-16T02:42:11","modified_gmt":"2026-04-15T23:42:11","slug":"mechul-kuvvetlere-kurban","status":"publish","type":"product","link":"https:\/\/roveyayinevi.com.tr\/index.php\/urun\/mechul-kuvvetlere-kurban\/","title":{"rendered":"Me\u00e7hul Kuvvetlere Kurban"},"content":{"rendered":"<p>G\u00f6rgu\u0308 tan\u0131klar\u0131yla dolu bir evde, kimsenin olmad\u0131\u011f\u0131 kilitli bir odada i\u015flenen \u201ctimsahl\u0131 i\u011fne cinayeti\u201d&#8230; Me\u00e7hul kuvvetler taraf\u0131ndan i\u015flendi\u011fi du\u0308\u015fu\u0308nu\u0308len, polis te\u015fkilat\u0131n\u0131n \u00e7\u00f6zemedi\u011fi bu gizemli cinayeti Sultan\u2019\u0131n emriyle g\u00f6revlendirilen \u0130hsan Avni \u00e7\u00f6zebilecek midir?Selim N\u00fczhet Ger\u00e7ek\u2019in 13 Kas\u0131m-7 Aral\u0131k 1922 tarihleri aras\u0131nda \u0130leri gazetesinde 24 tefrika olarak yay\u0131mlanan Me\u00e7hul Kuvvetlere Kurban roman\u0131 M\u0131s\u0131r uygarl\u0131\u011f\u0131, me\u00e7hul kuvvetler gibi unsurlarla bir taraftan fantasti\u011fe g\u00f6z k\u0131rpar, di\u011fer yandan esrarl\u0131 bir cinayetin \u00e7\u00f6z\u00fcm s\u00fcrecinin aktar\u0131lmas\u0131yla polisiye t\u00fcr\u00fcn\u00fcn \u00f6zelliklerini ta\u015f\u0131r. Selim N\u00fczhet Ger\u00e7ek\u2019in Ahmet K\u00e2mil takma ad\u0131yla yay\u0131mlad\u0131\u011f\u0131 bu roman\u0131, ilk kez kitap olarak bas\u0131l\u0131yor.&#8221;Me\u00e7hul Kuvvetlere Kurban; &#8216;Tu\u0308rk matbuat\u0131n\u0131n ilk tarih\u00e7isi&#8217;, &#8216;ilk derleme mu\u0308du\u0308ru\u0308&#8217; olarak an\u0131lan; bas\u0131n ve tiyatro tarihi alanlar\u0131nda \u00f6ncu\u0308 \u00e7al\u0131\u015fmalar\u0131 olan Selim Nu\u0308zhet Ger\u00e7ek\u2019in edebiyat tarihlerinde ad\u0131 ge\u00e7meyen, onunla ilgili yaz\u0131lan makalelerde de yer almayan, dolay\u0131s\u0131yla &#8216;me\u00e7hul&#8217; kalm\u0131\u015f bir roman\u0131d\u0131r. (&#8230;) Me\u00e7hul Kuvvetlere Kurban\u2019\u0131n bugu\u0308ne kadar g\u00f6zlerden ka\u00e7mas\u0131 \u015fa\u015f\u0131rt\u0131c\u0131d\u0131r. Oysaki Selim Nu\u0308zhet Ger\u00e7ek\u2019in yap\u0131t\u0131 hem kurgusu, karakterleri hem de popu\u0308ler bir tu\u0308r olan polisiyenin iyi bir \u00f6rne\u011fi olmas\u0131 a\u00e7\u0131s\u0131ndan edebiyat ara\u015ft\u0131rmac\u0131lar\u0131n\u0131n ve gu\u0308nu\u0308mu\u0308z okurunun ilgisini ve be\u011fenisi kazanacak bir romand\u0131r. Selim Nu\u0308zhet Ger\u00e7ek gibi \u00e7ok y\u00f6nlu\u0308 bir entelektu\u0308elin \u015fimdiye kadar ke\u015ffedilmemi\u015f bu roman\u0131n\u0131n kitap olarak yay\u0131mlanmas\u0131n\u0131n Tu\u0308rk edebiyat\u0131n\u0131 zenginle\u015ftirece\u011fine inan\u0131yoruz.&#8221;<\/p>\n","protected":false},"excerpt":{"rendered":"<p>G\u00f6rgu\u0308 tan\u0131klar\u0131yla dolu bir evde, kimsenin olmad\u0131\u011f\u0131 kilitli bir odada i\u015flenen \u201ctimsahl\u0131 i\u011fne cinayeti\u201d&#8230; Me\u00e7hul kuvvetler taraf\u0131ndan i\u015flendi\u011fi du\u0308\u015fu\u0308nu\u0308len, polis te\u015fkilat\u0131n\u0131n \u00e7\u00f6zemedi\u011fi bu gizemli cinayeti Sultan\u2019\u0131n<span class=\"excerpt-hellip\"> [\u2026]<\/span><\/p>\n","protected":false},"featured_media":0,"template":"","meta":{"_monsterinsights_skip_tracking":false,"_monsterinsights_sitenote_active":false,"_monsterinsights_sitenote_note":"","_monsterinsights_sitenote_category":0},"product_brand":[],"product_cat":[13072,12291],"product_tag":[],"class_list":{"0":"post-734543","1":"product","2":"type-product","3":"status-publish","5":"product_cat-arastirma-inceleme-referans","6":"product_cat-edebiyat","7":"pa_cilt-ciltsiz","8":"pa_tur-kitap","9":"pa_yayinevi-koc-universitesi-yayinlari","10":"pa_yazar-selim-nuzhet-gercek","12":"first","13":"instock","14":"sale","15":"shipping-taxable","16":"purchasable","17":"product-type-simple"},"_links":{"self":[{"href":"https:\/\/roveyayinevi.com.tr\/index.php\/wp-json\/wp\/v2\/product\/734543","targetHints":{"allow":["GET"]}}],"collection":[{"href":"https:\/\/roveyayinevi.com.tr\/index.php\/wp-json\/wp\/v2\/product"}],"about":[{"href":"https:\/\/roveyayinevi.com.tr\/index.php\/wp-json\/wp\/v2\/types\/product"}],"wp:attachment":[{"href":"https:\/\/roveyayinevi.com.tr\/index.php\/wp-json\/wp\/v2\/media?parent=734543"}],"wp:term":[{"taxonomy":"product_brand","embeddable":true,"href":"https:\/\/roveyayinevi.com.tr\/index.php\/wp-json\/wp\/v2\/product_brand?post=734543"},{"taxonomy":"product_cat","embeddable":true,"href":"https:\/\/roveyayinevi.com.tr\/index.php\/wp-json\/wp\/v2\/product_cat?post=734543"},{"taxonomy":"product_tag","embeddable":true,"href":"https:\/\/roveyayinevi.com.tr\/index.php\/wp-json\/wp\/v2\/product_tag?post=734543"}],"curies":[{"name":"wp","href":"https:\/\/api.w.org\/{rel}","templated":true}]}}