{"id":734542,"date":"2025-08-27T22:30:20","date_gmt":"2025-08-27T19:30:20","guid":{"rendered":"https:\/\/roveyayinevi.com.tr\/index.php\/urun\/mini-bilim-saklambac\/"},"modified":"2026-04-16T02:42:11","modified_gmt":"2026-04-15T23:42:11","slug":"mini-bilim-saklambac","status":"publish","type":"product","link":"https:\/\/roveyayinevi.com.tr\/index.php\/urun\/mini-bilim-saklambac\/","title":{"rendered":"Mini Bilim &#8211; Saklamba\u00e7"},"content":{"rendered":"<p>Vir\u00fcsler ve bakteriler hayat\u0131m\u0131z\u0131 nas\u0131l etkiler? Sis neden olu\u015fur?   Bilimle yeni tan\u0131\u015facak ailenin en k\u00fc\u00e7\u00fck \u00fcyeleri i\u00e7in \u00f6zel olarak haz\u0131rlanan \u201cMini Bilim\u201d serisi \u00e7ocuklar\u0131n gezegenimiz ve i\u00e7inde bulundu\u011fumuz evrene dair fark\u0131ndal\u0131klar\u0131n\u0131 art\u0131rmak i\u00e7in tasarland\u0131.   \u201cMini Bilim\u201d serisinin ikinci kitab\u0131 Mini Bilim: Saklamba\u00e7 d\u00fcnya, v\u00fccudumuz, vir\u00fcsler ve bakterilerle ilgili merak uyand\u0131ran sorular ve yan\u0131tlar i\u00e7eriyor. Minik ara\u015ft\u0131rmac\u0131 \u015e\u0131p bu yeni maceras\u0131nda gezegenimiz, akyuvarlar\u0131m\u0131z ve vir\u00fcslerle ilgili m\u00fcthi\u015f bir ke\u015fif yolcu\u011funa \u00e7\u0131k\u0131yor. Laura Ertimo\u2019nun \u00e7ocuklar\u0131 bilimle tan\u0131\u015ft\u0131rmak i\u00e7in karma\u015f\u0131k konular\u0131 samimi bir dille anlatt\u0131\u011f\u0131 bu muhte\u015fem kitaba ilgi \u00e7ekici resimleriyle Sanna Peliccioni e\u015flik ediyor.<\/p>\n","protected":false},"excerpt":{"rendered":"<p>Vir\u00fcsler ve bakteriler hayat\u0131m\u0131z\u0131 nas\u0131l etkiler? Sis neden olu\u015fur? Bilimle yeni tan\u0131\u015facak ailenin en k\u00fc\u00e7\u00fck \u00fcyeleri i\u00e7in \u00f6zel olarak haz\u0131rlanan \u201cMini Bilim\u201d serisi \u00e7ocuklar\u0131n gezegenimiz ve<span class=\"excerpt-hellip\"> [\u2026]<\/span><\/p>\n","protected":false},"featured_media":0,"template":"","meta":{"_monsterinsights_skip_tracking":false,"_monsterinsights_sitenote_active":false,"_monsterinsights_sitenote_note":"","_monsterinsights_sitenote_category":0},"product_brand":[],"product_cat":[12913,12274],"product_tag":[],"class_list":{"0":"post-734542","1":"product","2":"type-product","3":"status-publish","5":"product_cat-3-6-yas-kitaplari","6":"product_cat-cocuk-ve-genclik-kitaplari","7":"pa_cilt-ciltsiz","8":"pa_tur-kitap","9":"pa_yayinevi-yapi-kredi-yayinlari","10":"pa_yazar-laura-ertimo-sanna-pelliccioni","12":"first","13":"instock","14":"sale","15":"shipping-taxable","16":"purchasable","17":"product-type-simple"},"_links":{"self":[{"href":"https:\/\/roveyayinevi.com.tr\/index.php\/wp-json\/wp\/v2\/product\/734542","targetHints":{"allow":["GET"]}}],"collection":[{"href":"https:\/\/roveyayinevi.com.tr\/index.php\/wp-json\/wp\/v2\/product"}],"about":[{"href":"https:\/\/roveyayinevi.com.tr\/index.php\/wp-json\/wp\/v2\/types\/product"}],"wp:attachment":[{"href":"https:\/\/roveyayinevi.com.tr\/index.php\/wp-json\/wp\/v2\/media?parent=734542"}],"wp:term":[{"taxonomy":"product_brand","embeddable":true,"href":"https:\/\/roveyayinevi.com.tr\/index.php\/wp-json\/wp\/v2\/product_brand?post=734542"},{"taxonomy":"product_cat","embeddable":true,"href":"https:\/\/roveyayinevi.com.tr\/index.php\/wp-json\/wp\/v2\/product_cat?post=734542"},{"taxonomy":"product_tag","embeddable":true,"href":"https:\/\/roveyayinevi.com.tr\/index.php\/wp-json\/wp\/v2\/product_tag?post=734542"}],"curies":[{"name":"wp","href":"https:\/\/api.w.org\/{rel}","templated":true}]}}