{"id":734540,"date":"2025-08-27T22:30:18","date_gmt":"2025-08-27T19:30:18","guid":{"rendered":"https:\/\/roveyayinevi.com.tr\/index.php\/urun\/kar-kuresiyle-yolculuk-barselona\/"},"modified":"2026-04-16T02:42:11","modified_gmt":"2026-04-15T23:42:11","slug":"kar-kuresiyle-yolculuk-barselona","status":"publish","type":"product","link":"https:\/\/roveyayinevi.com.tr\/index.php\/urun\/kar-kuresiyle-yolculuk-barselona\/","title":{"rendered":"Kar K\u00fcresiyle Yolculuk &#8211; Barselona"},"content":{"rendered":"<p>\u00c7a\u011fda\u015f \u00e7ocuk edebiyat\u0131n\u0131n sevilen yazar\u0131 Burcu Bahar\u2019dan T\u00fcrkiye\u2019den ba\u015flay\u0131p \u0130spanya\u2019ya uzanan macera ve gizem dolu bir roman.   Yaz tatilinde annesinin i\u015fletti\u011fi bakkalda \u00e7\u0131rakl\u0131k yapan Doruk\u2019un en sevdi\u011fi \u015fey, mahallelinin, \u201cD\u00fcnyal\u0131 Teyze\u201d ad\u0131n\u0131 takt\u0131\u011f\u0131 kom\u015fular\u0131na sipari\u015f g\u00f6t\u00fcrmektir. \u00c7\u00fcnk\u00fc D\u00fcnyal\u0131 Teyze\u2019nin evindeki \u00e7e\u015fit \u00e7e\u015fit kar k\u00fcrelerine bakmak, farkl\u0131 \u00fclkeleri tan\u0131mak Doruk\u2019un ilgisini \u00e7ekmektedir. Ama o g\u00fcn, hi\u00e7 beklenmedik bir \u015fey olur. Doruk\u2019un tuttu\u011fu kar k\u00fcresi onu Barselona\u2019ya g\u00f6t\u00fcr\u00fcr. \u00dcstelik yan\u0131nda, mahallenin zorba \u00e7ocu\u011fu Efe, tepelerinde de kocaman, simsiyah bir ku\u015f vard\u0131r. Efe ve Doruk\u2019u Barselona\u2019da neler beklemektedir? <\/p>\n","protected":false},"excerpt":{"rendered":"<p>\u00c7a\u011fda\u015f \u00e7ocuk edebiyat\u0131n\u0131n sevilen yazar\u0131 Burcu Bahar\u2019dan T\u00fcrkiye\u2019den ba\u015flay\u0131p \u0130spanya\u2019ya uzanan macera ve gizem dolu bir roman. Yaz tatilinde annesinin i\u015fletti\u011fi bakkalda \u00e7\u0131rakl\u0131k yapan Doruk\u2019un en<span class=\"excerpt-hellip\"> [\u2026]<\/span><\/p>\n","protected":false},"featured_media":0,"template":"","meta":{"_monsterinsights_skip_tracking":false,"_monsterinsights_sitenote_active":false,"_monsterinsights_sitenote_note":"","_monsterinsights_sitenote_category":0},"product_brand":[],"product_cat":[12275,12274],"product_tag":[],"class_list":{"0":"post-734540","1":"product","2":"type-product","3":"status-publish","5":"product_cat-6-12-yas-kitaplari","6":"product_cat-cocuk-ve-genclik-kitaplari","7":"pa_cilt-ciltsiz","8":"pa_tur-kitap","9":"pa_yayinevi-kirmizi-kedi-yayinevi","10":"pa_yazar-burcu-bahar","12":"first","13":"instock","14":"sale","15":"shipping-taxable","16":"purchasable","17":"product-type-simple"},"_links":{"self":[{"href":"https:\/\/roveyayinevi.com.tr\/index.php\/wp-json\/wp\/v2\/product\/734540","targetHints":{"allow":["GET"]}}],"collection":[{"href":"https:\/\/roveyayinevi.com.tr\/index.php\/wp-json\/wp\/v2\/product"}],"about":[{"href":"https:\/\/roveyayinevi.com.tr\/index.php\/wp-json\/wp\/v2\/types\/product"}],"wp:attachment":[{"href":"https:\/\/roveyayinevi.com.tr\/index.php\/wp-json\/wp\/v2\/media?parent=734540"}],"wp:term":[{"taxonomy":"product_brand","embeddable":true,"href":"https:\/\/roveyayinevi.com.tr\/index.php\/wp-json\/wp\/v2\/product_brand?post=734540"},{"taxonomy":"product_cat","embeddable":true,"href":"https:\/\/roveyayinevi.com.tr\/index.php\/wp-json\/wp\/v2\/product_cat?post=734540"},{"taxonomy":"product_tag","embeddable":true,"href":"https:\/\/roveyayinevi.com.tr\/index.php\/wp-json\/wp\/v2\/product_tag?post=734540"}],"curies":[{"name":"wp","href":"https:\/\/api.w.org\/{rel}","templated":true}]}}