{"id":734539,"date":"2025-08-27T22:30:16","date_gmt":"2025-08-27T19:30:16","guid":{"rendered":"https:\/\/roveyayinevi.com.tr\/index.php\/urun\/agzimda-laf-varken-konusamiyorum\/"},"modified":"2026-04-16T02:42:11","modified_gmt":"2026-04-15T23:42:11","slug":"agzimda-laf-varken-konusamiyorum","status":"publish","type":"product","link":"https:\/\/roveyayinevi.com.tr\/index.php\/urun\/agzimda-laf-varken-konusamiyorum\/","title":{"rendered":"A\u011fz\u0131mda Laf Varken Konu\u015fam\u0131yorum"},"content":{"rendered":"<p>Birka\u00e7 s\u00f6zle ge\u00e7iyor ili\u015fkiler, s\u00f6zleniyoruz Shakira\u2019y\u0131 \u00e7ama\u015f\u0131r y\u0131kamaya \u00e7a\u011f\u0131r\u0131yorum Ve herkesin akl\u0131n\u0131 y\u0131k\u0131yorum otomatikman D\u0131\u015farda hayat devam ediyor sit-com k\u0131vam\u0131nda Arkam\u0131zda kahkahas\u0131 eksik bir hayat Benimi ald\u0131rmam\u0131 s\u00f6yl\u00fcyor doktor Ve bensiz kal\u0131yorum bir anda seninle   Oturdu\u011fum yerde kal\u0131yorum \u00e7\u00f6reklenip Kafas\u0131n\u0131 \u00e7\u0131karmayan y\u0131lan pozunda Bir Dark alabilir miyim? barmen Jan Dark \u00f6ld\u00fc, diyor yan\u0131mdaki adam Ya da \u00f6yle san\u0131yorum s\u0131r\u0131tt\u0131\u011f\u0131 i\u00e7in Hay\u0131r gece uzakla\u015f\u0131yor i\u00e7ti\u011fim i\u00e7in Bizi getiren trenlerde kabahat   Buraya \u00fc\u00e7 g\u00fcn ya\u011fmur ya\u011fd\u0131 ve dizeler o y\u00fczden akt\u0131 <\/p>\n","protected":false},"excerpt":{"rendered":"<p>Birka\u00e7 s\u00f6zle ge\u00e7iyor ili\u015fkiler, s\u00f6zleniyoruz Shakira\u2019y\u0131 \u00e7ama\u015f\u0131r y\u0131kamaya \u00e7a\u011f\u0131r\u0131yorum Ve herkesin akl\u0131n\u0131 y\u0131k\u0131yorum otomatikman D\u0131\u015farda hayat devam ediyor sit-com k\u0131vam\u0131nda Arkam\u0131zda kahkahas\u0131 eksik bir hayat Benimi<span class=\"excerpt-hellip\"> [\u2026]<\/span><\/p>\n","protected":false},"featured_media":0,"template":"","meta":{"_monsterinsights_skip_tracking":false,"_monsterinsights_sitenote_active":false,"_monsterinsights_sitenote_note":"","_monsterinsights_sitenote_category":0},"product_brand":[],"product_cat":[12291,12509],"product_tag":[],"class_list":{"0":"post-734539","1":"product","2":"type-product","3":"status-publish","5":"product_cat-edebiyat","6":"product_cat-siir","7":"pa_cilt-ciltsiz","8":"pa_tur-kitap","9":"pa_yayinevi-kirmizi-kedi-yayinevi","10":"pa_yazar-oguzhan-akay","12":"first","13":"instock","14":"sale","15":"shipping-taxable","16":"purchasable","17":"product-type-simple"},"_links":{"self":[{"href":"https:\/\/roveyayinevi.com.tr\/index.php\/wp-json\/wp\/v2\/product\/734539","targetHints":{"allow":["GET"]}}],"collection":[{"href":"https:\/\/roveyayinevi.com.tr\/index.php\/wp-json\/wp\/v2\/product"}],"about":[{"href":"https:\/\/roveyayinevi.com.tr\/index.php\/wp-json\/wp\/v2\/types\/product"}],"wp:attachment":[{"href":"https:\/\/roveyayinevi.com.tr\/index.php\/wp-json\/wp\/v2\/media?parent=734539"}],"wp:term":[{"taxonomy":"product_brand","embeddable":true,"href":"https:\/\/roveyayinevi.com.tr\/index.php\/wp-json\/wp\/v2\/product_brand?post=734539"},{"taxonomy":"product_cat","embeddable":true,"href":"https:\/\/roveyayinevi.com.tr\/index.php\/wp-json\/wp\/v2\/product_cat?post=734539"},{"taxonomy":"product_tag","embeddable":true,"href":"https:\/\/roveyayinevi.com.tr\/index.php\/wp-json\/wp\/v2\/product_tag?post=734539"}],"curies":[{"name":"wp","href":"https:\/\/api.w.org\/{rel}","templated":true}]}}