{"id":734538,"date":"2025-08-27T22:30:16","date_gmt":"2025-08-27T19:30:16","guid":{"rendered":"https:\/\/roveyayinevi.com.tr\/index.php\/urun\/turkiyede-ilginc-evlilik-gelenekleri\/"},"modified":"2026-04-16T02:42:11","modified_gmt":"2026-04-15T23:42:11","slug":"turkiyede-ilginc-evlilik-gelenekleri","status":"publish","type":"product","link":"https:\/\/roveyayinevi.com.tr\/index.php\/urun\/turkiyede-ilginc-evlilik-gelenekleri\/","title":{"rendered":"T\u00fcrkiye\u2019de \u0130lgin\u00e7 Evlilik Gelenekleri"},"content":{"rendered":"<p>\u00dclkemizin her b\u00f6lgesi \u00e7ok farkl\u0131 ve zengin geleneklere sahip. Bu zenginlikte evlili\u011fe ili\u015fkin rit\u00fceller ve \u00e2detler \u00f6nemli bir yer tutuyor. T\u00fcrkiye\u2019de evlilik gelenek ve g\u00f6renekleri, b\u00f6lgelere g\u00f6re benzerlik g\u00f6stermekle beraber, pek \u00e7ok farkl\u0131 unsuru da bar\u0131nd\u0131rd\u0131\u011f\u0131ndan hayli zengin. \u0130nsanlar\u0131n ba\u011fl\u0131 bulunduklar\u0131 k\u00fclt\u00fcrlerin yap\u0131s\u0131na g\u00f6re geli\u015fen ve de\u011fi\u015fim g\u00f6steren bu geleneklerin baz\u0131lar\u0131 varl\u0131\u011f\u0131n\u0131 s\u00fcrd\u00fcr\u00fcrken baz\u0131lar\u0131 \u00e7a\u011f\u0131n gere\u011fi yok olmaya y\u00fcz tutmu\u015f durumda. D\u00fcnyada Tuhaf Evlilik Gelenekleri kitab\u0131n\u0131n yazar\u0131 G\u00f6n\u00fcl Bakay bu kez T\u00fcrkiye\u2019deki evlilik geleneklerini mercek alt\u0131na al\u0131yor. Hem yaz\u0131l\u0131 kaynaklara hem de y\u00fcz y\u00fcze g\u00f6r\u00fc\u015fmelere, s\u00f6zl\u00fc kaynaklara ve sahaya dayanan bu \u00e7al\u0131\u015fma, eski T\u00fcrklerden itibaren g\u00fcn\u00fcm\u00fcze dek de\u011fi\u015fen aile yap\u0131s\u0131na ba\u011fl\u0131 olarak de\u011fi\u015fen evlilik al\u0131\u015fkanl\u0131klar\u0131na ve bu de\u011fi\u015fimlerin toplumsal kaynaklar\u0131na odaklan\u0131yor. T\u00fcrkiye\u2019de \u0130lgin\u00e7 Evlilik Gelenekleri, \u00fclkemizin k\u00fclt\u00fcrel hazinesine de\u011ferli bir katk\u0131 sunuyor. <\/p>\n","protected":false},"excerpt":{"rendered":"<p>\u00dclkemizin her b\u00f6lgesi \u00e7ok farkl\u0131 ve zengin geleneklere sahip. Bu zenginlikte evlili\u011fe ili\u015fkin rit\u00fceller ve \u00e2detler \u00f6nemli bir yer tutuyor. T\u00fcrkiye\u2019de evlilik gelenek ve g\u00f6renekleri, b\u00f6lgelere<span class=\"excerpt-hellip\"> [\u2026]<\/span><\/p>\n","protected":false},"featured_media":0,"template":"","meta":{"_monsterinsights_skip_tracking":false,"_monsterinsights_sitenote_active":false,"_monsterinsights_sitenote_note":"","_monsterinsights_sitenote_category":0},"product_brand":[],"product_cat":[20039,13488],"product_tag":[],"class_list":{"0":"post-734538","1":"product","2":"type-product","3":"status-publish","5":"product_cat-kultur-tarihi","6":"product_cat-toplum-ve-insan","7":"pa_cilt-ciltsiz","8":"pa_tur-kitap","9":"pa_yayinevi-kirmizi-kedi-yayinevi","10":"pa_yazar-gonul-bakay","12":"first","13":"instock","14":"sale","15":"shipping-taxable","16":"purchasable","17":"product-type-simple"},"_links":{"self":[{"href":"https:\/\/roveyayinevi.com.tr\/index.php\/wp-json\/wp\/v2\/product\/734538","targetHints":{"allow":["GET"]}}],"collection":[{"href":"https:\/\/roveyayinevi.com.tr\/index.php\/wp-json\/wp\/v2\/product"}],"about":[{"href":"https:\/\/roveyayinevi.com.tr\/index.php\/wp-json\/wp\/v2\/types\/product"}],"wp:attachment":[{"href":"https:\/\/roveyayinevi.com.tr\/index.php\/wp-json\/wp\/v2\/media?parent=734538"}],"wp:term":[{"taxonomy":"product_brand","embeddable":true,"href":"https:\/\/roveyayinevi.com.tr\/index.php\/wp-json\/wp\/v2\/product_brand?post=734538"},{"taxonomy":"product_cat","embeddable":true,"href":"https:\/\/roveyayinevi.com.tr\/index.php\/wp-json\/wp\/v2\/product_cat?post=734538"},{"taxonomy":"product_tag","embeddable":true,"href":"https:\/\/roveyayinevi.com.tr\/index.php\/wp-json\/wp\/v2\/product_tag?post=734538"}],"curies":[{"name":"wp","href":"https:\/\/api.w.org\/{rel}","templated":true}]}}