{"id":734537,"date":"2025-08-27T22:30:15","date_gmt":"2025-08-27T19:30:15","guid":{"rendered":"https:\/\/roveyayinevi.com.tr\/index.php\/urun\/dunyada-tuhaf-evlilik-gelenekleri\/"},"modified":"2026-04-16T02:42:11","modified_gmt":"2026-04-15T23:42:11","slug":"dunyada-tuhaf-evlilik-gelenekleri","status":"publish","type":"product","link":"https:\/\/roveyayinevi.com.tr\/index.php\/urun\/dunyada-tuhaf-evlilik-gelenekleri\/","title":{"rendered":"D\u00fcnyada Tuhaf Evlilik Gelenekleri"},"content":{"rendered":"<p>G\u00fcn\u00fcm\u00fczdeki ilke ve kurallar\u0131 belirlenmi\u015f evlilik kavram\u0131 yakla\u015f\u0131k d\u00f6rt bin y\u0131ll\u0131k bir ge\u00e7mi\u015fe sahip. Genel kan\u0131ya g\u00f6re, evlenmenin ve aile kurman\u0131n tarih boyunca temelde \u00fc\u00e7 i\u015flevi vard\u0131r: \u00e7ocuk sahibi olmak, sosyal, ekonomik vb. konularda destek bulmak ve elbette sevgiyle gelen duygusal tatmin. Nedeni ne olursa olsun evlilik, dini kurumlar ve devlet taraf\u0131ndan da desteklendi\u011fi gibi toplum a\u00e7\u0131s\u0131ndan da \u00f6nemli bir d\u00f6neme\u00e7tir. Sonu\u00e7 olarak bu kadar kutsanan ve \u00fczerine titrenen bir kurumun olu\u015fum a\u015famalar\u0131 da \u00f6zel rit\u00fcellerini yaratm\u0131\u015ft\u0131r. Ancak \u00f6zellikle 20. y\u00fczy\u0131l boyunca t\u00fcm d\u00fcnyay\u0131 etkisi alt\u0131na alan modernle\u015fme, b\u00fcy\u00fck toplumsal d\u00f6n\u00fc\u015f\u00fcmleri de beraberinde getirdi. Dolay\u0131s\u0131yla evlilik kurumu da b\u00fct\u00fcn bu d\u00f6n\u00fc\u015f\u00fcmlerden pay\u0131n\u0131 ald\u0131 ve geleneksel k\u00f6kleriyle olan ba\u011flar\u0131 ya yok oldu ya da zay\u0131flad\u0131. D\u00fcnyada Tuhaf Evlilik Gelenekleri adl\u0131 kitab\u0131nda G\u00f6n\u00fcl Bakay, d\u00fcnyadaki geleneklere e\u011filiyor ve \u00c7in\u2019den Fiji\u2019ye, Afganistan\u2019dan Latin Amerika\u2019ya, Hasidik Yahudilerden Avustralya Aborijinlerine kadar pek \u00e7ok \u00fclkedeki ve toplumdaki evlilik rit\u00fcellerini mercek alt\u0131na al\u0131p okuru, unutulmaya y\u00fcz tutmu\u015f gelenek ve g\u00f6reneklerin toplumsal, dini ve siyasal temellerine do\u011fru ufuk a\u00e7\u0131c\u0131 bir yolculu\u011fa \u00e7\u0131kar\u0131yor. <\/p>\n","protected":false},"excerpt":{"rendered":"<p>G\u00fcn\u00fcm\u00fczdeki ilke ve kurallar\u0131 belirlenmi\u015f evlilik kavram\u0131 yakla\u015f\u0131k d\u00f6rt bin y\u0131ll\u0131k bir ge\u00e7mi\u015fe sahip. Genel kan\u0131ya g\u00f6re, evlenmenin ve aile kurman\u0131n tarih boyunca temelde \u00fc\u00e7 i\u015flevi<span class=\"excerpt-hellip\"> [\u2026]<\/span><\/p>\n","protected":false},"featured_media":0,"template":"","meta":{"_monsterinsights_skip_tracking":false,"_monsterinsights_sitenote_active":false,"_monsterinsights_sitenote_note":"","_monsterinsights_sitenote_category":0},"product_brand":[],"product_cat":[20039,13488],"product_tag":[],"class_list":{"0":"post-734537","1":"product","2":"type-product","3":"status-publish","5":"product_cat-kultur-tarihi","6":"product_cat-toplum-ve-insan","7":"pa_cilt-ciltsiz","8":"pa_tur-kitap","9":"pa_yayinevi-kirmizi-kedi-yayinevi","10":"pa_yazar-gonul-bakay","12":"first","13":"instock","14":"sale","15":"shipping-taxable","16":"purchasable","17":"product-type-simple"},"_links":{"self":[{"href":"https:\/\/roveyayinevi.com.tr\/index.php\/wp-json\/wp\/v2\/product\/734537","targetHints":{"allow":["GET"]}}],"collection":[{"href":"https:\/\/roveyayinevi.com.tr\/index.php\/wp-json\/wp\/v2\/product"}],"about":[{"href":"https:\/\/roveyayinevi.com.tr\/index.php\/wp-json\/wp\/v2\/types\/product"}],"wp:attachment":[{"href":"https:\/\/roveyayinevi.com.tr\/index.php\/wp-json\/wp\/v2\/media?parent=734537"}],"wp:term":[{"taxonomy":"product_brand","embeddable":true,"href":"https:\/\/roveyayinevi.com.tr\/index.php\/wp-json\/wp\/v2\/product_brand?post=734537"},{"taxonomy":"product_cat","embeddable":true,"href":"https:\/\/roveyayinevi.com.tr\/index.php\/wp-json\/wp\/v2\/product_cat?post=734537"},{"taxonomy":"product_tag","embeddable":true,"href":"https:\/\/roveyayinevi.com.tr\/index.php\/wp-json\/wp\/v2\/product_tag?post=734537"}],"curies":[{"name":"wp","href":"https:\/\/api.w.org\/{rel}","templated":true}]}}