{"id":734531,"date":"2025-08-27T22:30:09","date_gmt":"2025-08-27T19:30:09","guid":{"rendered":"https:\/\/roveyayinevi.com.tr\/index.php\/urun\/spor-pazarlamasi-ve-iletisimi\/"},"modified":"2026-04-16T02:42:10","modified_gmt":"2026-04-15T23:42:10","slug":"spor-pazarlamasi-ve-iletisimi","status":"publish","type":"product","link":"https:\/\/roveyayinevi.com.tr\/index.php\/urun\/spor-pazarlamasi-ve-iletisimi\/","title":{"rendered":"Spor Pazarlamas\u0131 ve \u0130leti\u015fimi"},"content":{"rendered":"<p>1.      SPOR END\u00dcSTRISI 2.      SPOR PAZARLAMASI: FELSEFESI, GELI\u015eIMI, KAVRAM VE \u00d6ZELLIKLERI 3.      SPORDA PAZARLAMA KARMASI 4.      SPORDA PAZARLAMA \u0130LETI\u015eIMI 5.      B\u0130R \u0130LET\u0130\u015e\u0130M ARACI OLARAK SPOR PAZARLAMASI VE SPORDA SPONSORLUK 6.      SPORDA GERILLA PAZARLAMA <\/p>\n","protected":false},"excerpt":{"rendered":"<p>1. SPOR END\u00dcSTRISI 2. SPOR PAZARLAMASI: FELSEFESI, GELI\u015eIMI, KAVRAM VE \u00d6ZELLIKLERI 3. SPORDA PAZARLAMA KARMASI 4. SPORDA PAZARLAMA \u0130LETI\u015eIMI 5. B\u0130R \u0130LET\u0130\u015e\u0130M ARACI OLARAK SPOR PAZARLAMASI<span class=\"excerpt-hellip\"> [\u2026]<\/span><\/p>\n","protected":false},"featured_media":0,"template":"","meta":{"_monsterinsights_skip_tracking":false,"_monsterinsights_sitenote_active":false,"_monsterinsights_sitenote_note":"","_monsterinsights_sitenote_category":0},"product_brand":[],"product_cat":[15563,15564],"product_tag":[],"class_list":{"0":"post-734531","1":"product","2":"type-product","3":"status-publish","5":"product_cat-hobi","6":"product_cat-spor","7":"pa_cilt-ciltsiz","8":"pa_tur-kitap","9":"pa_yayinevi-gazi-kitabevi","10":"pa_yazar-yesim-avunduk","12":"first","13":"instock","14":"sale","15":"shipping-taxable","16":"purchasable","17":"product-type-simple"},"_links":{"self":[{"href":"https:\/\/roveyayinevi.com.tr\/index.php\/wp-json\/wp\/v2\/product\/734531","targetHints":{"allow":["GET"]}}],"collection":[{"href":"https:\/\/roveyayinevi.com.tr\/index.php\/wp-json\/wp\/v2\/product"}],"about":[{"href":"https:\/\/roveyayinevi.com.tr\/index.php\/wp-json\/wp\/v2\/types\/product"}],"wp:attachment":[{"href":"https:\/\/roveyayinevi.com.tr\/index.php\/wp-json\/wp\/v2\/media?parent=734531"}],"wp:term":[{"taxonomy":"product_brand","embeddable":true,"href":"https:\/\/roveyayinevi.com.tr\/index.php\/wp-json\/wp\/v2\/product_brand?post=734531"},{"taxonomy":"product_cat","embeddable":true,"href":"https:\/\/roveyayinevi.com.tr\/index.php\/wp-json\/wp\/v2\/product_cat?post=734531"},{"taxonomy":"product_tag","embeddable":true,"href":"https:\/\/roveyayinevi.com.tr\/index.php\/wp-json\/wp\/v2\/product_tag?post=734531"}],"curies":[{"name":"wp","href":"https:\/\/api.w.org\/{rel}","templated":true}]}}