{"id":734530,"date":"2025-08-27T22:30:08","date_gmt":"2025-08-27T19:30:08","guid":{"rendered":"https:\/\/roveyayinevi.com.tr\/index.php\/urun\/pandemi-sureci-ve-toplumsal-yapi\/"},"modified":"2026-04-16T02:42:10","modified_gmt":"2026-04-15T23:42:10","slug":"pandemi-sureci-ve-toplumsal-yapi","status":"publish","type":"product","link":"https:\/\/roveyayinevi.com.tr\/index.php\/urun\/pandemi-sureci-ve-toplumsal-yapi\/","title":{"rendered":"Pandemi S\u00fcreci ve Toplumsal Yap\u0131"},"content":{"rendered":"<p>1.      PANDEM\u0130 S\u00dcREC\u0130 VE D\u0130N\u0130 HAYAT 2.      PANDEM\u0130 KR\u0130Z\u0130N\u0130N \u0130\u015eLETMELER \u00dcZER\u0130NDEK\u0130 F\u0130NANSAL ETK\u0130LER\u0130 3.      COVID SALGINI S\u00dcREC\u0130NDE T\u00dcKET\u0130C\u0130 DAVRANI\u015eLARI \u00dcZER\u0130NE YAPILAN \u00c7ALI\u015eMALARA \u0130L\u0130\u015eK\u0130N B\u0130R ULUSAL YAZIN TARAMASI 4.      COVID-19 SALGINININ HANEHALKI F\u0130NANSI \u00dcZER\u0130NDEK\u0130 ETK\u0130LER\u0130: OLTU \u0130L\u00c7ES\u0130 \u00d6RNE\u011e\u0130 5.      PANDEM\u0130DE SOSYAL HAYAT <\/p>\n","protected":false},"excerpt":{"rendered":"<p>1. PANDEM\u0130 S\u00dcREC\u0130 VE D\u0130N\u0130 HAYAT 2. PANDEM\u0130 KR\u0130Z\u0130N\u0130N \u0130\u015eLETMELER \u00dcZER\u0130NDEK\u0130 F\u0130NANSAL ETK\u0130LER\u0130 3. COVID SALGINI S\u00dcREC\u0130NDE T\u00dcKET\u0130C\u0130 DAVRANI\u015eLARI \u00dcZER\u0130NE YAPILAN \u00c7ALI\u015eMALARA \u0130L\u0130\u015eK\u0130N B\u0130R ULUSAL YAZIN<span class=\"excerpt-hellip\"> [\u2026]<\/span><\/p>\n","protected":false},"featured_media":0,"template":"","meta":{"_monsterinsights_skip_tracking":false,"_monsterinsights_sitenote_active":false,"_monsterinsights_sitenote_note":"","_monsterinsights_sitenote_category":0},"product_brand":[],"product_cat":[13005,40995],"product_tag":[],"class_list":{"0":"post-734530","1":"product","2":"type-product","3":"status-publish","5":"product_cat-bilim-muhendislik","6":"product_cat-sosyal-bilimler","7":"pa_cilt-ciltsiz","8":"pa_tur-kitap","9":"pa_yayinevi-gazi-kitabevi","10":"pa_yazar-lokman-cerrah-murat-dilmac","12":"first","13":"instock","14":"sale","15":"shipping-taxable","16":"purchasable","17":"product-type-simple"},"_links":{"self":[{"href":"https:\/\/roveyayinevi.com.tr\/index.php\/wp-json\/wp\/v2\/product\/734530","targetHints":{"allow":["GET"]}}],"collection":[{"href":"https:\/\/roveyayinevi.com.tr\/index.php\/wp-json\/wp\/v2\/product"}],"about":[{"href":"https:\/\/roveyayinevi.com.tr\/index.php\/wp-json\/wp\/v2\/types\/product"}],"wp:attachment":[{"href":"https:\/\/roveyayinevi.com.tr\/index.php\/wp-json\/wp\/v2\/media?parent=734530"}],"wp:term":[{"taxonomy":"product_brand","embeddable":true,"href":"https:\/\/roveyayinevi.com.tr\/index.php\/wp-json\/wp\/v2\/product_brand?post=734530"},{"taxonomy":"product_cat","embeddable":true,"href":"https:\/\/roveyayinevi.com.tr\/index.php\/wp-json\/wp\/v2\/product_cat?post=734530"},{"taxonomy":"product_tag","embeddable":true,"href":"https:\/\/roveyayinevi.com.tr\/index.php\/wp-json\/wp\/v2\/product_tag?post=734530"}],"curies":[{"name":"wp","href":"https:\/\/api.w.org\/{rel}","templated":true}]}}