{"id":734528,"date":"2025-08-27T22:30:05","date_gmt":"2025-08-27T19:30:05","guid":{"rendered":"https:\/\/roveyayinevi.com.tr\/index.php\/urun\/genclik-turkusu\/"},"modified":"2026-04-16T02:42:10","modified_gmt":"2026-04-15T23:42:10","slug":"genclik-turkusu","status":"publish","type":"product","link":"https:\/\/roveyayinevi.com.tr\/index.php\/urun\/genclik-turkusu\/","title":{"rendered":"Gen\u00e7lik T\u00fcrk\u00fcs\u00fc"},"content":{"rendered":"<p>T\u00fcrk edebiyat\u0131n\u0131n tan\u0131nm\u0131\u015f ve k\u0131ymetli yazarlar\u0131ndan Tar\u0131k Bu\u011fra sadece romanlar\u0131yla \u00f6ne \u00e7\u0131km\u0131\u015f bir isim de\u011fildir. O, kalemini gerek hik\u00e2ye gerek tiyatro ve senaryo gerekse f\u0131kra ve deneme \u00e7al\u0131\u015fmalar\u0131 i\u00e7in de usta bir \u015fekilde kullanm\u0131\u015ft\u0131r. F\u0131kralar\u0131ndan derlenen Gen\u00e7lik T\u00fcrk\u00fcs\u00fc isimli bu kitap da onun, \u00e7o\u011funlu\u011fu Yeni \u0130stanbul\u2019dan al\u0131nan yaz\u0131lar\u0131n bir araya getirilmesiyle ortaya \u00e7\u0131km\u0131\u015ft\u0131r. \u0130lk kez Milliyet\u00e7iler Derne\u011fi Ne\u015friyat taraf\u0131ndan 1964\u2019te yay\u0131mlanan kitap, Bu\u011fra\u2019n\u0131n kaleminin k\u0131vrakl\u0131\u011f\u0131n\u0131 ve di\u011fer t\u00fcrlerde oldu\u011fu gibi, f\u0131kra-deneme t\u00fcr\u00fcndeki ustal\u0131\u011f\u0131n\u0131 da okuyucuya g\u00f6stermektedir.<\/p>\n","protected":false},"excerpt":{"rendered":"<p>T\u00fcrk edebiyat\u0131n\u0131n tan\u0131nm\u0131\u015f ve k\u0131ymetli yazarlar\u0131ndan Tar\u0131k Bu\u011fra sadece romanlar\u0131yla \u00f6ne \u00e7\u0131km\u0131\u015f bir isim de\u011fildir. O, kalemini gerek hik\u00e2ye gerek tiyatro ve senaryo gerekse f\u0131kra ve<span class=\"excerpt-hellip\"> [\u2026]<\/span><\/p>\n","protected":false},"featured_media":0,"template":"","meta":{"_monsterinsights_skip_tracking":false,"_monsterinsights_sitenote_active":false,"_monsterinsights_sitenote_note":"","_monsterinsights_sitenote_category":0},"product_brand":[],"product_cat":[12777,12291],"product_tag":[],"class_list":{"0":"post-734528","1":"product","2":"type-product","3":"status-publish","5":"product_cat-deneme","6":"product_cat-edebiyat","7":"pa_cilt-ciltsiz","8":"pa_tur-kitap","9":"pa_yayinevi-otuken-nesriyat","10":"pa_yazar-tarik-bugra","12":"first","13":"instock","14":"sale","15":"shipping-taxable","16":"purchasable","17":"product-type-simple"},"_links":{"self":[{"href":"https:\/\/roveyayinevi.com.tr\/index.php\/wp-json\/wp\/v2\/product\/734528","targetHints":{"allow":["GET"]}}],"collection":[{"href":"https:\/\/roveyayinevi.com.tr\/index.php\/wp-json\/wp\/v2\/product"}],"about":[{"href":"https:\/\/roveyayinevi.com.tr\/index.php\/wp-json\/wp\/v2\/types\/product"}],"wp:attachment":[{"href":"https:\/\/roveyayinevi.com.tr\/index.php\/wp-json\/wp\/v2\/media?parent=734528"}],"wp:term":[{"taxonomy":"product_brand","embeddable":true,"href":"https:\/\/roveyayinevi.com.tr\/index.php\/wp-json\/wp\/v2\/product_brand?post=734528"},{"taxonomy":"product_cat","embeddable":true,"href":"https:\/\/roveyayinevi.com.tr\/index.php\/wp-json\/wp\/v2\/product_cat?post=734528"},{"taxonomy":"product_tag","embeddable":true,"href":"https:\/\/roveyayinevi.com.tr\/index.php\/wp-json\/wp\/v2\/product_tag?post=734528"}],"curies":[{"name":"wp","href":"https:\/\/api.w.org\/{rel}","templated":true}]}}