{"id":734525,"date":"2025-08-27T22:30:02","date_gmt":"2025-08-27T19:30:02","guid":{"rendered":"https:\/\/roveyayinevi.com.tr\/index.php\/urun\/babalar-ve-ogullar-ciltli\/"},"modified":"2026-04-16T02:42:10","modified_gmt":"2026-04-15T23:42:10","slug":"babalar-ve-ogullar-ciltli","status":"publish","type":"product","link":"https:\/\/roveyayinevi.com.tr\/index.php\/urun\/babalar-ve-ogullar-ciltli\/","title":{"rendered":"Babalar ve O\u011fullar (Ciltli)"},"content":{"rendered":"<p>Rusya\u2019da yay\u0131mlanm\u0131\u015f ilk modern roman olarak kabul edilen, ku\u015faklar aras\u0131 \u00e7at\u0131\u015fmay\u0131 merkeze alan Babalar ve O\u011fullar roman\u0131 yay\u0131mland\u0131\u011f\u0131 d\u00f6nemde b\u00fcy\u00fck yank\u0131 uyand\u0131rm\u0131\u015ft\u0131r. Romana duyulan tepki o kadar b\u00fcy\u00fcm\u00fc\u015ft\u00fc ki Turgenyev \u00fclkeyi terk etmek zorunda kalm\u0131\u015ft\u0131. Roman\u0131n ba\u015fkarakteri olan Doktor Bazarov bilimi \u00f6nceleyen tavr\u0131yla mutaass\u0131p aile bireylerine meydan okumakla kalmaz t\u00fcm geleneksel kurum ve otoriteye de ba\u015fkald\u0131rmaktad\u0131r. Hem d\u00f6nem Rusyas\u0131\u2019ndaki devrimci d\u00fc\u015f\u00fcncenin geli\u015fimini ve yak\u0131c\u0131 hoyratl\u0131\u011f\u0131n\u0131 hem de son d\u00f6nemlerini ya\u015fayan kat\u0131 muhafazakarl\u0131\u011f\u0131n \u00e7\u00f6z\u00fcl\u00fc\u015f\u00fcn\u00fc g\u00f6zler \u00f6n\u00fcne seren roman belki Turgenyev\u2019in vatan\u0131n\u0131 terk etmesiyle sonu\u00e7lanan olaylar silsilesini tetiklemi\u015f yazar\u0131n Paris\u2019te memleket hasretiyle hayata g\u00f6zlerini yummas\u0131na sebep olmu\u015ftu fakat ayn\u0131 zamanda Turgenyev\u2019in d\u00fcnya \u00e7ap\u0131nda hakl\u0131 bir \u015f\u00f6hrete sahip olmas\u0131n\u0131 ve  Rus yazarlar\u0131n\u0131n da en \u00f6nemlilerinden birisi olarak kabul g\u00f6rmesini sa\u011flam\u0131\u015ft\u0131.<\/p>\n","protected":false},"excerpt":{"rendered":"<p>Rusya\u2019da yay\u0131mlanm\u0131\u015f ilk modern roman olarak kabul edilen, ku\u015faklar aras\u0131 \u00e7at\u0131\u015fmay\u0131 merkeze alan Babalar ve O\u011fullar roman\u0131 yay\u0131mland\u0131\u011f\u0131 d\u00f6nemde b\u00fcy\u00fck yank\u0131 uyand\u0131rm\u0131\u015ft\u0131r. Romana duyulan tepki o<span class=\"excerpt-hellip\"> [\u2026]<\/span><\/p>\n","protected":false},"featured_media":0,"template":"","meta":{"_monsterinsights_skip_tracking":false,"_monsterinsights_sitenote_active":false,"_monsterinsights_sitenote_note":"","_monsterinsights_sitenote_category":0},"product_brand":[],"product_cat":[12291,13872],"product_tag":[],"class_list":{"0":"post-734525","1":"product","2":"type-product","3":"status-publish","5":"product_cat-edebiyat","6":"product_cat-klasikler","7":"pa_cilt-ciltli","8":"pa_tur-kitap","9":"pa_yayinevi-otuken-nesriyat","10":"pa_yazar-ivan-sergeyevic-turgenyev","12":"first","13":"instock","14":"sale","15":"shipping-taxable","16":"purchasable","17":"product-type-simple"},"_links":{"self":[{"href":"https:\/\/roveyayinevi.com.tr\/index.php\/wp-json\/wp\/v2\/product\/734525","targetHints":{"allow":["GET"]}}],"collection":[{"href":"https:\/\/roveyayinevi.com.tr\/index.php\/wp-json\/wp\/v2\/product"}],"about":[{"href":"https:\/\/roveyayinevi.com.tr\/index.php\/wp-json\/wp\/v2\/types\/product"}],"wp:attachment":[{"href":"https:\/\/roveyayinevi.com.tr\/index.php\/wp-json\/wp\/v2\/media?parent=734525"}],"wp:term":[{"taxonomy":"product_brand","embeddable":true,"href":"https:\/\/roveyayinevi.com.tr\/index.php\/wp-json\/wp\/v2\/product_brand?post=734525"},{"taxonomy":"product_cat","embeddable":true,"href":"https:\/\/roveyayinevi.com.tr\/index.php\/wp-json\/wp\/v2\/product_cat?post=734525"},{"taxonomy":"product_tag","embeddable":true,"href":"https:\/\/roveyayinevi.com.tr\/index.php\/wp-json\/wp\/v2\/product_tag?post=734525"}],"curies":[{"name":"wp","href":"https:\/\/api.w.org\/{rel}","templated":true}]}}