{"id":734524,"date":"2025-08-27T22:30:01","date_gmt":"2025-08-27T19:30:01","guid":{"rendered":"https:\/\/roveyayinevi.com.tr\/index.php\/urun\/duvarindan-memnun-olmayan-tas\/"},"modified":"2026-04-16T02:42:10","modified_gmt":"2026-04-15T23:42:10","slug":"duvarindan-memnun-olmayan-tas","status":"publish","type":"product","link":"https:\/\/roveyayinevi.com.tr\/index.php\/urun\/duvarindan-memnun-olmayan-tas\/","title":{"rendered":"Duvar\u0131ndan Memnun Olmayan Ta\u015f"},"content":{"rendered":"<p>Fatma Aksu\u2019nun duvar\u0131ndan memnun olmayan ta\u015f kitab\u0131nda halk edebiyat\u0131ndan divan edebiyat\u0131na, Bat\u0131l\u0131 yazarlardan \u015eark klasiklerine kadar geni\u015f bir imge d\u00fcnyas\u0131 ve mecaz kullan\u0131m\u0131 g\u00f6zlemleniyor.Bunun g\u00fcnl\u00fck kullan\u0131lan dilin yal\u0131nl\u0131\u011f\u0131 ve her kesimden okur i\u00e7in anla\u015f\u0131labilir bir \u00fcslup b\u00fct\u00fcnl\u00fc\u011f\u00fc ile yap\u0131lm\u0131\u015f olmas\u0131 da eseri emsallerinden farkl\u0131la\u015ft\u0131r\u0131yor. Sadelik i\u00e7inde soyut d\u00fc\u015f\u00fcnceyi T\u00fcrk\u00e7enin imk\u00e2nlar\u0131yla g\u00fc\u00e7lendiriyor. Yeni T\u00fcrk \u015fiirine farkl\u0131 kap\u0131lar aral\u0131yor.<\/p>\n","protected":false},"excerpt":{"rendered":"<p>Fatma Aksu\u2019nun duvar\u0131ndan memnun olmayan ta\u015f kitab\u0131nda halk edebiyat\u0131ndan divan edebiyat\u0131na, Bat\u0131l\u0131 yazarlardan \u015eark klasiklerine kadar geni\u015f bir imge d\u00fcnyas\u0131 ve mecaz kullan\u0131m\u0131 g\u00f6zlemleniyor.Bunun g\u00fcnl\u00fck kullan\u0131lan<span class=\"excerpt-hellip\"> [\u2026]<\/span><\/p>\n","protected":false},"featured_media":0,"template":"","meta":{"_monsterinsights_skip_tracking":false,"_monsterinsights_sitenote_active":false,"_monsterinsights_sitenote_note":"","_monsterinsights_sitenote_category":0},"product_brand":[],"product_cat":[12291,12509],"product_tag":[],"class_list":{"0":"post-734524","1":"product","2":"type-product","3":"status-publish","5":"product_cat-edebiyat","6":"product_cat-siir","7":"pa_cilt-ciltsiz","8":"pa_tur-kitap","9":"pa_yayinevi-otuken-nesriyat","10":"pa_yazar-fatma-aksu","12":"first","13":"instock","14":"sale","15":"shipping-taxable","16":"purchasable","17":"product-type-simple"},"_links":{"self":[{"href":"https:\/\/roveyayinevi.com.tr\/index.php\/wp-json\/wp\/v2\/product\/734524","targetHints":{"allow":["GET"]}}],"collection":[{"href":"https:\/\/roveyayinevi.com.tr\/index.php\/wp-json\/wp\/v2\/product"}],"about":[{"href":"https:\/\/roveyayinevi.com.tr\/index.php\/wp-json\/wp\/v2\/types\/product"}],"wp:attachment":[{"href":"https:\/\/roveyayinevi.com.tr\/index.php\/wp-json\/wp\/v2\/media?parent=734524"}],"wp:term":[{"taxonomy":"product_brand","embeddable":true,"href":"https:\/\/roveyayinevi.com.tr\/index.php\/wp-json\/wp\/v2\/product_brand?post=734524"},{"taxonomy":"product_cat","embeddable":true,"href":"https:\/\/roveyayinevi.com.tr\/index.php\/wp-json\/wp\/v2\/product_cat?post=734524"},{"taxonomy":"product_tag","embeddable":true,"href":"https:\/\/roveyayinevi.com.tr\/index.php\/wp-json\/wp\/v2\/product_tag?post=734524"}],"curies":[{"name":"wp","href":"https:\/\/api.w.org\/{rel}","templated":true}]}}