{"id":734521,"date":"2025-08-27T22:29:58","date_gmt":"2025-08-27T19:29:58","guid":{"rendered":"https:\/\/roveyayinevi.com.tr\/index.php\/urun\/gelecek-sen\/"},"modified":"2026-04-16T02:42:10","modified_gmt":"2026-04-15T23:42:10","slug":"gelecek-sen","status":"publish","type":"product","link":"https:\/\/roveyayinevi.com.tr\/index.php\/urun\/gelecek-sen\/","title":{"rendered":"Gelecek Sen"},"content":{"rendered":"<p>GE\u00c7M\u0130\u015e DENEY\u0130MLER\u0130M\u0130ZDE, GELECEK FARKINDALI\u011eIMIZDA G\u0130ZL\u0130D\u0130R. Her bireyin sonunda Maslow teorisinin en \u00fcst basama\u011f\u0131 olan \u201cKendini Ger\u00e7ekle\u015ftirme\u201d seviyesine ula\u015fmas\u0131na yol a\u00e7acak gelecek teknolojileri aras\u0131ndaki sinerjiye muhte\u015fem bir bak\u0131\u015f. \u2013 Jerome GlennF\u00fct\u00fcrist, Gelecek Senaryolar\u0131-Milenyum Projesi kurucu orta\u011f\u0131 Global Gelece\u011fin Durumu Raporu ba\u015fyazar\u0131 UNESCO ve D\u00fcnya Bankas\u0131 ba\u011f\u0131ms\u0131z dan\u0131\u015fman\u0131Gelecekle ilgili hem tahmin etmeye hem de ke\u015ffetmeye devam ederken, bize rehberlik edecek \u00e7al\u0131\u015fmalara, bize rehberlik edecek insanlara ihtiyac\u0131m\u0131z var. Bu \u00e7al\u0131\u015fman\u0131n bize gelece\u011fi tahmin denemelerimizde yard\u0131mc\u0131 olaca\u011f\u0131na inan\u0131yorum.  Prof. Dr. Emre Alkin Ekonomist\u00c7ok \u015fansl\u0131y\u0131z! \u0130nsanl\u0131k tarihindeki geli\u015fmeye ve de\u011fi\u015fmeye en elveri\u015fli zamanda ya\u015f\u0131yoruz. Teknolojinin insan ile olan ili\u015fkisi, gelecekte insanl\u0131\u011f\u0131n daha anlaml\u0131 hayatlar ya\u015famas\u0131n\u0131 hi\u00e7 bu kadar m\u00fcmk\u00fcn k\u0131lmam\u0131\u015ft\u0131.Bu kitap, gelecekte bizi nelerin bekledi\u011fini haberdar etmekten \u00e7ok, bilinmeyen bir gelecek senaryosunda, fark\u0131ndal\u0131kla birlikte gelece\u011fimizi nas\u0131l tasarlayabilece\u011fimizi konu\u015fmak ve i\u00e7inde bulundu\u011fumuz \u00e7ok h\u0131zl\u0131 de\u011fi\u015fen d\u00fcnyam\u0131zda, de\u011fi\u015fimle de\u011fi\u015febilmeyi benimsetmek amac\u0131yla yaz\u0131ld\u0131. Daha \u00f6nce hi\u00e7 tan\u0131mad\u0131\u011f\u0131m\u0131z, hi\u00e7 deneyimlemedi\u011fimiz bu gelecekte siz kim olmak isterdiniz? Ba\u015fkalar\u0131 taraf\u0131ndan tasarlanan gelece\u011fin s\u0131radan bir t\u00fcketicisi mi yoksa bilinmeyenlerle dolu bir gelece\u011fi fark\u0131ndal\u0131kla kucaklayan, kendi gelece\u011fini tasarlayan, merak eden, deneyimleyerek \u00f6\u011frenen, \u00f6\u011frendik\u00e7e de\u011fi\u015fen ve de\u011fi\u015ftik\u00e7e evrilen ola\u011fan\u00fcst\u00fc bir d\u00fcnya vatanda\u015f\u0131 m\u0131? Karar sizin. Gelece\u011finizi \u00f6nemseyin.Eksponansiyel insan olun!<\/p>\n","protected":false},"excerpt":{"rendered":"<p>GE\u00c7M\u0130\u015e DENEY\u0130MLER\u0130M\u0130ZDE, GELECEK FARKINDALI\u011eIMIZDA G\u0130ZL\u0130D\u0130R. Her bireyin sonunda Maslow teorisinin en \u00fcst basama\u011f\u0131 olan \u201cKendini Ger\u00e7ekle\u015ftirme\u201d seviyesine ula\u015fmas\u0131na yol a\u00e7acak gelecek teknolojileri aras\u0131ndaki sinerjiye muhte\u015fem bir<span class=\"excerpt-hellip\"> [\u2026]<\/span><\/p>\n","protected":false},"featured_media":0,"template":"","meta":{"_monsterinsights_skip_tracking":false,"_monsterinsights_sitenote_active":false,"_monsterinsights_sitenote_note":"","_monsterinsights_sitenote_category":0},"product_brand":[],"product_cat":[14787,13488],"product_tag":[],"class_list":{"0":"post-734521","1":"product","2":"type-product","3":"status-publish","5":"product_cat-diger-toplum-ve-insan","6":"product_cat-toplum-ve-insan","7":"pa_cilt-ciltsiz","8":"pa_tur-kitap","9":"pa_yayinevi-destek-yayinlari","10":"pa_yazar-selin-vural","12":"first","13":"instock","14":"sale","15":"shipping-taxable","16":"purchasable","17":"product-type-simple"},"_links":{"self":[{"href":"https:\/\/roveyayinevi.com.tr\/index.php\/wp-json\/wp\/v2\/product\/734521","targetHints":{"allow":["GET"]}}],"collection":[{"href":"https:\/\/roveyayinevi.com.tr\/index.php\/wp-json\/wp\/v2\/product"}],"about":[{"href":"https:\/\/roveyayinevi.com.tr\/index.php\/wp-json\/wp\/v2\/types\/product"}],"wp:attachment":[{"href":"https:\/\/roveyayinevi.com.tr\/index.php\/wp-json\/wp\/v2\/media?parent=734521"}],"wp:term":[{"taxonomy":"product_brand","embeddable":true,"href":"https:\/\/roveyayinevi.com.tr\/index.php\/wp-json\/wp\/v2\/product_brand?post=734521"},{"taxonomy":"product_cat","embeddable":true,"href":"https:\/\/roveyayinevi.com.tr\/index.php\/wp-json\/wp\/v2\/product_cat?post=734521"},{"taxonomy":"product_tag","embeddable":true,"href":"https:\/\/roveyayinevi.com.tr\/index.php\/wp-json\/wp\/v2\/product_tag?post=734521"}],"curies":[{"name":"wp","href":"https:\/\/api.w.org\/{rel}","templated":true}]}}