{"id":734520,"date":"2025-08-27T22:29:57","date_gmt":"2025-08-27T19:29:57","guid":{"rendered":"https:\/\/roveyayinevi.com.tr\/index.php\/urun\/herakleitos-bir-insanin-karakteri-onun-yazgisidir\/"},"modified":"2026-04-16T02:42:10","modified_gmt":"2026-04-15T23:42:10","slug":"herakleitos-bir-insanin-karakteri-onun-yazgisidir","status":"publish","type":"product","link":"https:\/\/roveyayinevi.com.tr\/index.php\/urun\/herakleitos-bir-insanin-karakteri-onun-yazgisidir\/","title":{"rendered":"Herakleitos &#8211; Bir \u0130nsan\u0131n Karakteri Onun Yazg\u0131s\u0131d\u0131r"},"content":{"rendered":"<p>\u201c\u0130nsanlar\u0131n en bilgesi Tanr\u0131 kar\u015f\u0131s\u0131nda maymundur. Maymunlar\u0131n en g\u00fczeli insan soyuyla kar\u015f\u0131la\u015ft\u0131r\u0131ld\u0131\u011f\u0131nda \u00e7irkindir.\u201d   Antik Yunan\u2019\u0131n karanl\u0131k filozofu Herakleitos felsefe tarihine gizemli fragmanlar\u0131yla damgas\u0131n\u0131 vurmu\u015ftur. Yaln\u0131zl\u0131\u011f\u0131 seven, as\u0131k suratl\u0131, somurtkan Herakleitos\u2019a s\u00f6zleri anla\u015f\u0131lamad\u0131\u011f\u0131ndan dolay\u0131 yurtta\u015flar\u0131 \u201cKaranl\u0131k\u201d ad\u0131n\u0131 takm\u0131\u015ft\u0131r. Ona g\u00f6re evrende var olan her \u015fey ate\u015ften olu\u015fmu\u015ftur, ate\u015f her \u015feyin ilkesidir ve yine onda \u00e7\u00f6z\u00fcl\u00fcr. \u015eeylerin s\u00fcrekli de\u011fi\u015fimi, kar\u015f\u0131tlar\u0131n birli\u011fi, kozmik ate\u015f, genesis, logos, nemli ve kuru ruhlar\u0131n hermeneuti\u011fi onun derinlikli felsefesinde de\u011findi\u011fi ba\u015fl\u0131ca konulardand\u0131r.<\/p>\n","protected":false},"excerpt":{"rendered":"<p>\u201c\u0130nsanlar\u0131n en bilgesi Tanr\u0131 kar\u015f\u0131s\u0131nda maymundur. Maymunlar\u0131n en g\u00fczeli insan soyuyla kar\u015f\u0131la\u015ft\u0131r\u0131ld\u0131\u011f\u0131nda \u00e7irkindir.\u201d Antik Yunan\u2019\u0131n karanl\u0131k filozofu Herakleitos felsefe tarihine gizemli fragmanlar\u0131yla damgas\u0131n\u0131 vurmu\u015ftur. Yaln\u0131zl\u0131\u011f\u0131 seven,<span class=\"excerpt-hellip\"> [\u2026]<\/span><\/p>\n","protected":false},"featured_media":0,"template":"","meta":{"_monsterinsights_skip_tracking":false,"_monsterinsights_sitenote_active":false,"_monsterinsights_sitenote_note":"","_monsterinsights_sitenote_category":0},"product_brand":[],"product_cat":[12389,12388],"product_tag":[],"class_list":{"0":"post-734520","1":"product","2":"type-product","3":"status-publish","5":"product_cat-diger-felsefe","6":"product_cat-felsefe","7":"pa_cilt-ciltsiz","8":"pa_tur-kitap","9":"pa_yayinevi-destek-yayinlari","10":"pa_yazar-turgut-ozguney","12":"first","13":"instock","14":"sale","15":"shipping-taxable","16":"purchasable","17":"product-type-simple"},"_links":{"self":[{"href":"https:\/\/roveyayinevi.com.tr\/index.php\/wp-json\/wp\/v2\/product\/734520","targetHints":{"allow":["GET"]}}],"collection":[{"href":"https:\/\/roveyayinevi.com.tr\/index.php\/wp-json\/wp\/v2\/product"}],"about":[{"href":"https:\/\/roveyayinevi.com.tr\/index.php\/wp-json\/wp\/v2\/types\/product"}],"wp:attachment":[{"href":"https:\/\/roveyayinevi.com.tr\/index.php\/wp-json\/wp\/v2\/media?parent=734520"}],"wp:term":[{"taxonomy":"product_brand","embeddable":true,"href":"https:\/\/roveyayinevi.com.tr\/index.php\/wp-json\/wp\/v2\/product_brand?post=734520"},{"taxonomy":"product_cat","embeddable":true,"href":"https:\/\/roveyayinevi.com.tr\/index.php\/wp-json\/wp\/v2\/product_cat?post=734520"},{"taxonomy":"product_tag","embeddable":true,"href":"https:\/\/roveyayinevi.com.tr\/index.php\/wp-json\/wp\/v2\/product_tag?post=734520"}],"curies":[{"name":"wp","href":"https:\/\/api.w.org\/{rel}","templated":true}]}}