{"id":734519,"date":"2025-08-27T22:29:56","date_gmt":"2025-08-27T19:29:56","guid":{"rendered":"https:\/\/roveyayinevi.com.tr\/index.php\/urun\/doga-dedektifi-cinar-kis-gunlugum\/"},"modified":"2026-04-16T02:42:10","modified_gmt":"2026-04-15T23:42:10","slug":"doga-dedektifi-cinar-kis-gunlugum","status":"publish","type":"product","link":"https:\/\/roveyayinevi.com.tr\/index.php\/urun\/doga-dedektifi-cinar-kis-gunlugum\/","title":{"rendered":"Do\u011fa Dedektifi \u00c7\u0131nar &#8211; K\u0131\u015f G\u00fcnl\u00fc\u011f\u00fcm"},"content":{"rendered":"<p>K\u0131\u015f gelmi\u015f, her taraf bembeyaz olmu\u015ftu. \u00c7\u0131nar&#8217;\u0131n akl\u0131nda ise sadece meyveler vard\u0131. K\u0131\u015f meyveleri&#8230; Bir g\u00fcn \u00c7\u0131nar bah\u00e7edeki nar a\u011fac\u0131n\u0131n yan\u0131na giderken bir ses duydu: &#8216;Pi\u015ft, pi\u015ft! \u00c7\u0131nar!&#8217; Ona seslenen nar a\u011fac\u0131n\u0131n kendisiydi. Nas\u0131l olmu\u015ftu bu? A\u011fa\u00e7lar konu\u015fur muydu? Nar a\u011fac\u0131 \u00c7\u0131nar&#8217;a neler  s\u00f6yleyecekti? Do\u011fa Dedektifi \u00c7\u0131nar-K\u0131\u015f G\u00fcnl\u00fc\u011f\u00fcm&#8217;de k\u0131\u015f\u0131n hangi meyvelerin yenilmesi gerekti\u011fini \u00f6\u011frenecek, k\u0131\u015f meyveleri hakk\u0131nda \u00e7ok ilgin\u00e7 bilgiler edineceksin. \u00dcstelik meyvelerin d\u00fcnyas\u0131na yapaca\u011f\u0131n bu fantastik yolculukta \u00e7ok e\u011fleneceksin!<\/p>\n","protected":false},"excerpt":{"rendered":"<p>K\u0131\u015f gelmi\u015f, her taraf bembeyaz olmu\u015ftu. \u00c7\u0131nar&#8217;\u0131n akl\u0131nda ise sadece meyveler vard\u0131. K\u0131\u015f meyveleri&#8230; Bir g\u00fcn \u00c7\u0131nar bah\u00e7edeki nar a\u011fac\u0131n\u0131n yan\u0131na giderken bir ses duydu: &#8216;Pi\u015ft,<span class=\"excerpt-hellip\"> [\u2026]<\/span><\/p>\n","protected":false},"featured_media":0,"template":"","meta":{"_monsterinsights_skip_tracking":false,"_monsterinsights_sitenote_active":false,"_monsterinsights_sitenote_note":"","_monsterinsights_sitenote_category":0},"product_brand":[],"product_cat":[12275,12274],"product_tag":[],"class_list":{"0":"post-734519","1":"product","2":"type-product","3":"status-publish","5":"product_cat-6-12-yas-kitaplari","6":"product_cat-cocuk-ve-genclik-kitaplari","7":"pa_cilt-ciltsiz","8":"pa_tur-kitap","9":"pa_yayinevi-timas-cocuk","10":"pa_yazar-zehra-nur-canpolat","12":"first","13":"instock","14":"sale","15":"shipping-taxable","16":"purchasable","17":"product-type-simple"},"_links":{"self":[{"href":"https:\/\/roveyayinevi.com.tr\/index.php\/wp-json\/wp\/v2\/product\/734519","targetHints":{"allow":["GET"]}}],"collection":[{"href":"https:\/\/roveyayinevi.com.tr\/index.php\/wp-json\/wp\/v2\/product"}],"about":[{"href":"https:\/\/roveyayinevi.com.tr\/index.php\/wp-json\/wp\/v2\/types\/product"}],"wp:attachment":[{"href":"https:\/\/roveyayinevi.com.tr\/index.php\/wp-json\/wp\/v2\/media?parent=734519"}],"wp:term":[{"taxonomy":"product_brand","embeddable":true,"href":"https:\/\/roveyayinevi.com.tr\/index.php\/wp-json\/wp\/v2\/product_brand?post=734519"},{"taxonomy":"product_cat","embeddable":true,"href":"https:\/\/roveyayinevi.com.tr\/index.php\/wp-json\/wp\/v2\/product_cat?post=734519"},{"taxonomy":"product_tag","embeddable":true,"href":"https:\/\/roveyayinevi.com.tr\/index.php\/wp-json\/wp\/v2\/product_tag?post=734519"}],"curies":[{"name":"wp","href":"https:\/\/api.w.org\/{rel}","templated":true}]}}