{"id":734518,"date":"2025-08-27T22:29:55","date_gmt":"2025-08-27T19:29:55","guid":{"rendered":"https:\/\/roveyayinevi.com.tr\/index.php\/urun\/doga-dedektifi-cinar-ilkbahar-gunlugum\/"},"modified":"2025-08-31T17:39:56","modified_gmt":"2025-08-31T14:39:56","slug":"doga-dedektifi-cinar-ilkbahar-gunlugum","status":"publish","type":"product","link":"https:\/\/roveyayinevi.com.tr\/index.php\/urun\/doga-dedektifi-cinar-ilkbahar-gunlugum\/","title":{"rendered":"Do\u011fa Dedektifi \u00c7\u0131nar &#8211; \u0130lkbahar G\u00fcnl\u00fc\u011f\u00fcm"},"content":{"rendered":"<p>\u0130lkbahar gelmi\u015f, toprak ye\u015fermi\u015f, ku\u015flar c\u0131v\u0131ldamaya ba\u015flam\u0131\u015ft\u0131. \u00c7\u0131nar&#8217;\u0131n akl\u0131nda ise sadece meyveler vard\u0131. \u0130lkbahar meyveleri&#8230; Bir g\u00fcn \u00c7\u0131nar bah\u00e7edeki erik a\u011fac\u0131n\u0131n yan\u0131na giderken bir ses duydu: &#8216;Pi\u015ft, pi\u015ft! \u00c7\u0131nar!&#8217; Ona seslenen erik a\u011fac\u0131n\u0131n kendisiydi. &#8216;Bah\u00e7eye ho\u015f geldin!&#8217; dedi. Sahi a\u011fa\u00e7lar konu\u015fur muydu? Erik a\u011fac\u0131 \u00c7\u0131nar&#8217;a neler  s\u00f6yleyecekti? Do\u011fa Dedektifi \u00c7\u0131nar-\u0130lkbahar G\u00fcnl\u00fc\u011f\u00fcm&#8217;de ilkbaharda hangi meyvelerin yenilmesi gerekti\u011fini \u00f6\u011frenecek, ilkbahar meyveleri hakk\u0131nda \u00e7ok ilgin\u00e7 bilgiler edineceksin. \u00dcstelik meyvelerin d\u00fcnyas\u0131na yapaca\u011f\u0131n bu fantastik yolculukta \u00e7ok e\u011fleneceksin!<\/p>\n","protected":false},"excerpt":{"rendered":"<p>\u0130lkbahar gelmi\u015f, toprak ye\u015fermi\u015f, ku\u015flar c\u0131v\u0131ldamaya ba\u015flam\u0131\u015ft\u0131. \u00c7\u0131nar&#8217;\u0131n akl\u0131nda ise sadece meyveler vard\u0131. \u0130lkbahar meyveleri&#8230; Bir g\u00fcn \u00c7\u0131nar bah\u00e7edeki erik a\u011fac\u0131n\u0131n yan\u0131na giderken bir ses duydu:<span class=\"excerpt-hellip\"> [\u2026]<\/span><\/p>\n","protected":false},"featured_media":0,"template":"","meta":{"_monsterinsights_skip_tracking":false,"_monsterinsights_sitenote_active":false,"_monsterinsights_sitenote_note":"","_monsterinsights_sitenote_category":0},"product_brand":[],"product_cat":[12275,12274],"product_tag":[],"class_list":{"0":"post-734518","1":"product","2":"type-product","3":"status-publish","5":"product_cat-6-12-yas-kitaplari","6":"product_cat-cocuk-ve-genclik-kitaplari","7":"pa_cilt-ciltsiz","8":"pa_tur-kitap","9":"pa_yayinevi-timas-cocuk","10":"pa_yazar-zehra-nur-canpolat","12":"first","13":"instock","14":"sale","15":"shipping-taxable","16":"purchasable","17":"product-type-simple"},"_links":{"self":[{"href":"https:\/\/roveyayinevi.com.tr\/index.php\/wp-json\/wp\/v2\/product\/734518","targetHints":{"allow":["GET"]}}],"collection":[{"href":"https:\/\/roveyayinevi.com.tr\/index.php\/wp-json\/wp\/v2\/product"}],"about":[{"href":"https:\/\/roveyayinevi.com.tr\/index.php\/wp-json\/wp\/v2\/types\/product"}],"wp:attachment":[{"href":"https:\/\/roveyayinevi.com.tr\/index.php\/wp-json\/wp\/v2\/media?parent=734518"}],"wp:term":[{"taxonomy":"product_brand","embeddable":true,"href":"https:\/\/roveyayinevi.com.tr\/index.php\/wp-json\/wp\/v2\/product_brand?post=734518"},{"taxonomy":"product_cat","embeddable":true,"href":"https:\/\/roveyayinevi.com.tr\/index.php\/wp-json\/wp\/v2\/product_cat?post=734518"},{"taxonomy":"product_tag","embeddable":true,"href":"https:\/\/roveyayinevi.com.tr\/index.php\/wp-json\/wp\/v2\/product_tag?post=734518"}],"curies":[{"name":"wp","href":"https:\/\/api.w.org\/{rel}","templated":true}]}}