{"id":734517,"date":"2025-08-27T22:29:54","date_gmt":"2025-08-27T19:29:54","guid":{"rendered":"https:\/\/roveyayinevi.com.tr\/index.php\/urun\/shadowghast-karakasvet\/"},"modified":"2026-04-16T02:42:10","modified_gmt":"2026-04-15T23:42:10","slug":"shadowghast-karakasvet","status":"publish","type":"product","link":"https:\/\/roveyayinevi.com.tr\/index.php\/urun\/shadowghast-karakasvet\/","title":{"rendered":"Shadowghast &#8211; Karakasvet"},"content":{"rendered":"<p>Kasvet Gecesi\u2019nde g\u00f6zler g\u00f6lgelerin \u00fcst\u00fcnde!Tuhaf Deniz Kasabas\u0131\u2019nda sular hi\u00e7 durulmuyor. Kasaba halk\u0131n\u0131 bu kez korkutan \u015fey g\u00f6lgelerinin pe\u015fine d\u00fc\u015fen ac\u0131mas\u0131z bir canavar: Shadowghast, yani Karakasvet! Di\u011fer kasabalar bilindik festivallerle oyalanadursun, Tuhaf Deniz Kasabas\u0131 e\u015fi benzeri g\u00f6r\u00fclmemi\u015f bir festivale haz\u0131rlan\u0131yor. Kasvet Gecesi, Karakasvet\u2019in \u015fan\u0131na yara\u015f\u0131r \u015fekilde kutlanmal\u0131. Mumlar yanmal\u0131, \u015fovmenler iskelede benzersiz kukla g\u00f6sterileri sunmal\u0131. Yoksa\u2026 Karakasvet hak etti\u011fi sayg\u0131y\u0131 g\u00f6rmezse kasaba halk\u0131n\u0131n g\u00f6lgeleri tehlikede demek!Kasvet Gecesi i\u00e7in kasabaya gelen festival ekibinden biri, Herbie\u2019nin ge\u00e7mi\u015finin g\u00f6lgesini de yan\u0131nda getirir. Kasaba halk\u0131n\u0131n g\u00f6lgeleri bir bir ortadan kaybolmaya ba\u015flad\u0131\u011f\u0131ndaysa Herbie ve Violet i\u00e7in karanl\u0131k labirentlerden ge\u00e7ip tiyatro sahnesine \u00e7\u0131kan bir maceran\u0131n kap\u0131lar\u0131 aralan\u0131r. Ge\u00e7mi\u015fi s\u0131rlarla dolu Tuhaf Deniz Kasabas\u0131\u2019nda ge\u00e7en bu macera, \u00f6d\u00fcn\u00fcz\u00fc kopartacak!\u201cYarat\u0131c\u0131 kurgusu, \u00fcrk\u00fct\u00fcc\u00fc atmosferleri ve ilgin\u00e7 mizah\u0131, okurlar\u0131 kitab\u0131n ba\u015f\u0131ndan sonuna kadar s\u00fcrekli e\u011flendirmeye devam ediyor\u2026 Okurlar t\u00fcyleri \u00fcrperirken mest olacaklar.\u201d-Kirkus Review<\/p>\n","protected":false},"excerpt":{"rendered":"<p>Kasvet Gecesi\u2019nde g\u00f6zler g\u00f6lgelerin \u00fcst\u00fcnde!Tuhaf Deniz Kasabas\u0131\u2019nda sular hi\u00e7 durulmuyor. Kasaba halk\u0131n\u0131 bu kez korkutan \u015fey g\u00f6lgelerinin pe\u015fine d\u00fc\u015fen ac\u0131mas\u0131z bir canavar: Shadowghast, yani Karakasvet! Di\u011fer<span class=\"excerpt-hellip\"> [\u2026]<\/span><\/p>\n","protected":false},"featured_media":0,"template":"","meta":{"_monsterinsights_skip_tracking":false,"_monsterinsights_sitenote_active":false,"_monsterinsights_sitenote_note":"","_monsterinsights_sitenote_category":0},"product_brand":[],"product_cat":[12275,12274],"product_tag":[],"class_list":{"0":"post-734517","1":"product","2":"type-product","3":"status-publish","5":"product_cat-6-12-yas-kitaplari","6":"product_cat-cocuk-ve-genclik-kitaplari","7":"pa_cilt-ciltsiz","8":"pa_tur-kitap","9":"pa_yayinevi-genc-timas","10":"pa_yazar-thomas-taylor","12":"first","13":"instock","14":"sale","15":"shipping-taxable","16":"purchasable","17":"product-type-simple"},"_links":{"self":[{"href":"https:\/\/roveyayinevi.com.tr\/index.php\/wp-json\/wp\/v2\/product\/734517","targetHints":{"allow":["GET"]}}],"collection":[{"href":"https:\/\/roveyayinevi.com.tr\/index.php\/wp-json\/wp\/v2\/product"}],"about":[{"href":"https:\/\/roveyayinevi.com.tr\/index.php\/wp-json\/wp\/v2\/types\/product"}],"wp:attachment":[{"href":"https:\/\/roveyayinevi.com.tr\/index.php\/wp-json\/wp\/v2\/media?parent=734517"}],"wp:term":[{"taxonomy":"product_brand","embeddable":true,"href":"https:\/\/roveyayinevi.com.tr\/index.php\/wp-json\/wp\/v2\/product_brand?post=734517"},{"taxonomy":"product_cat","embeddable":true,"href":"https:\/\/roveyayinevi.com.tr\/index.php\/wp-json\/wp\/v2\/product_cat?post=734517"},{"taxonomy":"product_tag","embeddable":true,"href":"https:\/\/roveyayinevi.com.tr\/index.php\/wp-json\/wp\/v2\/product_tag?post=734517"}],"curies":[{"name":"wp","href":"https:\/\/api.w.org\/{rel}","templated":true}]}}