{"id":734516,"date":"2025-08-27T22:29:53","date_gmt":"2025-08-27T19:29:53","guid":{"rendered":"https:\/\/roveyayinevi.com.tr\/index.php\/urun\/aykanat-sare-korkusuz-kahramanlar\/"},"modified":"2026-04-16T02:42:10","modified_gmt":"2026-04-15T23:42:10","slug":"aykanat-sare-korkusuz-kahramanlar","status":"publish","type":"product","link":"https:\/\/roveyayinevi.com.tr\/index.php\/urun\/aykanat-sare-korkusuz-kahramanlar\/","title":{"rendered":"Aykanat Sare &#8211; Korkusuz Kahramanlar"},"content":{"rendered":"<p>Sakl\u0131 bir pusula ile gelen \u00e7ok gizli bir mesaj&#8230; Tehlikeli ve m\u00fchim bir g\u00f6rev onlar\u0131 bekliyor&#8230;Aykanat Sare, Delifi\u015fek Yusuf, Kar\u0131nca Halil ve Y\u0131lank\u0131ran Mehmet&#8230; \u015eehri d\u00fc\u015fmandan korumak i\u00e7in bu gen\u00e7lerin canlar\u0131n\u0131 ortaya koymalar\u0131 gerekiyor.Kurtulu\u015f Sava\u015f\u0131, Anadolu topraklar\u0131nda t\u00fcm h\u0131z\u0131yla s\u00fcrerken G\u00fcney Cephesi\u2019nde Nusret Bey ve \u0130hsan Pa\u015fa, milis kuvvetlerin ba\u015f\u0131ndaki Binba\u015f\u0131 R\u0131za ile birlikte gizli bir kararg\u00e2h kurarlar. \u0130ngiltere ve Fransa gibi g\u00fc\u00e7l\u00fc devlere kar\u015f\u0131 y\u00fcr\u00fctt\u00fckleri zorlu m\u00fccadelede bir yandan da istihbarat oyunlar\u0131 d\u00f6nmektedir.Anadolu\u2019nun cesur ve iyi yeti\u015fmi\u015f gen\u00e7lerinden se\u00e7ilmi\u015f bir ekip olu\u015fturulacakt\u0131r.  \u2018Onbe\u015flikler Tak\u0131m\u0131\u2019 Ar\u015f Hoca\u2019n\u0131n da yard\u0131m\u0131yla d\u00fc\u015fman\u0131n istihbarat \u015febekesini \u00e7\u00f6kertmek i\u00e7in birlikte i\u015fe koyulur.<\/p>\n","protected":false},"excerpt":{"rendered":"<p>Sakl\u0131 bir pusula ile gelen \u00e7ok gizli bir mesaj&#8230; Tehlikeli ve m\u00fchim bir g\u00f6rev onlar\u0131 bekliyor&#8230;Aykanat Sare, Delifi\u015fek Yusuf, Kar\u0131nca Halil ve Y\u0131lank\u0131ran Mehmet&#8230; \u015eehri d\u00fc\u015fmandan<span class=\"excerpt-hellip\"> [\u2026]<\/span><\/p>\n","protected":false},"featured_media":0,"template":"","meta":{"_monsterinsights_skip_tracking":false,"_monsterinsights_sitenote_active":false,"_monsterinsights_sitenote_note":"","_monsterinsights_sitenote_category":0},"product_brand":[],"product_cat":[12275,12274],"product_tag":[],"class_list":{"0":"post-734516","1":"product","2":"type-product","3":"status-publish","5":"product_cat-6-12-yas-kitaplari","6":"product_cat-cocuk-ve-genclik-kitaplari","7":"pa_cilt-ciltsiz","8":"pa_tur-kitap","9":"pa_yayinevi-carpe-diem-kitaplari","10":"pa_yazar-rabia-tunc","12":"first","13":"instock","14":"sale","15":"shipping-taxable","16":"purchasable","17":"product-type-simple"},"_links":{"self":[{"href":"https:\/\/roveyayinevi.com.tr\/index.php\/wp-json\/wp\/v2\/product\/734516","targetHints":{"allow":["GET"]}}],"collection":[{"href":"https:\/\/roveyayinevi.com.tr\/index.php\/wp-json\/wp\/v2\/product"}],"about":[{"href":"https:\/\/roveyayinevi.com.tr\/index.php\/wp-json\/wp\/v2\/types\/product"}],"wp:attachment":[{"href":"https:\/\/roveyayinevi.com.tr\/index.php\/wp-json\/wp\/v2\/media?parent=734516"}],"wp:term":[{"taxonomy":"product_brand","embeddable":true,"href":"https:\/\/roveyayinevi.com.tr\/index.php\/wp-json\/wp\/v2\/product_brand?post=734516"},{"taxonomy":"product_cat","embeddable":true,"href":"https:\/\/roveyayinevi.com.tr\/index.php\/wp-json\/wp\/v2\/product_cat?post=734516"},{"taxonomy":"product_tag","embeddable":true,"href":"https:\/\/roveyayinevi.com.tr\/index.php\/wp-json\/wp\/v2\/product_tag?post=734516"}],"curies":[{"name":"wp","href":"https:\/\/api.w.org\/{rel}","templated":true}]}}