{"id":734515,"date":"2025-08-27T22:29:52","date_gmt":"2025-08-27T19:29:52","guid":{"rendered":"https:\/\/roveyayinevi.com.tr\/index.php\/urun\/devekusu-oteli\/"},"modified":"2026-04-08T02:51:20","modified_gmt":"2026-04-07T23:51:20","slug":"devekusu-oteli","status":"publish","type":"product","link":"https:\/\/roveyayinevi.com.tr\/index.php\/urun\/devekusu-oteli\/","title":{"rendered":"Deveku\u015fu Oteli"},"content":{"rendered":"<p>K\u00f6yce\u011fiz\u2019in en tenha k\u00f6\u015fesinde, hayvanlarla ve ilgin\u00e7 misafirlerle dolu Deveku\u015fu Oteli\u2019ne ho\u015f geldiniz!Sadece iyi niyetli ve sembolik bir g\u00fcvenlik kul\u00fcbesiyle korunan bu otel, 21 numaral\u0131 odas\u0131nda i\u015flenen cinayetle d\u00fcnyan\u0131n en trajikomik soru\u015fturmas\u0131na ev sahipli\u011fi yapmak zorunda kal\u0131r. Tek hobisi depresyondaki rakunuyla ilgilenmek ve otelin arka bah\u00e7esinde ya\u015fayan zebradan papa\u011fana \u00e7e\u015fit \u00e7e\u015fit hayvanla sohbet etmek olan bahts\u0131z resepsiyonist \u0130pek, bu cinayete \u015fahit olunca kendini olaylar\u0131n tam ortas\u0131nda bulur. Ard\u0131ndan \u0130stanbul\u2019dan gelen yirmi d\u00f6rt y\u0131ll\u0131k komiser Serim D\u00fc\u011f\u00fcm, b\u00fct\u00fcn \u201cdeneyimleriyle\u201d cinayeti ayd\u0131nlatmak i\u00e7in kollar\u0131 s\u0131vay\u0131nca i\u015fler iyice \u00e7\u0131\u011f\u0131r\u0131ndan \u00e7\u0131kar ve \u0130pek\u2019in talihsiz ser\u00fcveni daha da \u201cac\u0131kl\u0131\u201d bir hal al\u0131r.\u0130pek karga\u015fan\u0131n, yanl\u0131\u015f anla\u015f\u0131lmalar\u0131n ve komedinin dinmedi\u011fi hayvanlarla dolu bu otelde kendini i\u00e7ine d\u00fc\u015ft\u00fc\u011f\u00fc k\u00f6rd\u00fc\u011f\u00fcmden kurtarabilecek midir?\u0130lk roman\u0131 Y\u0131ld\u0131zlar Aras\u0131 Dinlenme Tesisi\u2019yle okurlar\u0131n ilgisini kazanan gen\u00e7 yazar Elif \u0130\u015fleyen, Deveku\u015fu Oteli\u2019nde okuru d\u00fcnyan\u0131n en abs\u00fcrt cinayet soru\u015fturmas\u0131n\u0131n bir par\u00e7as\u0131 olmaya davet ediyor!<\/p>\n","protected":false},"excerpt":{"rendered":"<p>K\u00f6yce\u011fiz\u2019in en tenha k\u00f6\u015fesinde, hayvanlarla ve ilgin\u00e7 misafirlerle dolu Deveku\u015fu Oteli\u2019ne ho\u015f geldiniz!Sadece iyi niyetli ve sembolik bir g\u00fcvenlik kul\u00fcbesiyle korunan bu otel, 21 numaral\u0131 odas\u0131nda<span class=\"excerpt-hellip\"> [\u2026]<\/span><\/p>\n","protected":false},"featured_media":0,"template":"","meta":{"_monsterinsights_skip_tracking":false,"_monsterinsights_sitenote_active":false,"_monsterinsights_sitenote_note":"","_monsterinsights_sitenote_category":0},"product_brand":[],"product_cat":[12291,12711],"product_tag":[],"class_list":{"0":"post-734515","1":"product","2":"type-product","3":"status-publish","5":"product_cat-edebiyat","6":"product_cat-roman-oyku","7":"pa_cilt-ciltsiz","8":"pa_tur-kitap","9":"pa_yayinevi-portakal-kitap","10":"pa_yazar-elif-isleyen","12":"first","13":"instock","14":"sale","15":"shipping-taxable","16":"purchasable","17":"product-type-simple"},"_links":{"self":[{"href":"https:\/\/roveyayinevi.com.tr\/index.php\/wp-json\/wp\/v2\/product\/734515","targetHints":{"allow":["GET"]}}],"collection":[{"href":"https:\/\/roveyayinevi.com.tr\/index.php\/wp-json\/wp\/v2\/product"}],"about":[{"href":"https:\/\/roveyayinevi.com.tr\/index.php\/wp-json\/wp\/v2\/types\/product"}],"wp:attachment":[{"href":"https:\/\/roveyayinevi.com.tr\/index.php\/wp-json\/wp\/v2\/media?parent=734515"}],"wp:term":[{"taxonomy":"product_brand","embeddable":true,"href":"https:\/\/roveyayinevi.com.tr\/index.php\/wp-json\/wp\/v2\/product_brand?post=734515"},{"taxonomy":"product_cat","embeddable":true,"href":"https:\/\/roveyayinevi.com.tr\/index.php\/wp-json\/wp\/v2\/product_cat?post=734515"},{"taxonomy":"product_tag","embeddable":true,"href":"https:\/\/roveyayinevi.com.tr\/index.php\/wp-json\/wp\/v2\/product_tag?post=734515"}],"curies":[{"name":"wp","href":"https:\/\/api.w.org\/{rel}","templated":true}]}}