{"id":734513,"date":"2025-08-27T22:29:50","date_gmt":"2025-08-27T19:29:50","guid":{"rendered":"https:\/\/roveyayinevi.com.tr\/index.php\/urun\/dinozorlar-kuru-yemis-yemez\/"},"modified":"2026-04-16T02:42:10","modified_gmt":"2026-04-15T23:42:10","slug":"dinozorlar-kuru-yemis-yemez","status":"publish","type":"product","link":"https:\/\/roveyayinevi.com.tr\/index.php\/urun\/dinozorlar-kuru-yemis-yemez\/","title":{"rendered":"Dinozorlar Kuru Yemi\u015f Yemez"},"content":{"rendered":"<p>\u201cBir hayvanat bah\u00e7esi, k\u00fc\u00e7\u00fck bir \u00e7ocuk taraf\u0131ndan yeniden in\u015fa edilecek olsa nas\u0131l olurdu?\u201dEski, k\u00f6hne ve y\u0131pranm\u0131\u015f hayvanat bah\u00e7esinde t\u00fcm hayvanlar mutsuzdur. Bir g\u00fcn hayvanat bah\u00e7esini ziyaret eden k\u00fc\u00e7\u00fck bir \u00e7ocuk, bu sessiz ve ne\u015fesiz yeri d\u00fczenlemek i\u00e7in bir ser\u00fcvene at\u0131l\u0131r. Onun hayvanat bah\u00e7esi; e\u011flenceli, mutlu, reng\u00e2renk ve ne\u015fe dolu olacakt\u0131r. D\u00fcnyan\u0131n d\u00f6rt bir yan\u0131ndan getirdi\u011fi hayvanlarla kurar hayvanat bah\u00e7esini. Peki, ger\u00e7ekten t\u00fcm hayvanlar ve \u00e7ocuk mutlu mudur?Dinozorlar Kuru Yemi\u015f Yemez, hayvanlar\u0131n do\u011fal ya\u015fam alanlar\u0131nda var olmalar\u0131n\u0131n onlar\u0131 kafesler ard\u0131na kapatmaktan daha heyecan verici oldu\u011funu anlatan e\u015fsiz bir hik\u00e2ye&#8230;<\/p>\n","protected":false},"excerpt":{"rendered":"<p>\u201cBir hayvanat bah\u00e7esi, k\u00fc\u00e7\u00fck bir \u00e7ocuk taraf\u0131ndan yeniden in\u015fa edilecek olsa nas\u0131l olurdu?\u201dEski, k\u00f6hne ve y\u0131pranm\u0131\u015f hayvanat bah\u00e7esinde t\u00fcm hayvanlar mutsuzdur. Bir g\u00fcn hayvanat bah\u00e7esini ziyaret<span class=\"excerpt-hellip\"> [\u2026]<\/span><\/p>\n","protected":false},"featured_media":0,"template":"","meta":{"_monsterinsights_skip_tracking":false,"_monsterinsights_sitenote_active":false,"_monsterinsights_sitenote_note":"","_monsterinsights_sitenote_category":0},"product_brand":[],"product_cat":[12274,12284],"product_tag":[],"class_list":{"0":"post-734513","1":"product","2":"type-product","3":"status-publish","5":"product_cat-cocuk-ve-genclik-kitaplari","6":"product_cat-hikayeler","7":"pa_cilt-ciltsiz","8":"pa_tur-kitap","9":"pa_yayinevi-timas-cocuk","10":"pa_yazar-semra-aydin-avsar","12":"first","13":"instock","14":"sale","15":"shipping-taxable","16":"purchasable","17":"product-type-simple"},"_links":{"self":[{"href":"https:\/\/roveyayinevi.com.tr\/index.php\/wp-json\/wp\/v2\/product\/734513","targetHints":{"allow":["GET"]}}],"collection":[{"href":"https:\/\/roveyayinevi.com.tr\/index.php\/wp-json\/wp\/v2\/product"}],"about":[{"href":"https:\/\/roveyayinevi.com.tr\/index.php\/wp-json\/wp\/v2\/types\/product"}],"wp:attachment":[{"href":"https:\/\/roveyayinevi.com.tr\/index.php\/wp-json\/wp\/v2\/media?parent=734513"}],"wp:term":[{"taxonomy":"product_brand","embeddable":true,"href":"https:\/\/roveyayinevi.com.tr\/index.php\/wp-json\/wp\/v2\/product_brand?post=734513"},{"taxonomy":"product_cat","embeddable":true,"href":"https:\/\/roveyayinevi.com.tr\/index.php\/wp-json\/wp\/v2\/product_cat?post=734513"},{"taxonomy":"product_tag","embeddable":true,"href":"https:\/\/roveyayinevi.com.tr\/index.php\/wp-json\/wp\/v2\/product_tag?post=734513"}],"curies":[{"name":"wp","href":"https:\/\/api.w.org\/{rel}","templated":true}]}}