{"id":734511,"date":"2025-08-27T22:29:48","date_gmt":"2025-08-27T19:29:48","guid":{"rendered":"https:\/\/roveyayinevi.com.tr\/index.php\/urun\/bilim-susunca\/"},"modified":"2026-04-16T02:42:10","modified_gmt":"2026-04-15T23:42:10","slug":"bilim-susunca","status":"publish","type":"product","link":"https:\/\/roveyayinevi.com.tr\/index.php\/urun\/bilim-susunca\/","title":{"rendered":"Bilim Susunca"},"content":{"rendered":"<p>Bilim d\u0131\u015f\u0131ndaki t\u00fcm bilgi kaynaklar\u0131n\u0131 reddetmek, bilimi din ile do\u011fas\u0131 gere\u011fi \u00e7at\u0131\u015fan bir u\u011fra\u015f olarak sunmak ve bilimin idealize edilmi\u015f, ger\u00e7ek\u00e7i olmayan bir tarifini kabul etmek dolayl\u0131 olarak bilime zarar verir. Otoritelerin bilimi kullanarak toplumu manip\u00fcle etmesinin, bilimin geni\u015f halk kitleleri \u00fczerindeki imaj\u0131n\u0131n zedelenmesi ve toplumda bilim kar\u015f\u0131t\u0131 g\u00f6r\u00fc\u015flerin daha \u00e7ok al\u0131c\u0131 bulmas\u0131 gibi ka\u00e7\u0131n\u0131lmaz sonu\u00e7lar\u0131n\u0131 tarihte ve farkl\u0131 disiplinlerde g\u00f6zlemlemek m\u00fcmk\u00fcnd\u00fcr.Alper Bilgili, Bilim Susunca\u2019da bilimin toplum, dinler ve ideolojiler ile ili\u015fkisini ge\u00e7mi\u015ften ve g\u00fcn\u00fcm\u00fczden \u00f6rneklerle ortaya koyarak okuru al\u0131\u015f\u0131lm\u0131\u015f kal\u0131plar\u0131n d\u0131\u015f\u0131nda keyifli ve doyurucu bir okumaya davet ediyor, bilimle ilgili daha ger\u00e7ek\u00e7i bir resim \u00e7izilmesine katk\u0131 sa\u011fl\u0131yor.Kurucu ideolojisi, on dokuzuncu y\u00fczy\u0131l v\u00fclger materyalizminin \u201ckaba bilimcilik\u201di \u00fczerine in\u015fa edilmi\u015f olan T\u00fcrkiye\u2019de, Tom Sorell\u2019in dile getirdi\u011fi gibi, \u201cbilimsel ile bilimsel olmayan\u0131 ay\u0131rt etmek\u201dten ziyade \u201cbilimsel olan\u0131n olmayandan \u00e7ok daha de\u011ferli oldu\u011fu\u201dnu iddia eden aksiyomatik bilimcilik, toplum ve d\u00fcnyan\u0131n ge\u00e7irdi\u011fi de\u011fi\u015fimlere kar\u015f\u0131l\u0131k entelekt\u00fcel egemenli\u011fini s\u00fcrd\u00fcrmektedir. B\u00f6ylesi bilimcili\u011fin \u201cbilim\u201d de\u011feri kazand\u0131\u011f\u0131, onun ele\u015ftirilmesinin, \u201cbilim d\u00fc\u015fmanl\u0131\u011f\u0131\u201d olarak yaftaland\u0131\u011f\u0131 bir toplumda k\u00fcresel \u00f6l\u00e7ekte de\u011fi\u015fik ideolojik ama\u00e7lar \u00e7er\u00e7evesinde i\u015flevselle\u015ftirilen bir yakla\u015f\u0131m fazla sorgulanmamaktad\u0131r. Alper Bilgili, bunu yapabilen az say\u0131da bilim insan\u0131n\u0131n \u00f6nde gelenlerinden birisidir. Tarih\u00ee ba\u011flamlar\u0131 derinli\u011fine analiz ederek g\u00fcncel geli\u015fmelerle ba\u011flant\u0131 kuran titiz \u00e7al\u0131\u015fmalar\u0131, bilimcilik ele\u015ftirisinin \u201cd\u00fcnyan\u0131n d\u00fcz oldu\u011funu iddia etmek\u201d olmad\u0131\u011f\u0131n\u0131 g\u00f6stermenin \u00f6tesinde, onun ideolojik tasavvurlara hizmet amac\u0131yla i\u015flevselle\u015ftirilmesinin do\u011furdu\u011fu sorunlara da \u0131\u015f\u0131k tutmaktad\u0131r.  Prof. Dr. \u015e\u00fckr\u00fc Hanio\u011flu, Princeton \u00dcniversitesi<\/p>\n","protected":false},"excerpt":{"rendered":"<p>Bilim d\u0131\u015f\u0131ndaki t\u00fcm bilgi kaynaklar\u0131n\u0131 reddetmek, bilimi din ile do\u011fas\u0131 gere\u011fi \u00e7at\u0131\u015fan bir u\u011fra\u015f olarak sunmak ve bilimin idealize edilmi\u015f, ger\u00e7ek\u00e7i olmayan bir tarifini kabul etmek<span class=\"excerpt-hellip\"> [\u2026]<\/span><\/p>\n","protected":false},"featured_media":0,"template":"","meta":{"_monsterinsights_skip_tracking":false,"_monsterinsights_sitenote_active":false,"_monsterinsights_sitenote_note":"","_monsterinsights_sitenote_category":0},"product_brand":[],"product_cat":[13005,15998],"product_tag":[],"class_list":{"0":"post-734511","1":"product","2":"type-product","3":"status-publish","5":"product_cat-bilim-muhendislik","6":"product_cat-bilim-tarihi","7":"pa_cilt-ciltsiz","8":"pa_tur-kitap","9":"pa_yayinevi-timas-yayinlari","10":"pa_yazar-alper-bilgili","12":"first","13":"instock","14":"sale","15":"shipping-taxable","16":"purchasable","17":"product-type-simple"},"_links":{"self":[{"href":"https:\/\/roveyayinevi.com.tr\/index.php\/wp-json\/wp\/v2\/product\/734511","targetHints":{"allow":["GET"]}}],"collection":[{"href":"https:\/\/roveyayinevi.com.tr\/index.php\/wp-json\/wp\/v2\/product"}],"about":[{"href":"https:\/\/roveyayinevi.com.tr\/index.php\/wp-json\/wp\/v2\/types\/product"}],"wp:attachment":[{"href":"https:\/\/roveyayinevi.com.tr\/index.php\/wp-json\/wp\/v2\/media?parent=734511"}],"wp:term":[{"taxonomy":"product_brand","embeddable":true,"href":"https:\/\/roveyayinevi.com.tr\/index.php\/wp-json\/wp\/v2\/product_brand?post=734511"},{"taxonomy":"product_cat","embeddable":true,"href":"https:\/\/roveyayinevi.com.tr\/index.php\/wp-json\/wp\/v2\/product_cat?post=734511"},{"taxonomy":"product_tag","embeddable":true,"href":"https:\/\/roveyayinevi.com.tr\/index.php\/wp-json\/wp\/v2\/product_tag?post=734511"}],"curies":[{"name":"wp","href":"https:\/\/api.w.org\/{rel}","templated":true}]}}