{"id":734510,"date":"2025-08-27T22:29:48","date_gmt":"2025-08-27T19:29:48","guid":{"rendered":"https:\/\/roveyayinevi.com.tr\/index.php\/urun\/ittihatci-bir-fedai-mulazim-atif-kamcil\/"},"modified":"2026-04-16T02:42:10","modified_gmt":"2026-04-15T23:42:10","slug":"ittihatci-bir-fedai-mulazim-atif-kamcil","status":"publish","type":"product","link":"https:\/\/roveyayinevi.com.tr\/index.php\/urun\/ittihatci-bir-fedai-mulazim-atif-kamcil\/","title":{"rendered":"\u0130ttihat\u00e7\u0131 Bir Fedai &#8211; M\u00fclaz\u0131m At\u0131f Kam\u00e7\u0131l"},"content":{"rendered":"<p>\u201cE\u011fer h\u00fck\u00fbmet bunu sa\u011flamazsa millet me\u015frutiyeti zorla alacakt\u0131r.\u201d diyerek isyan eden Resneli Niy\u00e2zi g\u00f6z\u00fcn\u00fc karartm\u0131\u015f, Sultan\u2019a kar\u015f\u0131 b\u00fcy\u00fck bir ittifak sa\u011flam\u0131\u015ft\u0131. II. Abd\u00fclhamid\u2019in son kozu olan \u015eemsi Pa\u015fa Resneli Niy\u00e2zi Bey\u2019i durdurmaya kararl\u0131yd\u0131. \u0130ttihat ve Terakki Cemiyeti ise Me\u015frutiyet\u2019in ilan\u0131 i\u00e7in \u015eemsi Pa\u015fa\u2019y\u0131 durduracak bir fedai bulmaya mecburdu. Herkesin suikast g\u00f6revinden ka\u00e7\u0131nd\u0131\u011f\u0131 bir d\u00f6nemde g\u00f6revi \u00fcstlenen tek bir ki\u015fi vard\u0131: M\u00fcl\u00e2z\u0131m At\u0131f Bey.\u0130ttihat\u00e7\u0131 Bir Fedai: M\u00fcl\u00e2z\u0131m At\u0131f Kam\u00e7\u0131l, \u015eemsi Pa\u015fa\u2019y\u0131 \u00f6ld\u00fcren g\u00f6z\u00fc kara fedai At\u0131f Bey\u2019in hayat\u0131n\u0131 anlatan emsalsiz bir biyografi \u00e7al\u0131\u015fmas\u0131. Ar\u015fiv belgelerinin yan\u0131 s\u0131ra M\u00fcl\u00e2z\u0131m At\u0131f Bey\u2019in \u015fahsi evrak\u0131na ve foto\u011fraflar\u0131na da eri\u015fen Talha Burak \u00dcnl\u00fc, II. Abd\u00fclhamid d\u00f6neminin en kritik safhalar\u0131n\u0131 s\u00fcr\u00fckleyici bir \u00fcslupla anlat\u0131yor. Kitapta II. Me\u015frutiyet\u2019in ilan\u0131nda hayati bir rol oynayan, Enver Pa\u015fa\u2019n\u0131n kurdu\u011fu Te\u015fkilat-\u0131 Mahsusa\u2019da ba\u015fkan yard\u0131mc\u0131l\u0131\u011f\u0131 yapan, \u0130ttihat ve Terakki Cemiyeti\u2019nin merkez-i umumisinde yer alan, Malta s\u00fcrg\u00fcn\u00fcne g\u00f6nderilen, Meclis-i Meb\u00fbsan\u2019da mebusluk, TBMM\u2019de milletvekilli\u011fi yapan At\u0131f Bey\u2019i bu eserle yak\u0131ndan tan\u0131yacak; yaln\u0131zca M\u00fcl\u00e2z\u0131m At\u0131f\u2019\u0131n de\u011fil d\u00f6nemin akt\u00f6rlerinin faaliyetlerine de \u015fahit olacaks\u0131n\u0131z.<\/p>\n","protected":false},"excerpt":{"rendered":"<p>\u201cE\u011fer h\u00fck\u00fbmet bunu sa\u011flamazsa millet me\u015frutiyeti zorla alacakt\u0131r.\u201d diyerek isyan eden Resneli Niy\u00e2zi g\u00f6z\u00fcn\u00fc karartm\u0131\u015f, Sultan\u2019a kar\u015f\u0131 b\u00fcy\u00fck bir ittifak sa\u011flam\u0131\u015ft\u0131. II. Abd\u00fclhamid\u2019in son kozu olan<span class=\"excerpt-hellip\"> [\u2026]<\/span><\/p>\n","protected":false},"featured_media":0,"template":"","meta":{"_monsterinsights_skip_tracking":false,"_monsterinsights_sitenote_active":false,"_monsterinsights_sitenote_note":"","_monsterinsights_sitenote_category":0},"product_brand":[],"product_cat":[13946,12304],"product_tag":[],"class_list":{"0":"post-734510","1":"product","2":"type-product","3":"status-publish","5":"product_cat-biyografi-otobiyografi","6":"product_cat-tarih","7":"pa_cilt-ciltsiz","8":"pa_tur-kitap","9":"pa_yayinevi-timas-yayinlari","10":"pa_yazar-talha-burak-unlu","12":"first","13":"instock","14":"sale","15":"shipping-taxable","16":"purchasable","17":"product-type-simple"},"_links":{"self":[{"href":"https:\/\/roveyayinevi.com.tr\/index.php\/wp-json\/wp\/v2\/product\/734510","targetHints":{"allow":["GET"]}}],"collection":[{"href":"https:\/\/roveyayinevi.com.tr\/index.php\/wp-json\/wp\/v2\/product"}],"about":[{"href":"https:\/\/roveyayinevi.com.tr\/index.php\/wp-json\/wp\/v2\/types\/product"}],"wp:attachment":[{"href":"https:\/\/roveyayinevi.com.tr\/index.php\/wp-json\/wp\/v2\/media?parent=734510"}],"wp:term":[{"taxonomy":"product_brand","embeddable":true,"href":"https:\/\/roveyayinevi.com.tr\/index.php\/wp-json\/wp\/v2\/product_brand?post=734510"},{"taxonomy":"product_cat","embeddable":true,"href":"https:\/\/roveyayinevi.com.tr\/index.php\/wp-json\/wp\/v2\/product_cat?post=734510"},{"taxonomy":"product_tag","embeddable":true,"href":"https:\/\/roveyayinevi.com.tr\/index.php\/wp-json\/wp\/v2\/product_tag?post=734510"}],"curies":[{"name":"wp","href":"https:\/\/api.w.org\/{rel}","templated":true}]}}