{"id":734509,"date":"2025-08-27T22:29:47","date_gmt":"2025-08-27T19:29:47","guid":{"rendered":"https:\/\/roveyayinevi.com.tr\/index.php\/urun\/suryani-tarih-yaziciliginda-turkler\/"},"modified":"2026-04-16T02:42:10","modified_gmt":"2026-04-15T23:42:10","slug":"suryani-tarih-yaziciliginda-turkler","status":"publish","type":"product","link":"https:\/\/roveyayinevi.com.tr\/index.php\/urun\/suryani-tarih-yaziciliginda-turkler\/","title":{"rendered":"S\u00fcryani Tarih Yaz\u0131c\u0131l\u0131\u011f\u0131nda &#8211; T\u00fcrkler"},"content":{"rendered":"<p>T\u00fcrkler, Asya\u2019n\u0131n engin bozk\u0131rlar\u0131ndan Orta Avrupa\u2019ya uzanan geni\u015f ya\u015fam alanlar\u0131 ve uzun ge\u00e7mi\u015fleriyle, kendilerine has k\u00fclt\u00fcrleri ve tarihe y\u00f6n veren bir\u00e7ok hadisedeki rolleriyle, farkl\u0131 tarih\u00e7ilik geleneklerine mensup eski yazarlarca bir\u00e7ok eserde anlat\u0131lm\u0131\u015flard\u0131r. Bu geleneklerden biri de S\u00fcryani tarih yaz\u0131c\u0131l\u0131\u011f\u0131d\u0131r. S\u00fcryani tarih\u00e7iler, \u00f6zellikle 6. y\u00fczy\u0131ldan 13. y\u00fczy\u0131la kadar ge\u00e7en s\u00fcre\u00e7te, T\u00fcrk tarihinin bir\u00e7ok y\u00f6n\u00fcne \u0131\u015f\u0131k tutmu\u015flard\u0131r; hatta bazen ba\u015fka kaynaklardan bilinmeyen \u00f6zg\u00fcn kay\u0131tlar nakletmi\u015flerdir. Ne var ki bu kay\u0131tlar T\u00fcrkiye akademisinde nadir \u00e7al\u0131\u015f\u0131lm\u0131\u015ft\u0131r. \u00dcstelik az say\u0131daki bu \u00e7al\u0131\u015fmalarda T\u00fcrk tarihinin \u0130slam sonras\u0131 d\u00f6nemi genellikle \u00f6n planda yer alm\u0131\u015ft\u0131r.Umut Var\u2019\u0131n S\u00fcryani Tarih Yaz\u0131c\u0131l\u0131\u011f\u0131nda T\u00fcrkler adl\u0131 eseri, bu a\u00e7\u0131dan \u00f6zg\u00fcn i\u00e7eri\u011fe sahiptir. \u00c7\u00fcnk\u00fc T\u00fcrk tarihi, burada, S\u00fcryanice tarih metinlerindeki izd\u00fc\u015f\u00fcmleri ba\u011flam\u0131nda ve 6-9. y\u00fczy\u0131llar aras\u0131 d\u00f6nem \u00f6zelinde, yani T\u00fcrk tarihinin \u0130slam \u00f6ncesi s\u00fcreci a\u00e7\u0131s\u0131ndan ele al\u0131nmaktad\u0131r. Eserde, s\u00f6z konusu bu d\u00f6nemde farkl\u0131 co\u011frafyalarda farkl\u0131 siyasi yap\u0131lar halinde varl\u0131k g\u00f6steren T\u00fcrk topluluklar\u0131, Bizans ve Sasaniler gibi devletlerle ili\u015fkileri, Do\u011fu Kilisesi gibi din\u00ee kurumlarla etkile\u015fimleri a\u00e7\u0131s\u0131ndan anlat\u0131lmaktad\u0131r.Gelecek vadeden gen\u00e7 tarih\u00e7i Umut Var, ak\u0131c\u0131 \u00fcslubunu derinlikli analizleriyle birle\u015ftirerek hem akademiye hem genel okur kitlesine ilgi \u00e7ekici bir eser sunuyor. O, bu titiz \u00e7al\u0131\u015fmayla T\u00fcrk tarihinin m\u00fchim bir evresine \u0131\u015f\u0131k tutuyor. Okunmas\u0131 ve k\u00fct\u00fcphanede bulundurulmas\u0131 gereken bu eser, ger\u00e7ekten \u00f6nemli bir bo\u015flu\u011fu dolduruyor.Do\u00e7. Dr. Zafer DuyguDokuz Eyl\u00fcl <\/p>\n","protected":false},"excerpt":{"rendered":"<p>T\u00fcrkler, Asya\u2019n\u0131n engin bozk\u0131rlar\u0131ndan Orta Avrupa\u2019ya uzanan geni\u015f ya\u015fam alanlar\u0131 ve uzun ge\u00e7mi\u015fleriyle, kendilerine has k\u00fclt\u00fcrleri ve tarihe y\u00f6n veren bir\u00e7ok hadisedeki rolleriyle, farkl\u0131 tarih\u00e7ilik geleneklerine<span class=\"excerpt-hellip\"> [\u2026]<\/span><\/p>\n","protected":false},"featured_media":0,"template":"","meta":{"_monsterinsights_skip_tracking":false,"_monsterinsights_sitenote_active":false,"_monsterinsights_sitenote_note":"","_monsterinsights_sitenote_category":0},"product_brand":[],"product_cat":[12304,13650],"product_tag":[],"class_list":{"0":"post-734509","1":"product","2":"type-product","3":"status-publish","5":"product_cat-tarih","6":"product_cat-turk-tarihi-arastirmalari","7":"pa_cilt-ciltsiz","8":"pa_tur-kitap","9":"pa_yayinevi-timas-yayinlari","10":"pa_yazar-umut-var","12":"first","13":"instock","14":"sale","15":"shipping-taxable","16":"purchasable","17":"product-type-simple"},"_links":{"self":[{"href":"https:\/\/roveyayinevi.com.tr\/index.php\/wp-json\/wp\/v2\/product\/734509","targetHints":{"allow":["GET"]}}],"collection":[{"href":"https:\/\/roveyayinevi.com.tr\/index.php\/wp-json\/wp\/v2\/product"}],"about":[{"href":"https:\/\/roveyayinevi.com.tr\/index.php\/wp-json\/wp\/v2\/types\/product"}],"wp:attachment":[{"href":"https:\/\/roveyayinevi.com.tr\/index.php\/wp-json\/wp\/v2\/media?parent=734509"}],"wp:term":[{"taxonomy":"product_brand","embeddable":true,"href":"https:\/\/roveyayinevi.com.tr\/index.php\/wp-json\/wp\/v2\/product_brand?post=734509"},{"taxonomy":"product_cat","embeddable":true,"href":"https:\/\/roveyayinevi.com.tr\/index.php\/wp-json\/wp\/v2\/product_cat?post=734509"},{"taxonomy":"product_tag","embeddable":true,"href":"https:\/\/roveyayinevi.com.tr\/index.php\/wp-json\/wp\/v2\/product_tag?post=734509"}],"curies":[{"name":"wp","href":"https:\/\/api.w.org\/{rel}","templated":true}]}}