{"id":734508,"date":"2025-08-27T22:29:46","date_gmt":"2025-08-27T19:29:46","guid":{"rendered":"https:\/\/roveyayinevi.com.tr\/index.php\/urun\/ciftci-amca-ve-oldukca-mesgul-kostebek\/"},"modified":"2026-04-16T02:42:10","modified_gmt":"2026-04-15T23:42:10","slug":"ciftci-amca-ve-oldukca-mesgul-kostebek","status":"publish","type":"product","link":"https:\/\/roveyayinevi.com.tr\/index.php\/urun\/ciftci-amca-ve-oldukca-mesgul-kostebek\/","title":{"rendered":"C\u0327iftc\u0327i Amca ve Oldukc\u0327a Mes\u0327gul Ko\u0308stebek"},"content":{"rendered":"<p>Hey, hey! O da ne! \u00c7ok me\u015fgul bir k\u00f6stebek mi o? \u00c7al\u0131\u015fkan, hi\u00e7bir i\u015ften ka\u00e7mayan, her durumdan kendine bir vazife \u00e7\u0131karan. Onun \u00e7ok i\u015fi var \u00e7\u00fcnk\u00fc o, \u00e7ift\u00e7i amcan\u0131n en sad\u0131k yard\u0131mc\u0131s\u0131 ve dostu. Ya da o \u00f6yle san\u0131yor. Her zaman \u00e7ift\u00e7i amcas\u0131n\u0131n iyili\u011fi i\u00e7in \u00e7al\u0131\u015fan ama o s\u0131rada \u00e7ift\u00e7i amcaya t\u00fcrl\u00fc s\u0131k\u0131nt\u0131lar \u00e7\u0131karan bir k\u00f6stebek o. \u00dcstelik \u00e7\u0131kard\u0131\u011f\u0131 zorluklar\u0131n fark\u0131nda bile de\u011fil. Dostluklar bazen hi\u00e7 ummad\u0131\u011f\u0131m\u0131z \u015fekillerde ortaya \u00e7\u0131kar. Acaba olduk\u00e7a me\u015fgul k\u00f6stebe\u011fimiz ve \u00e7ift\u00e7i amca ger\u00e7ekten dost olabilecekler mi? \u00c7ift\u00e7i Amca ve bah\u00e7esindeki k\u00f6stebe\u011fin yanl\u0131\u015f anlamalarla dolu hikayesini \u00e7ok seveceksiniz.<\/p>\n","protected":false},"excerpt":{"rendered":"<p>Hey, hey! O da ne! \u00c7ok me\u015fgul bir k\u00f6stebek mi o? \u00c7al\u0131\u015fkan, hi\u00e7bir i\u015ften ka\u00e7mayan, her durumdan kendine bir vazife \u00e7\u0131karan. Onun \u00e7ok i\u015fi var \u00e7\u00fcnk\u00fc<span class=\"excerpt-hellip\"> [\u2026]<\/span><\/p>\n","protected":false},"featured_media":0,"template":"","meta":{"_monsterinsights_skip_tracking":false,"_monsterinsights_sitenote_active":false,"_monsterinsights_sitenote_note":"","_monsterinsights_sitenote_category":0},"product_brand":[],"product_cat":[12274,12284],"product_tag":[],"class_list":{"0":"post-734508","1":"product","2":"type-product","3":"status-publish","5":"product_cat-cocuk-ve-genclik-kitaplari","6":"product_cat-hikayeler","7":"pa_cilt-ciltsiz","8":"pa_tur-kitap","9":"pa_yayinevi-ucan-kitap","10":"pa_yazar-cansu-erkan","12":"first","13":"instock","14":"sale","15":"shipping-taxable","16":"purchasable","17":"product-type-simple"},"_links":{"self":[{"href":"https:\/\/roveyayinevi.com.tr\/index.php\/wp-json\/wp\/v2\/product\/734508","targetHints":{"allow":["GET"]}}],"collection":[{"href":"https:\/\/roveyayinevi.com.tr\/index.php\/wp-json\/wp\/v2\/product"}],"about":[{"href":"https:\/\/roveyayinevi.com.tr\/index.php\/wp-json\/wp\/v2\/types\/product"}],"wp:attachment":[{"href":"https:\/\/roveyayinevi.com.tr\/index.php\/wp-json\/wp\/v2\/media?parent=734508"}],"wp:term":[{"taxonomy":"product_brand","embeddable":true,"href":"https:\/\/roveyayinevi.com.tr\/index.php\/wp-json\/wp\/v2\/product_brand?post=734508"},{"taxonomy":"product_cat","embeddable":true,"href":"https:\/\/roveyayinevi.com.tr\/index.php\/wp-json\/wp\/v2\/product_cat?post=734508"},{"taxonomy":"product_tag","embeddable":true,"href":"https:\/\/roveyayinevi.com.tr\/index.php\/wp-json\/wp\/v2\/product_tag?post=734508"}],"curies":[{"name":"wp","href":"https:\/\/api.w.org\/{rel}","templated":true}]}}