{"id":734506,"date":"2025-08-27T22:29:44","date_gmt":"2025-08-27T19:29:44","guid":{"rendered":"https:\/\/roveyayinevi.com.tr\/index.php\/urun\/nun-kapisi\/"},"modified":"2026-04-16T02:42:10","modified_gmt":"2026-04-15T23:42:10","slug":"nun-kapisi","status":"publish","type":"product","link":"https:\/\/roveyayinevi.com.tr\/index.php\/urun\/nun-kapisi\/","title":{"rendered":"Nun Kap\u0131s\u0131"},"content":{"rendered":"<p>Nun Kap\u0131s\u0131 adl\u0131 bu eser, H. Nur Art\u0131ran Han\u0131mefendi\u2019nin sosyal medyada payla\u015fm\u0131\u015f oldu\u011fu Mesnev\u00ee beyitlerine ve tasavvuf b\u00fcy\u00fcklerine ait vecizelere dair getirdi\u011fi k\u0131sa izahlardan olu\u015fmaktad\u0131r. 140 karaktere s\u0131\u011fd\u0131r\u0131lan bu m\u00fchim beyitler ve s\u00f6zler, payla\u015f\u0131ld\u0131\u011f\u0131 s\u0131rada b\u00fcy\u00fck ra\u011fbet g\u00f6rm\u00fc\u015f ve payla\u015f\u0131m rekorlar\u0131 k\u0131rm\u0131\u015ft\u0131. Muhtereme Art\u0131ran Han\u0131mefendi, gelen yo\u011fun istek \u00fczerine bu kez bahsi ge\u00e7en vecizeleri ve beyitleri k\u0131sa izahlarla \u015ferh etmek suretiyle bu payla\u015f\u0131mlar\u0131 \u00f6zl\u00fc hakikatlerden olu\u015fan g\u00fczel bir kitaba d\u00f6n\u00fc\u015ft\u00fcrd\u00fc.  \u0130yi ahlak sahibi ve toprak huylu olmak, \u201cd\u00fc\u015fmana\u201d bile dua etmek, kusurlar\u0131 \u00f6rtmek, k\u00f6t\u00fcl\u00fc\u011f\u00fcn a\u011flamas\u0131; iyili\u011fin g\u00fclmesi, a\u015fkta fani olmak, er ki\u015filik, bela ve musibetlerden al\u0131nacak ibretler gibi pek \u00e7ok \u00f6nemli konu ba\u015fl\u0131\u011f\u0131 Mevlev\u00eelik mektebinin esasl\u0131 \u00f6\u011fretileri e\u015fli\u011finde sunulmakta. \u00c7ok veciz, k\u0131sa ve ibretamiz tespitler i\u00e7eren bu k\u0131ymetli eser, bunal\u0131m ve stresten \u015fik\u00e2yet edenlere adeta manevi rehberlik etmekte. Zaman\u0131n darl\u0131\u011f\u0131ndan m\u00fc\u015fteki, kitap okumaya f\u0131rsat bulamayan, hayat\u0131n ke\u015fmeke\u015fli\u011fi i\u00e7erisinde yarat\u0131l\u0131\u015f gayesini unutmu\u015f bi\u00e7are ve \u00e2ciz insano\u011fluna seslenen \u201cNun Kap\u0131s\u0131\u201d, eskilerin deyimi ile s\u00f6ylenmesi m\u00fcmk\u00fcn olmayan kelimeleri en kolay surette bir araya getirmek demek olan \u201csehl-i m\u00fcmteni\u201d zarf\u0131 i\u00e7erisinde okura takdim etmekte. Her bir g\u00fcne bir s\u00f6z ve bir \u015ferhini okumak bile, ki\u015fiyi tefekk\u00fcre ve d\u00fc\u015f\u00fcnceye sevk etmek suretiyle \u00f6z\u00fcnden kopar\u0131lm\u0131\u015f \u00e2demo\u011fluna maveradan kudsi soluklar \u00fcflemekte\u2026<\/p>\n","protected":false},"excerpt":{"rendered":"<p>Nun Kap\u0131s\u0131 adl\u0131 bu eser, H. Nur Art\u0131ran Han\u0131mefendi\u2019nin sosyal medyada payla\u015fm\u0131\u015f oldu\u011fu Mesnev\u00ee beyitlerine ve tasavvuf b\u00fcy\u00fcklerine ait vecizelere dair getirdi\u011fi k\u0131sa izahlardan olu\u015fmaktad\u0131r. 140<span class=\"excerpt-hellip\"> [\u2026]<\/span><\/p>\n","protected":false},"featured_media":0,"template":"","meta":{"_monsterinsights_skip_tracking":false,"_monsterinsights_sitenote_active":false,"_monsterinsights_sitenote_note":"","_monsterinsights_sitenote_category":0},"product_brand":[],"product_cat":[12718,12719,15238],"product_tag":[],"class_list":{"0":"post-734506","1":"product","2":"type-product","3":"status-publish","5":"product_cat-din","6":"product_cat-islam","7":"product_cat-tasavvuf","8":"pa_cilt-ciltsiz","9":"pa_tur-kitap","10":"pa_yayinevi-sufi-kitap","11":"pa_yazar-h-nur-artiran","13":"first","14":"instock","15":"sale","16":"shipping-taxable","17":"purchasable","18":"product-type-simple"},"_links":{"self":[{"href":"https:\/\/roveyayinevi.com.tr\/index.php\/wp-json\/wp\/v2\/product\/734506","targetHints":{"allow":["GET"]}}],"collection":[{"href":"https:\/\/roveyayinevi.com.tr\/index.php\/wp-json\/wp\/v2\/product"}],"about":[{"href":"https:\/\/roveyayinevi.com.tr\/index.php\/wp-json\/wp\/v2\/types\/product"}],"wp:attachment":[{"href":"https:\/\/roveyayinevi.com.tr\/index.php\/wp-json\/wp\/v2\/media?parent=734506"}],"wp:term":[{"taxonomy":"product_brand","embeddable":true,"href":"https:\/\/roveyayinevi.com.tr\/index.php\/wp-json\/wp\/v2\/product_brand?post=734506"},{"taxonomy":"product_cat","embeddable":true,"href":"https:\/\/roveyayinevi.com.tr\/index.php\/wp-json\/wp\/v2\/product_cat?post=734506"},{"taxonomy":"product_tag","embeddable":true,"href":"https:\/\/roveyayinevi.com.tr\/index.php\/wp-json\/wp\/v2\/product_tag?post=734506"}],"curies":[{"name":"wp","href":"https:\/\/api.w.org\/{rel}","templated":true}]}}