{"id":734504,"date":"2025-08-27T22:29:42","date_gmt":"2025-08-27T19:29:42","guid":{"rendered":"https:\/\/roveyayinevi.com.tr\/index.php\/urun\/gurultulu-bir-kis-uykusu\/"},"modified":"2026-04-16T02:42:10","modified_gmt":"2026-04-15T23:42:10","slug":"gurultulu-bir-kis-uykusu","status":"publish","type":"product","link":"https:\/\/roveyayinevi.com.tr\/index.php\/urun\/gurultulu-bir-kis-uykusu\/","title":{"rendered":"G\u00fcr\u00fclt\u00fcl\u00fc Bir K\u0131\u015f Uykusu"},"content":{"rendered":"<p>TOSBA\u011eALAR KI\u015eI SEVMEZLER!Neden mi? Sadece sevmezler.Evet, evet, hem de hi\u00e7 sevmezler! \u00c7\u00fcnk\u00fc onun uyumak ve \u0131s\u0131nmak i\u00e7in sakin bir yere ihtiyac\u0131 var. Fakat kimse onu kendi h\u00e2line b\u0131rakmaz. Yoksa Tosba\u011fa uyan\u0131k kal\u0131p k\u0131\u015fla y\u00fczle\u015fmek zorunda m\u0131 kalacak? G\u00fcr\u00fclt\u00fcl\u00fc Bir K\u0131\u015f Uykusu, \u00f6n yarg\u0131yla yakla\u015ft\u0131\u011f\u0131m\u0131z durumlar\u0131n asl\u0131nda e\u011flenceli olabilece\u011fini g\u00f6steren, yeniliklere a\u00e7\u0131k olman\u0131n \u00f6nemini fark ettiren komik ve e\u011flenceli bir hik\u00e2ye&#8230;<\/p>\n","protected":false},"excerpt":{"rendered":"<p>TOSBA\u011eALAR KI\u015eI SEVMEZLER!Neden mi? Sadece sevmezler.Evet, evet, hem de hi\u00e7 sevmezler! \u00c7\u00fcnk\u00fc onun uyumak ve \u0131s\u0131nmak i\u00e7in sakin bir yere ihtiyac\u0131 var. Fakat kimse onu kendi<span class=\"excerpt-hellip\"> [\u2026]<\/span><\/p>\n","protected":false},"featured_media":0,"template":"","meta":{"_monsterinsights_skip_tracking":false,"_monsterinsights_sitenote_active":false,"_monsterinsights_sitenote_note":"","_monsterinsights_sitenote_category":0},"product_brand":[],"product_cat":[12274,12284],"product_tag":[],"class_list":{"0":"post-734504","1":"product","2":"type-product","3":"status-publish","5":"product_cat-cocuk-ve-genclik-kitaplari","6":"product_cat-hikayeler","7":"pa_cilt-ciltsiz","8":"pa_tur-kitap","9":"pa_yayinevi-timas-cocuk","10":"pa_yazar-katy-hudson","12":"first","13":"instock","14":"sale","15":"shipping-taxable","16":"purchasable","17":"product-type-simple"},"_links":{"self":[{"href":"https:\/\/roveyayinevi.com.tr\/index.php\/wp-json\/wp\/v2\/product\/734504","targetHints":{"allow":["GET"]}}],"collection":[{"href":"https:\/\/roveyayinevi.com.tr\/index.php\/wp-json\/wp\/v2\/product"}],"about":[{"href":"https:\/\/roveyayinevi.com.tr\/index.php\/wp-json\/wp\/v2\/types\/product"}],"wp:attachment":[{"href":"https:\/\/roveyayinevi.com.tr\/index.php\/wp-json\/wp\/v2\/media?parent=734504"}],"wp:term":[{"taxonomy":"product_brand","embeddable":true,"href":"https:\/\/roveyayinevi.com.tr\/index.php\/wp-json\/wp\/v2\/product_brand?post=734504"},{"taxonomy":"product_cat","embeddable":true,"href":"https:\/\/roveyayinevi.com.tr\/index.php\/wp-json\/wp\/v2\/product_cat?post=734504"},{"taxonomy":"product_tag","embeddable":true,"href":"https:\/\/roveyayinevi.com.tr\/index.php\/wp-json\/wp\/v2\/product_tag?post=734504"}],"curies":[{"name":"wp","href":"https:\/\/api.w.org\/{rel}","templated":true}]}}