{"id":734503,"date":"2025-08-27T22:29:41","date_gmt":"2025-08-27T19:29:41","guid":{"rendered":"https:\/\/roveyayinevi.com.tr\/index.php\/urun\/butun-havuclar-benim\/"},"modified":"2026-04-08T02:51:20","modified_gmt":"2026-04-07T23:51:20","slug":"butun-havuclar-benim","status":"publish","type":"product","link":"https:\/\/roveyayinevi.com.tr\/index.php\/urun\/butun-havuclar-benim\/","title":{"rendered":"B\u00fct\u00fcn Havu\u00e7lar Benim"},"content":{"rendered":"<p>Tav\u015fan havu\u00e7lar\u0131 SEVER. Onlar\u0131 o kadar \u00e7ok sever ki evine s\u0131\u011famaz, uyuyacak yeri kalmaz art\u0131k. Arkada\u015flar\u0131 ona yard\u0131m teklif etti\u011finde Tav\u015fan seve seve kabul eder. Peki bir s\u00fcr\u00fc havu\u00e7, Tav\u015fan ve arkada\u015flar\u0131n\u0131n ba\u015f\u0131na nas\u0131l dertler a\u00e7acak? B\u00fct\u00fcn Havu\u00e7lar Benim, arkada\u015fl\u0131\u011f\u0131n ve payla\u015fman\u0131n her \u015feyi g\u00fczelle\u015ftirdi\u011fini anlatan komik ve e\u011flenceli bir hik\u00e2ye&#8230;<\/p>\n","protected":false},"excerpt":{"rendered":"<p>Tav\u015fan havu\u00e7lar\u0131 SEVER. Onlar\u0131 o kadar \u00e7ok sever ki evine s\u0131\u011famaz, uyuyacak yeri kalmaz art\u0131k. Arkada\u015flar\u0131 ona yard\u0131m teklif etti\u011finde Tav\u015fan seve seve kabul eder. Peki<span class=\"excerpt-hellip\"> [\u2026]<\/span><\/p>\n","protected":false},"featured_media":0,"template":"","meta":{"_monsterinsights_skip_tracking":false,"_monsterinsights_sitenote_active":false,"_monsterinsights_sitenote_note":"","_monsterinsights_sitenote_category":0},"product_brand":[],"product_cat":[12274,12284],"product_tag":[],"class_list":{"0":"post-734503","1":"product","2":"type-product","3":"status-publish","5":"product_cat-cocuk-ve-genclik-kitaplari","6":"product_cat-hikayeler","7":"pa_cilt-ciltsiz","8":"pa_tur-kitap","9":"pa_yayinevi-timas-cocuk","10":"pa_yazar-katy-hudson","12":"first","13":"instock","14":"sale","15":"shipping-taxable","16":"purchasable","17":"product-type-simple"},"_links":{"self":[{"href":"https:\/\/roveyayinevi.com.tr\/index.php\/wp-json\/wp\/v2\/product\/734503","targetHints":{"allow":["GET"]}}],"collection":[{"href":"https:\/\/roveyayinevi.com.tr\/index.php\/wp-json\/wp\/v2\/product"}],"about":[{"href":"https:\/\/roveyayinevi.com.tr\/index.php\/wp-json\/wp\/v2\/types\/product"}],"wp:attachment":[{"href":"https:\/\/roveyayinevi.com.tr\/index.php\/wp-json\/wp\/v2\/media?parent=734503"}],"wp:term":[{"taxonomy":"product_brand","embeddable":true,"href":"https:\/\/roveyayinevi.com.tr\/index.php\/wp-json\/wp\/v2\/product_brand?post=734503"},{"taxonomy":"product_cat","embeddable":true,"href":"https:\/\/roveyayinevi.com.tr\/index.php\/wp-json\/wp\/v2\/product_cat?post=734503"},{"taxonomy":"product_tag","embeddable":true,"href":"https:\/\/roveyayinevi.com.tr\/index.php\/wp-json\/wp\/v2\/product_tag?post=734503"}],"curies":[{"name":"wp","href":"https:\/\/api.w.org\/{rel}","templated":true}]}}