{"id":734499,"date":"2025-08-27T22:29:37","date_gmt":"2025-08-27T19:29:37","guid":{"rendered":"https:\/\/roveyayinevi.com.tr\/index.php\/urun\/ahmed-cevdet-pasa\/"},"modified":"2026-04-16T02:42:10","modified_gmt":"2026-04-15T23:42:10","slug":"ahmed-cevdet-pasa","status":"publish","type":"product","link":"https:\/\/roveyayinevi.com.tr\/index.php\/urun\/ahmed-cevdet-pasa\/","title":{"rendered":"Ahmed Cevdet Pa\u015fa"},"content":{"rendered":"<p>\u0130mparatorlu\u011fun en uzun y\u00fczy\u0131l\u0131 olarak adland\u0131r\u0131lan 19. y\u00fczy\u0131lda, devletin \u00fcst d\u00fczey kadrolar\u0131nda g\u00f6rev al\u0131p \u00f6mr\u00fcn\u00fc Tanzimat h\u00fck\u00fcmlerinin uygulanarak Osmanl\u0131 Devleti&#8217;nin aya\u011fa kald\u0131r\u0131lmas\u0131na adayan bir devlet adam\u0131 ve ayn\u0131 zamanda \u00f6nemli bir tarih\u00e7i olan Ahmed Cevdet Pa\u015fa&#8217;n\u0131n b\u00fcrokratik ve siyasi hayat\u0131, bu \u00e7al\u0131\u015fman\u0131n ana eksenini olu\u015fturmaktad\u0131r. Bunun yan\u0131 s\u0131ra, yazar K\u00fcbra Fettaho\u011flu, Ahmed Cevdet Pa\u015fa&#8217;n\u0131n bir ba\u015fka y\u00f6n\u00fcne, tarih\u00e7ili\u011fine de de\u011finmektedir.Kaleme ald\u0131\u011f\u0131 tarih metinleriyle kendinden sonraki d\u00f6nemde Osmanl\u0131 tarihinin ana kaynaklar\u0131ndan biri h\u00e2line gelen ve olaylar\u0131n ele al\u0131n\u0131\u015f\u0131na ve yorumlanmas\u0131na kendi bak\u0131\u015f a\u00e7\u0131s\u0131na g\u00f6re y\u00f6n vermeyi ba\u015faran Ahmed Cevdet Pa\u015fa, 20. y\u00fczy\u0131lda son d\u00f6nem Osmanl\u0131 tarihi hakk\u0131nda \u00e7al\u0131\u015fmalar yapan ara\u015ft\u0131rmac\u0131lar\u0131n \u00fczerinde olduk\u00e7a etkili olmu\u015ftur. K\u00fcbra Fettaho\u011flu, Bir Tanzimat B\u00fcrokrat\u0131 Ahmed Cevdet Pa\u015fa isimli bu kapsaml\u0131 \u00e7al\u0131\u015fmas\u0131nda \u00f6nemli bir devlet adam\u0131 ve tarih\u00e7i olan Ahmed Cevdet Pa\u015fa&#8217;y\u0131 ezber bozacak bilgiler ve yorumlar e\u015fli\u011finde ayr\u0131nt\u0131l\u0131 bir \u015fekilde ele almaktad\u0131r. Fettaho\u011flu\u2019nun de\u011ferlendirmeleri, T\u00fcrkiye\u2019de Osmanl\u0131 tarih yaz\u0131c\u0131l\u0131\u011f\u0131n\u0131n pek \u00e7ok noktada yeniden ele al\u0131nmas\u0131 gerekti\u011fini ayr\u0131nt\u0131l\u0131 \u00f6rneklerle ortaya koymaktad\u0131r. <\/p>\n","protected":false},"excerpt":{"rendered":"<p>\u0130mparatorlu\u011fun en uzun y\u00fczy\u0131l\u0131 olarak adland\u0131r\u0131lan 19. y\u00fczy\u0131lda, devletin \u00fcst d\u00fczey kadrolar\u0131nda g\u00f6rev al\u0131p \u00f6mr\u00fcn\u00fc Tanzimat h\u00fck\u00fcmlerinin uygulanarak Osmanl\u0131 Devleti&#8217;nin aya\u011fa kald\u0131r\u0131lmas\u0131na adayan bir devlet adam\u0131<span class=\"excerpt-hellip\"> [\u2026]<\/span><\/p>\n","protected":false},"featured_media":0,"template":"","meta":{"_monsterinsights_skip_tracking":false,"_monsterinsights_sitenote_active":false,"_monsterinsights_sitenote_note":"","_monsterinsights_sitenote_category":0},"product_brand":[],"product_cat":[12370,12304],"product_tag":[],"class_list":{"0":"post-734499","1":"product","2":"type-product","3":"status-publish","5":"product_cat-arastirma-inceleme","6":"product_cat-tarih","7":"pa_cilt-ciltsiz","8":"pa_tur-kitap","9":"pa_yayinevi-timas-akademi-yayinlari","10":"pa_yazar-kubra-fettahoglu","12":"first","13":"instock","14":"sale","15":"shipping-taxable","16":"purchasable","17":"product-type-simple"},"_links":{"self":[{"href":"https:\/\/roveyayinevi.com.tr\/index.php\/wp-json\/wp\/v2\/product\/734499","targetHints":{"allow":["GET"]}}],"collection":[{"href":"https:\/\/roveyayinevi.com.tr\/index.php\/wp-json\/wp\/v2\/product"}],"about":[{"href":"https:\/\/roveyayinevi.com.tr\/index.php\/wp-json\/wp\/v2\/types\/product"}],"wp:attachment":[{"href":"https:\/\/roveyayinevi.com.tr\/index.php\/wp-json\/wp\/v2\/media?parent=734499"}],"wp:term":[{"taxonomy":"product_brand","embeddable":true,"href":"https:\/\/roveyayinevi.com.tr\/index.php\/wp-json\/wp\/v2\/product_brand?post=734499"},{"taxonomy":"product_cat","embeddable":true,"href":"https:\/\/roveyayinevi.com.tr\/index.php\/wp-json\/wp\/v2\/product_cat?post=734499"},{"taxonomy":"product_tag","embeddable":true,"href":"https:\/\/roveyayinevi.com.tr\/index.php\/wp-json\/wp\/v2\/product_tag?post=734499"}],"curies":[{"name":"wp","href":"https:\/\/api.w.org\/{rel}","templated":true}]}}