{"id":734498,"date":"2025-08-27T22:29:36","date_gmt":"2025-08-27T19:29:36","guid":{"rendered":"https:\/\/roveyayinevi.com.tr\/index.php\/urun\/altin-mese-palamudu-avi\/"},"modified":"2026-04-16T02:42:09","modified_gmt":"2026-04-15T23:42:09","slug":"altin-mese-palamudu-avi","status":"publish","type":"product","link":"https:\/\/roveyayinevi.com.tr\/index.php\/urun\/altin-mese-palamudu-avi\/","title":{"rendered":"Alt\u0131n Me\u015fe Palamudu Av\u0131"},"content":{"rendered":"<p>Fiyuvvv! Sincap, t\u00fcm h\u0131z\u0131yla sonbahar yapraklar\u0131n\u0131n aras\u0131ndan havalan\u0131r.Bu y\u0131l da Alt\u0131n Me\u015fe Palamudu onun olacak. Fakat k\u00fc\u00e7\u00fck bir sorun var: Bu y\u0131l Alt\u0131n Me\u015fe Palamudu Av\u0131\u2019nda herkes tak\u0131m h\u00e2linde yar\u0131\u015facak. Sincap, arkada\u015flar\u0131n\u0131 isteksizce tak\u0131m\u0131na alsa da tek ba\u015f\u0131na kazanaca\u011f\u0131n\u0131 d\u00fc\u015f\u00fcn\u00fcyor. G\u00fcn\u00fcn sonunda Sincap, rekabet\u00e7i ruhunu mu ortaya koyacak yoksa bir tak\u0131m oyuncusu olmay\u0131 \u00f6\u011frenebilecek mi?Alt\u0131n Me\u015fe Palamudu Av\u0131, tak\u0131m olmay\u0131, tak\u0131m ruhunu ya\u015famay\u0131 ve keyifli vakit ge\u00e7irmenin g\u00fczelli\u011fini anlatan komik ve e\u011flenceli bir hik\u00e2ye&#8230;<\/p>\n","protected":false},"excerpt":{"rendered":"<p>Fiyuvvv! Sincap, t\u00fcm h\u0131z\u0131yla sonbahar yapraklar\u0131n\u0131n aras\u0131ndan havalan\u0131r.Bu y\u0131l da Alt\u0131n Me\u015fe Palamudu onun olacak. Fakat k\u00fc\u00e7\u00fck bir sorun var: Bu y\u0131l Alt\u0131n Me\u015fe Palamudu Av\u0131\u2019nda<span class=\"excerpt-hellip\"> [\u2026]<\/span><\/p>\n","protected":false},"featured_media":0,"template":"","meta":{"_monsterinsights_skip_tracking":false,"_monsterinsights_sitenote_active":false,"_monsterinsights_sitenote_note":"","_monsterinsights_sitenote_category":0},"product_brand":[],"product_cat":[12274,12284],"product_tag":[],"class_list":{"0":"post-734498","1":"product","2":"type-product","3":"status-publish","5":"product_cat-cocuk-ve-genclik-kitaplari","6":"product_cat-hikayeler","7":"pa_cilt-ciltsiz","8":"pa_tur-kitap","9":"pa_yayinevi-timas-cocuk","10":"pa_yazar-katy-hudson","12":"first","13":"instock","14":"sale","15":"shipping-taxable","16":"purchasable","17":"product-type-simple"},"_links":{"self":[{"href":"https:\/\/roveyayinevi.com.tr\/index.php\/wp-json\/wp\/v2\/product\/734498","targetHints":{"allow":["GET"]}}],"collection":[{"href":"https:\/\/roveyayinevi.com.tr\/index.php\/wp-json\/wp\/v2\/product"}],"about":[{"href":"https:\/\/roveyayinevi.com.tr\/index.php\/wp-json\/wp\/v2\/types\/product"}],"wp:attachment":[{"href":"https:\/\/roveyayinevi.com.tr\/index.php\/wp-json\/wp\/v2\/media?parent=734498"}],"wp:term":[{"taxonomy":"product_brand","embeddable":true,"href":"https:\/\/roveyayinevi.com.tr\/index.php\/wp-json\/wp\/v2\/product_brand?post=734498"},{"taxonomy":"product_cat","embeddable":true,"href":"https:\/\/roveyayinevi.com.tr\/index.php\/wp-json\/wp\/v2\/product_cat?post=734498"},{"taxonomy":"product_tag","embeddable":true,"href":"https:\/\/roveyayinevi.com.tr\/index.php\/wp-json\/wp\/v2\/product_tag?post=734498"}],"curies":[{"name":"wp","href":"https:\/\/api.w.org\/{rel}","templated":true}]}}