{"id":734497,"date":"2025-08-27T22:29:35","date_gmt":"2025-08-27T19:29:35","guid":{"rendered":"https:\/\/roveyayinevi.com.tr\/index.php\/urun\/doga-dedektifi-cinar-4-kitap\/"},"modified":"2026-04-16T02:42:09","modified_gmt":"2026-04-15T23:42:09","slug":"doga-dedektifi-cinar-4-kitap","status":"publish","type":"product","link":"https:\/\/roveyayinevi.com.tr\/index.php\/urun\/doga-dedektifi-cinar-4-kitap\/","title":{"rendered":"Do\u011fa Dedektifi \u00c7\u0131nar (4 Kitap)"},"content":{"rendered":"<p>Do\u011fada fantastik bir yolculuk yapmaya haz\u0131r m\u0131s\u0131n? Do\u011fa Dedektifi \u00c7\u0131nar, seni bekliyor. \u00c7\u0131nar&#8217;la birlikte mevsim mevsim gezecek, hangi mevsimde hangi meyvenin yeti\u015fti\u011fini \u00f6\u011freneceksin. \u00dcstelik meyveler hakk\u0131nda hi\u00e7 tahmin etmedi\u011fin bilgiler de edineceksin.Elmadan eri\u011fe, portakaldan \u00e7ile\u011fe t\u00fcm meyveler kendilerini anlatmak i\u00e7in sab\u0131rs\u0131zlan\u0131yor. Do\u011fa Dedektifi \u00c7\u0131nar da sana e\u015flik ediyor. Hadi macera ba\u015flas\u0131n&#8230;<\/p>\n","protected":false},"excerpt":{"rendered":"<p>Do\u011fada fantastik bir yolculuk yapmaya haz\u0131r m\u0131s\u0131n? Do\u011fa Dedektifi \u00c7\u0131nar, seni bekliyor. \u00c7\u0131nar&#8217;la birlikte mevsim mevsim gezecek, hangi mevsimde hangi meyvenin yeti\u015fti\u011fini \u00f6\u011freneceksin. \u00dcstelik meyveler hakk\u0131nda<span class=\"excerpt-hellip\"> [\u2026]<\/span><\/p>\n","protected":false},"featured_media":0,"template":"","meta":{"_monsterinsights_skip_tracking":false,"_monsterinsights_sitenote_active":false,"_monsterinsights_sitenote_note":"","_monsterinsights_sitenote_category":0},"product_brand":[],"product_cat":[12275,12274],"product_tag":[],"class_list":{"0":"post-734497","1":"product","2":"type-product","3":"status-publish","5":"product_cat-6-12-yas-kitaplari","6":"product_cat-cocuk-ve-genclik-kitaplari","7":"pa_cilt-ciltsiz","8":"pa_tur-kitap","9":"pa_yayinevi-timas-cocuk","10":"pa_yazar-zehra-nur-canpolat","12":"first","13":"instock","14":"sale","15":"shipping-taxable","16":"purchasable","17":"product-type-simple"},"_links":{"self":[{"href":"https:\/\/roveyayinevi.com.tr\/index.php\/wp-json\/wp\/v2\/product\/734497","targetHints":{"allow":["GET"]}}],"collection":[{"href":"https:\/\/roveyayinevi.com.tr\/index.php\/wp-json\/wp\/v2\/product"}],"about":[{"href":"https:\/\/roveyayinevi.com.tr\/index.php\/wp-json\/wp\/v2\/types\/product"}],"wp:attachment":[{"href":"https:\/\/roveyayinevi.com.tr\/index.php\/wp-json\/wp\/v2\/media?parent=734497"}],"wp:term":[{"taxonomy":"product_brand","embeddable":true,"href":"https:\/\/roveyayinevi.com.tr\/index.php\/wp-json\/wp\/v2\/product_brand?post=734497"},{"taxonomy":"product_cat","embeddable":true,"href":"https:\/\/roveyayinevi.com.tr\/index.php\/wp-json\/wp\/v2\/product_cat?post=734497"},{"taxonomy":"product_tag","embeddable":true,"href":"https:\/\/roveyayinevi.com.tr\/index.php\/wp-json\/wp\/v2\/product_tag?post=734497"}],"curies":[{"name":"wp","href":"https:\/\/api.w.org\/{rel}","templated":true}]}}