{"id":734495,"date":"2025-08-27T22:29:33","date_gmt":"2025-08-27T19:29:33","guid":{"rendered":"https:\/\/roveyayinevi.com.tr\/index.php\/urun\/kisin-sarkisini-kim-soyleyecek\/"},"modified":"2026-04-16T02:42:09","modified_gmt":"2026-04-15T23:42:09","slug":"kisin-sarkisini-kim-soyleyecek","status":"publish","type":"product","link":"https:\/\/roveyayinevi.com.tr\/index.php\/urun\/kisin-sarkisini-kim-soyleyecek\/","title":{"rendered":"K\u0131\u015f\u0131n \u015eark\u0131s\u0131n\u0131 Kim S\u00f6yleyecek?"},"content":{"rendered":"<p>E\u011flendiren, d\u00fc\u015f\u00fcnd\u00fcren, sorgulatan ve merakland\u0131ran \u00f6yk\u00fclerle hayalin s\u0131n\u0131rlar\u0131na bir yolculuk! \u00dc\u00e7 apartman b\u00fcy\u00fckl\u00fc\u011f\u00fcnde ser\u00e7e mi?Cevap alamad\u0131\u011f\u0131 sorular\u0131 bulut rengi balonlara d\u00f6n\u00fc\u015fen \u00e7ocuk mu?Bal\u0131kl\u0131 sostan \u015fapka m\u0131?A\u011fa\u00e7 yapraklar\u0131ndan bir dede mi?Karlar\u0131n Beyi\u2019nden \u015fehre neden gelmedi\u011fine dair bir a\u00e7\u0131klama m\u0131?Bir g\u00fcn okula gelip \u00e7ocuklara sitem eden k\u0131\u015f mevsimi mi?Y\u0131k\u0131k evlerin duvarlar\u0131n\u0131 ok\u015fayan iki kafadar k\u0131z arkada\u015f m\u0131? Abdullah Harmanc\u0131&#8217;n\u0131n kaleminden birbirinden tuhaf on \u00fc\u00e7 \u00f6yk\u00fc\u2026 Sular seller gibi ak\u0131p gidecek bir kitap\u2026<\/p>\n","protected":false},"excerpt":{"rendered":"<p>E\u011flendiren, d\u00fc\u015f\u00fcnd\u00fcren, sorgulatan ve merakland\u0131ran \u00f6yk\u00fclerle hayalin s\u0131n\u0131rlar\u0131na bir yolculuk! \u00dc\u00e7 apartman b\u00fcy\u00fckl\u00fc\u011f\u00fcnde ser\u00e7e mi?Cevap alamad\u0131\u011f\u0131 sorular\u0131 bulut rengi balonlara d\u00f6n\u00fc\u015fen \u00e7ocuk mu?Bal\u0131kl\u0131 sostan \u015fapka m\u0131?A\u011fa\u00e7<span class=\"excerpt-hellip\"> [\u2026]<\/span><\/p>\n","protected":false},"featured_media":0,"template":"","meta":{"_monsterinsights_skip_tracking":false,"_monsterinsights_sitenote_active":false,"_monsterinsights_sitenote_note":"","_monsterinsights_sitenote_category":0},"product_brand":[],"product_cat":[12275,12274],"product_tag":[],"class_list":{"0":"post-734495","1":"product","2":"type-product","3":"status-publish","5":"product_cat-6-12-yas-kitaplari","6":"product_cat-cocuk-ve-genclik-kitaplari","7":"pa_cilt-ciltsiz","8":"pa_tur-kitap","9":"pa_yayinevi-genc-timas","10":"pa_yazar-abdullah-harmanci","12":"first","13":"instock","14":"sale","15":"shipping-taxable","16":"purchasable","17":"product-type-simple"},"_links":{"self":[{"href":"https:\/\/roveyayinevi.com.tr\/index.php\/wp-json\/wp\/v2\/product\/734495","targetHints":{"allow":["GET"]}}],"collection":[{"href":"https:\/\/roveyayinevi.com.tr\/index.php\/wp-json\/wp\/v2\/product"}],"about":[{"href":"https:\/\/roveyayinevi.com.tr\/index.php\/wp-json\/wp\/v2\/types\/product"}],"wp:attachment":[{"href":"https:\/\/roveyayinevi.com.tr\/index.php\/wp-json\/wp\/v2\/media?parent=734495"}],"wp:term":[{"taxonomy":"product_brand","embeddable":true,"href":"https:\/\/roveyayinevi.com.tr\/index.php\/wp-json\/wp\/v2\/product_brand?post=734495"},{"taxonomy":"product_cat","embeddable":true,"href":"https:\/\/roveyayinevi.com.tr\/index.php\/wp-json\/wp\/v2\/product_cat?post=734495"},{"taxonomy":"product_tag","embeddable":true,"href":"https:\/\/roveyayinevi.com.tr\/index.php\/wp-json\/wp\/v2\/product_tag?post=734495"}],"curies":[{"name":"wp","href":"https:\/\/api.w.org\/{rel}","templated":true}]}}