{"id":734494,"date":"2025-08-27T22:29:32","date_gmt":"2025-08-27T19:29:32","guid":{"rendered":"https:\/\/roveyayinevi.com.tr\/index.php\/urun\/gizemli-ogretmen\/"},"modified":"2026-04-16T02:42:09","modified_gmt":"2026-04-15T23:42:09","slug":"gizemli-ogretmen","status":"publish","type":"product","link":"https:\/\/roveyayinevi.com.tr\/index.php\/urun\/gizemli-ogretmen\/","title":{"rendered":"Gizemli \u00d6\u011fretmen"},"content":{"rendered":"<p>&#8220;Hayatta en b\u00fcy\u00fck \u015fans k\u00fc\u00e7\u00fckken iyi bir \u00f6\u011fretmene rastlamakt\u0131r.&#8221; \u0130smail, gelece\u011fe dair hayalleri olan bir k\u00f6y \u00e7ocu\u011fu. Okula yeniden ba\u015flamay\u0131 \u00fcmitle bekliyor.  \u0130smail&#8217;in hayat\u0131 okula gelen yeni \u00f6\u011fretmen ile de\u011fi\u015fiyor. Mustafa \u00d6\u011fretmen, \u0130smail\u2019in tan\u0131d\u0131\u011f\u0131 di\u011fer \u00f6\u011fretmenlere hi\u00e7 benzemiyor. Ye\u015fil karavan\u0131n\u0131n camlar\u0131 siyah filmle kapl\u0131 ve tekerleri her zaman \u00e7amur i\u00e7inde. T\u00fcm bunlar yetmezmi\u015f gibi okulun sevimli k\u00f6pe\u011fi Re\u00e7el de s\u00fcrekli karavan\u0131 kokluyor.  Arkada\u015flar\u0131 daha ilk g\u00fcnden \u00f6\u011fretmenlerinin karanl\u0131k yanlar\u0131 oldu\u011funu d\u00fc\u015f\u00fcn\u00fcyor. \u0130smail uzun zamand\u0131r bekledi\u011fi yeni \u00f6\u011fretmeni kaybetmemek i\u00e7in arkada\u015flar\u0131n\u0131n \u015f\u00fcphelerini bo\u015fa \u00e7\u0131karmal\u0131. Peki, &#8220;\u0130smail&#8221; \u00f6\u011fretmenin okulda kalmas\u0131n\u0131 sa\u011flayabilecek mi?<\/p>\n","protected":false},"excerpt":{"rendered":"<p>&#8220;Hayatta en b\u00fcy\u00fck \u015fans k\u00fc\u00e7\u00fckken iyi bir \u00f6\u011fretmene rastlamakt\u0131r.&#8221; \u0130smail, gelece\u011fe dair hayalleri olan bir k\u00f6y \u00e7ocu\u011fu. Okula yeniden ba\u015flamay\u0131 \u00fcmitle bekliyor. \u0130smail&#8217;in hayat\u0131 okula gelen<span class=\"excerpt-hellip\"> [\u2026]<\/span><\/p>\n","protected":false},"featured_media":0,"template":"","meta":{"_monsterinsights_skip_tracking":false,"_monsterinsights_sitenote_active":false,"_monsterinsights_sitenote_note":"","_monsterinsights_sitenote_category":0},"product_brand":[],"product_cat":[12275,12274],"product_tag":[],"class_list":{"0":"post-734494","1":"product","2":"type-product","3":"status-publish","5":"product_cat-6-12-yas-kitaplari","6":"product_cat-cocuk-ve-genclik-kitaplari","7":"pa_cilt-ciltsiz","8":"pa_tur-kitap","9":"pa_yayinevi-genc-timas","10":"pa_yazar-mehmet-ozcan","12":"first","13":"instock","14":"sale","15":"shipping-taxable","16":"purchasable","17":"product-type-simple"},"_links":{"self":[{"href":"https:\/\/roveyayinevi.com.tr\/index.php\/wp-json\/wp\/v2\/product\/734494","targetHints":{"allow":["GET"]}}],"collection":[{"href":"https:\/\/roveyayinevi.com.tr\/index.php\/wp-json\/wp\/v2\/product"}],"about":[{"href":"https:\/\/roveyayinevi.com.tr\/index.php\/wp-json\/wp\/v2\/types\/product"}],"wp:attachment":[{"href":"https:\/\/roveyayinevi.com.tr\/index.php\/wp-json\/wp\/v2\/media?parent=734494"}],"wp:term":[{"taxonomy":"product_brand","embeddable":true,"href":"https:\/\/roveyayinevi.com.tr\/index.php\/wp-json\/wp\/v2\/product_brand?post=734494"},{"taxonomy":"product_cat","embeddable":true,"href":"https:\/\/roveyayinevi.com.tr\/index.php\/wp-json\/wp\/v2\/product_cat?post=734494"},{"taxonomy":"product_tag","embeddable":true,"href":"https:\/\/roveyayinevi.com.tr\/index.php\/wp-json\/wp\/v2\/product_tag?post=734494"}],"curies":[{"name":"wp","href":"https:\/\/api.w.org\/{rel}","templated":true}]}}