{"id":734493,"date":"2025-08-27T22:29:31","date_gmt":"2025-08-27T19:29:31","guid":{"rendered":"https:\/\/roveyayinevi.com.tr\/index.php\/urun\/beyaz-odadaki-cocuk\/"},"modified":"2026-04-16T02:42:09","modified_gmt":"2026-04-15T23:42:09","slug":"beyaz-odadaki-cocuk","status":"publish","type":"product","link":"https:\/\/roveyayinevi.com.tr\/index.php\/urun\/beyaz-odadaki-cocuk\/","title":{"rendered":"Beyaz Odadaki \u00c7ocuk"},"content":{"rendered":"<p>Kim oldu\u011funu bilmiyor, nerede oldu\u011funu bilmiyor, kime g\u00fcvenece\u011fi hakk\u0131nda hi\u00e7bir fikri yok!Manuel zihni gibi bo\u015f, beyaz bir odada g\u00f6zlerini a\u00e7ar. Kim oldu\u011fu ve oraya nas\u0131l geldi\u011fi hakk\u0131nda hi\u00e7bir \u015fey hat\u0131rlamaz. Kendisiyle ileti\u015fim kuran tek ki\u015fiyse bilgisayar taraf\u0131ndan olu\u015fturulmu\u015f Alice adl\u0131 yapay bir ses. Manuel yava\u015f yava\u015f ba\u015f\u0131na gelenleri \u00e7\u00f6zmeye ba\u015flar: Ka\u00e7\u0131r\u0131ld\u0131 m\u0131 yoksa oldu\u011fu yer evi mi? D\u00fcnyada ger\u00e7ekten yapayaln\u0131z m\u0131, bir ailesi var m\u0131? Alice&#8217;ten \u00f6\u011frendikleri do\u011fru mu?Manuel asl\u0131nda kim? \u00c7oksatan gen\u00e7lik kitaplar\u0131 yazar\u0131 Karl Olsberg\u2019in yapay zek\u00e2y\u0131 ve teknolojiyi sanal bir d\u00fcnyada, kavislerle dolu bir olay \u00f6rg\u00fcs\u00fcyle yo\u011furdu\u011fu bilim kurgu t\u00fcr\u00fcndeki bu e\u015fsiz eseri elinizden b\u0131rakamayacaks\u0131n\u0131z. &#8220;\u015ea\u015f\u0131rt\u0131c\u0131 derecede b\u00fcy\u00fcleyici olmas\u0131 bir yana, felsefi derinli\u011fe sahip bir eser. \u00d6m\u00fcr boyu haf\u0131zan\u0131zda yer edecek kitaplardan biri.&#8221;Andreas Eschbach, Yazar<\/p>\n","protected":false},"excerpt":{"rendered":"<p>Kim oldu\u011funu bilmiyor, nerede oldu\u011funu bilmiyor, kime g\u00fcvenece\u011fi hakk\u0131nda hi\u00e7bir fikri yok!Manuel zihni gibi bo\u015f, beyaz bir odada g\u00f6zlerini a\u00e7ar. Kim oldu\u011fu ve oraya nas\u0131l geldi\u011fi<span class=\"excerpt-hellip\"> [\u2026]<\/span><\/p>\n","protected":false},"featured_media":0,"template":"","meta":{"_monsterinsights_skip_tracking":false,"_monsterinsights_sitenote_active":false,"_monsterinsights_sitenote_note":"","_monsterinsights_sitenote_category":0},"product_brand":[],"product_cat":[12291,15117],"product_tag":[],"class_list":{"0":"post-734493","1":"product","2":"type-product","3":"status-publish","5":"product_cat-edebiyat","6":"product_cat-genclik-edebiyati","7":"pa_cilt-ciltsiz","8":"pa_tur-kitap","9":"pa_yayinevi-genc-timas","10":"pa_yazar-karl-olsberg","12":"first","13":"instock","14":"sale","15":"shipping-taxable","16":"purchasable","17":"product-type-simple"},"_links":{"self":[{"href":"https:\/\/roveyayinevi.com.tr\/index.php\/wp-json\/wp\/v2\/product\/734493","targetHints":{"allow":["GET"]}}],"collection":[{"href":"https:\/\/roveyayinevi.com.tr\/index.php\/wp-json\/wp\/v2\/product"}],"about":[{"href":"https:\/\/roveyayinevi.com.tr\/index.php\/wp-json\/wp\/v2\/types\/product"}],"wp:attachment":[{"href":"https:\/\/roveyayinevi.com.tr\/index.php\/wp-json\/wp\/v2\/media?parent=734493"}],"wp:term":[{"taxonomy":"product_brand","embeddable":true,"href":"https:\/\/roveyayinevi.com.tr\/index.php\/wp-json\/wp\/v2\/product_brand?post=734493"},{"taxonomy":"product_cat","embeddable":true,"href":"https:\/\/roveyayinevi.com.tr\/index.php\/wp-json\/wp\/v2\/product_cat?post=734493"},{"taxonomy":"product_tag","embeddable":true,"href":"https:\/\/roveyayinevi.com.tr\/index.php\/wp-json\/wp\/v2\/product_tag?post=734493"}],"curies":[{"name":"wp","href":"https:\/\/api.w.org\/{rel}","templated":true}]}}